{"id":2487,"date":"2024-03-14T10:54:35","date_gmt":"2024-03-14T10:54:35","guid":{"rendered":"https:\/\/www.incredible-tours.hr\/?post_type=product&#038;p=2487"},"modified":"2024-03-28T10:10:25","modified_gmt":"2024-03-28T10:10:25","slug":"toskana-i-cinque-terre","status":"publish","type":"product","link":"https:\/\/www.incredible-tours.hr\/de\/putovanja\/toskana-i-cinque-terre\/","title":{"rendered":"TOSKANA I CINQUE TERRE"},"content":{"rendered":"<p>1. DAN: ZAGREB, KARLOVAC, RIJEKA &#8211; BOLOGNA<br \/>\nPolazak autobusa iz Zagreba u 05:00h s Glavnog kolodvora (detalji u zavr\u0161noj obavijesti dva dana prije polaska), u 05:45 sati iz Karlovca (Petrol benz. postaja kod naplatnih ku\u0107ica &#8211; obvezna najava), te u 07:30 sati iz Rijeke s odmori\u0161ta Vrata Jadrana (obvezna najava). Ugodna vo\u017enja kroz Sloveniju i Italiju s povremenim pauzama. Sti\u017eemo u BOLOGNU; grad fantasti\u010dne arhitekture, sveu\u010dili\u0161ta i umjetnosti. Obilazak: NEPTUNOVE FONTANE; PIAZZA MAGGIORE, omiljeno sastajali\u0161te lokalnog stanovni\u0161ta na kojem se nalaze dvije velike znamenitosti: PALA\u010cA D&#8217;ACCURSIO i BAZILIKA SV. PETRONIJA. \u0160etnja do PALA\u010cE DELL&#8217;ARCHIGINASSIO gdje je osnovano najstarije sveu\u010dili\u0161te na svijetu, posjet tr\u017enici QUADRILATERO koja je u srednjem vijeku bila srce starog grada, PIAZZA SAN STEFANO na kojoj se nalazi \u010dak sedam crkvica i dva najvi\u0161a tornja u Bologni. Slobodno vrijeme za u\u017eivanje u Bologni koja je na glasu kao jedan od gradova s najljep\u0161im gradskim sredi\u0161tem u Europi. Nastavak puta. Smje\u0161taj u hotel. No\u0107enje.<\/p>\n<p>2. DAN: CINQUE TERRE (pro\u0161ireni program)<\/p>\n<p>Vrijednost vi\u0161e: bogat cjelodnevni program u Cinque Terre s obilaskom svih obalnih mjesta od kojih je svako posebno na svoj na\u010din: Riomaggiore, Manarola, te neizostavni Vernazza i Monterosso!<\/p>\n<p>Dodatna pogodnost: kroz Cinque Terre imate &#8222;Cinque Terre card&#8220; koji omogu\u0107uje pristup nezaboravnim panoramskim \u0161etnicama, neograni\u010dene vo\u017enje me\u0111u mjestima i besplatan Wi-Fi Internet u Cinque Terre!<\/p>\n<p>Nakon doru\u010dka odlazimo do LA SPEZIE, od kuda kre\u0107emo u obilazak Cinque Terre, skupini ribarskih mjesta\u0161aca uvr\u0161tenih na UNESCO popis za\u0161ti\u0107ene svjetske ba\u0161tine zbog svoje iznimne prirodne ljepote. Unutar Cinque Terre se kre\u0107emo vlakom, a vo\u017enja me\u0111u mjestima traje po par minuta i pru\u017ea nezaboravan pogled na vapnena\u010dke stijene i azurno plave uvale ligurske obale. Razgled zapo\u010dinjemo odlaskom u RIOMAGGIORE, gradi\u0107 bogate povijesti koji se ponosi utvrdom iz 15. stolje\u0107a. Nastavljamo do MANAROLE koja \u0107e vas odu\u0161eviti pogledom na \u0161arene ku\u0107ice smje\u0161tene po kamenim stjenama nad samim morem.<\/p>\n<p>Slijedi odlazak u VERNAZZU, pitoreskno ribarsko selo i po mnogima najljep\u0161e mjesto Cinque Terre sa starom saracenskom utvrdom i brojnim odli\u010dnim restoranima, gdje \u0107emo napraviti pauzu za ru\u010dak. Dolazak u MONTEROSSO, najve\u0107e i potpuno druk\u010dije od svih ostalih mjesta, poznato po najljep\u0161im pla\u017eama, prekrasnoj katedrali i ru\u0161evinama srednjovjekovnog dvorca. Povratak u La Speziu, te vo\u017enja autobusom do hotela. No\u0107enje.<\/p>\n<p>3. DAN: PRATO &#8211; FIRENZA<br \/>\nDoru\u010dak. Odlazak autobusom agencije u kra\u0107i razgled drugog najve\u0107eg grada Toskane, PRATO-a, od kuda potje\u010du mnogi toskanski specijaliteti poput Cantuccia (\u010duvenih kola\u010di\u0107a s bademima). Obilazak glavnih gradskih znamenitosti: KATEDRALA SV. STJEPANA, BAKUSOVA FONTANA, PALA\u010cA COMUNALE i PRETORIA, TRG SV. MARKA i TVR\u0110AVA SV. BARBARE. Kra\u0107e slobodno vrijeme.<\/p>\n<p>Odlazak na upoznavanje najve\u0107eg i glavnog grada Toskane, FIRENZE. Za potpuni do\u017eivljaj, u samo sredi\u0161te Firenze \u0107emo u\u0107i na najbolji mogu\u0107i na\u010din, vlakom koji \u0107e nam omogu\u0107iti zna\u010dajnu u\u0161tedu na vremenu. Po dolasku idemo u razgled najve\u0107ih gradskih znamenitosti s lokalnim vodi\u010dem uz kori\u0161tenje slu\u0161alica koje omogu\u0107uju da se raspr\u0161ite i potpuno u\u017eivate u znamenitostima: crkva SANTA MARIA NOVELLA; KAPELA MEDICI; crkva SAN LORENZO; KATEDRALA \u010duvena po mnogim poznatim umjetnicima koji su radili na njoj; ZVONIK; PIAZZE SIGNORIA; PALAZZO VECCHIO; GALERIJA UFIZZI, najpoznatija svjetska galerija koja \u010duva djela Botticellia, Giotta, Rafaela i Da Vincia, CRKVA SANTA CROCE i kona\u010dno \u0161e\u0107er na kraju, PONTE VECCHIO, svjetski poznati most preko rijeke Arno i jedan od simbola Firenze. Slobodno vrijeme. Predla\u017eemo posjet galeriji Uffizi, memorijalnoj kapeli obitelji Medici ili \u0161etnju skrivenim dijelovima grada; ku\u0161ajte poznate florentinske tripice, pijuckajte chianti i probajte originalni talijanski gelato. Povratak u hotel. No\u0107enje.<\/p>\n<p>4. DAN: LUCCA &#8211; PISA &#8211; RIJEKA, ZAGREB<br \/>\nDoru\u010dak. Odjava iz hotela i vo\u017enja do LUCCE, rodnog grada skladatelja Giacoma Puccinia i jednog od najljep\u0161ih toskanskih gradi\u0107a. Obilazak renesansne gradske jezgre: ZIDINE grada Lucce koje su slu\u017eile za obranu grada od neprijatelja ve\u0107 od poplava rijeke Serchio, a danas \u010dine veli\u010danstveni prsten oko grada u duljini od \u010detiri kilometra, KATEDRALA SV. MARTINA, CRKVA SV. MIHAELA, PALLAZO i TORANJ GUINIGI, najvi\u0161i toranj u gradu s kojeg puca predivna panorama toskanskog krajolika. Slobodno vrijeme. Predla\u017eemo fakultativni izlet u PISU koja odu\u0161evljava svojom jedinstvenom arhitekturom i bogatom povije\u0161\u0107u. Po dolasku obilazak zapo\u010dinjemo na trgu PIAZZA DEI MIRACOLI na kojem se, kako mu samo ime ka\u017ee, nalaze doista \u010dudesne gra\u0111evine. Obi\u0107i \u0107emo i KOSI TORANJ, jednu od najprepoznatljvijih gra\u0111evina na svijetu, KRSTIONICU, te KATEDRALU iz 11 st. dugu preko stotinu metara, kao i monumentalno groblje CAMPOSANTO \u010diji su zidovi ukra\u0161eni prekrasnim goti\u010dkim freskama. Slobodno vrijeme za u\u017eivanje u ovom uistinu posebnom gradi\u0107u. Povratak u Luccu i polazak prema Hrvatskoj. Dolazak u Rijeku u ve\u010dernjim satima, te u Zagreb u no\u0107nim satima.<\/p>\n","protected":false},"excerpt":{"rendered":"<p>Upoznajte Toskanu i do\u017eivite jedinstvene gradi\u0107e Cinque Terre<\/p>\n","protected":false},"featured_media":2490,"comment_status":"open","ping_status":"closed","template":"","meta":{"_acf_changed":false},"product_brand":[],"product_cat":[114,125,61,76],"product_tag":[],"class_list":{"0":"post-2487","1":"product","2":"type-product","3":"status-publish","4":"has-post-thumbnail","6":"product_cat-europska-putovanja","7":"product_cat-inozemstvo","8":"product_cat-putovanja","9":"product_cat-toskana","11":"first","12":"instock","13":"shipping-taxable","14":"purchasable","15":"product-type-simple"},"ams_default_variation_id":0,"ams_product_points_reward":[],"ams_product_discount_percentage":0,"ams_price_to_display":197,"acf":[],"ams_acf":[{"key":"google_maps","label":"google maps","value":"<iframe src=\"https:\/\/www.google.com\/maps\/embed?pb=!1m18!1m12!1m3!1d1485520.6764056783!2d9.7073637816757!3d43.347584562426256!2m3!1f0!2f0!3f0!3m2!1i1024!2i768!4f13.1!3m3!1m2!1s0x12d42b531080347b%3A0xbac6c3ba5b2059ab!2sToskana%2C%20Italija!5e0!3m2!1shr!2shr!4v1710414009741!5m2!1shr!2shr\" width=\"100%\" height=\"450\" style=\"border:0;\" allowfullscreen=\"\" loading=\"lazy\" referrerpolicy=\"no-referrer-when-downgrade\"><\/iframe>"}],"yoast_head":"<!-- This site is optimized with the Yoast SEO plugin v25.3 - https:\/\/yoast.com\/wordpress\/plugins\/seo\/ -->\n<title>TOSKANA I CINQUE TERRE - Incredible Croatia Tours<\/title>\n<meta name=\"robots\" content=\"index, follow, max-snippet:-1, max-image-preview:large, max-video-preview:-1\" \/>\n<link rel=\"canonical\" href=\"https:\/\/www.incredible-tours.hr\/de\/putovanja\/toskana-i-cinque-terre\/\" \/>\n<meta property=\"og:locale\" content=\"de_DE\" \/>\n<meta property=\"og:type\" content=\"article\" \/>\n<meta property=\"og:title\" content=\"TOSKANA I CINQUE TERRE - Incredible Croatia Tours\" \/>\n<meta property=\"og:description\" content=\"Upoznajte Toskanu i do\u017eivite jedinstvene gradi\u0107e Cinque Terre\" \/>\n<meta property=\"og:url\" content=\"https:\/\/www.incredible-tours.hr\/de\/putovanja\/toskana-i-cinque-terre\/\" \/>\n<meta property=\"og:site_name\" content=\"Incredible Croatia Tours\" \/>\n<meta property=\"article:modified_time\" content=\"2024-03-28T10:10:25+00:00\" \/>\n<meta property=\"og:image\" content=\"https:\/\/www.incredible-tours.hr\/wp-content\/uploads\/2024\/03\/toskana-cinque-terre-v2.jpg\" \/>\n\t<meta property=\"og:image:width\" content=\"970\" \/>\n\t<meta property=\"og:image:height\" content=\"460\" \/>\n\t<meta property=\"og:image:type\" content=\"image\/jpeg\" \/>\n<meta name=\"twitter:card\" content=\"summary_large_image\" \/>\n<meta name=\"twitter:label1\" content=\"Gesch\u00e4tzte Lesezeit\" \/>\n\t<meta name=\"twitter:data1\" content=\"4\u00a0Minuten\" \/>\n<script type=\"application\/ld+json\" class=\"yoast-schema-graph\">{\"@context\":\"https:\/\/schema.org\",\"@graph\":[{\"@type\":\"WebPage\",\"@id\":\"https:\/\/www.incredible-tours.hr\/de\/putovanja\/toskana-i-cinque-terre\/\",\"url\":\"https:\/\/www.incredible-tours.hr\/de\/putovanja\/toskana-i-cinque-terre\/\",\"name\":\"TOSKANA I CINQUE TERRE - Incredible Croatia Tours\",\"isPartOf\":{\"@id\":\"https:\/\/www.incredible-tours.hr\/de\/#website\"},\"primaryImageOfPage\":{\"@id\":\"https:\/\/www.incredible-tours.hr\/de\/putovanja\/toskana-i-cinque-terre\/#primaryimage\"},\"image\":{\"@id\":\"https:\/\/www.incredible-tours.hr\/de\/putovanja\/toskana-i-cinque-terre\/#primaryimage\"},\"thumbnailUrl\":\"https:\/\/www.incredible-tours.hr\/wp-content\/uploads\/2024\/03\/toskana-cinque-terre-v2.jpg\",\"datePublished\":\"2024-03-14T10:54:35+00:00\",\"dateModified\":\"2024-03-28T10:10:25+00:00\",\"breadcrumb\":{\"@id\":\"https:\/\/www.incredible-tours.hr\/de\/putovanja\/toskana-i-cinque-terre\/#breadcrumb\"},\"inLanguage\":\"de\",\"potentialAction\":[{\"@type\":\"ReadAction\",\"target\":[\"https:\/\/www.incredible-tours.hr\/de\/putovanja\/toskana-i-cinque-terre\/\"]}]},{\"@type\":\"ImageObject\",\"inLanguage\":\"de\",\"@id\":\"https:\/\/www.incredible-tours.hr\/de\/putovanja\/toskana-i-cinque-terre\/#primaryimage\",\"url\":\"https:\/\/www.incredible-tours.hr\/wp-content\/uploads\/2024\/03\/toskana-cinque-terre-v2.jpg\",\"contentUrl\":\"https:\/\/www.incredible-tours.hr\/wp-content\/uploads\/2024\/03\/toskana-cinque-terre-v2.jpg\",\"width\":970,\"height\":460},{\"@type\":\"BreadcrumbList\",\"@id\":\"https:\/\/www.incredible-tours.hr\/de\/putovanja\/toskana-i-cinque-terre\/#breadcrumb\",\"itemListElement\":[{\"@type\":\"ListItem\",\"position\":1,\"name\":\"Po\u010detna stranica\",\"item\":\"https:\/\/www.incredible-tours.hr\/de\/unglaubliche-kroatien-touren\/\"},{\"@type\":\"ListItem\",\"position\":2,\"name\":\"Shop\",\"item\":\"https:\/\/www.incredible-tours.hr\/de\/shop\/\"},{\"@type\":\"ListItem\",\"position\":3,\"name\":\"TOSKANA I CINQUE TERRE\"}]},{\"@type\":\"WebSite\",\"@id\":\"https:\/\/www.incredible-tours.hr\/de\/#website\",\"url\":\"https:\/\/www.incredible-tours.hr\/de\/\",\"name\":\"Incredible Croatia Tours\",\"description\":\"Izleti i Putovanja\",\"potentialAction\":[{\"@type\":\"SearchAction\",\"target\":{\"@type\":\"EntryPoint\",\"urlTemplate\":\"https:\/\/www.incredible-tours.hr\/de\/?s={search_term_string}\"},\"query-input\":{\"@type\":\"PropertyValueSpecification\",\"valueRequired\":true,\"valueName\":\"search_term_string\"}}],\"inLanguage\":\"de\"}]}<\/script>\n<!-- \/ Yoast SEO plugin. -->","yoast_head_json":{"title":"TOSKANA I CINQUE TERRE - Incredible Croatia Tours","robots":{"index":"index","follow":"follow","max-snippet":"max-snippet:-1","max-image-preview":"max-image-preview:large","max-video-preview":"max-video-preview:-1"},"canonical":"https:\/\/www.incredible-tours.hr\/de\/putovanja\/toskana-i-cinque-terre\/","og_locale":"de_DE","og_type":"article","og_title":"TOSKANA I CINQUE TERRE - Incredible Croatia Tours","og_description":"Upoznajte Toskanu i do\u017eivite jedinstvene gradi\u0107e Cinque Terre","og_url":"https:\/\/www.incredible-tours.hr\/de\/putovanja\/toskana-i-cinque-terre\/","og_site_name":"Incredible Croatia Tours","article_modified_time":"2024-03-28T10:10:25+00:00","og_image":[{"width":970,"height":460,"url":"https:\/\/www.incredible-tours.hr\/wp-content\/uploads\/2024\/03\/toskana-cinque-terre-v2.jpg","type":"image\/jpeg"}],"twitter_card":"summary_large_image","twitter_misc":{"Gesch\u00e4tzte Lesezeit":"4\u00a0Minuten"},"schema":{"@context":"https:\/\/schema.org","@graph":[{"@type":"WebPage","@id":"https:\/\/www.incredible-tours.hr\/de\/putovanja\/toskana-i-cinque-terre\/","url":"https:\/\/www.incredible-tours.hr\/de\/putovanja\/toskana-i-cinque-terre\/","name":"TOSKANA I CINQUE TERRE - Incredible Croatia Tours","isPartOf":{"@id":"https:\/\/www.incredible-tours.hr\/de\/#website"},"primaryImageOfPage":{"@id":"https:\/\/www.incredible-tours.hr\/de\/putovanja\/toskana-i-cinque-terre\/#primaryimage"},"image":{"@id":"https:\/\/www.incredible-tours.hr\/de\/putovanja\/toskana-i-cinque-terre\/#primaryimage"},"thumbnailUrl":"https:\/\/www.incredible-tours.hr\/wp-content\/uploads\/2024\/03\/toskana-cinque-terre-v2.jpg","datePublished":"2024-03-14T10:54:35+00:00","dateModified":"2024-03-28T10:10:25+00:00","breadcrumb":{"@id":"https:\/\/www.incredible-tours.hr\/de\/putovanja\/toskana-i-cinque-terre\/#breadcrumb"},"inLanguage":"de","potentialAction":[{"@type":"ReadAction","target":["https:\/\/www.incredible-tours.hr\/de\/putovanja\/toskana-i-cinque-terre\/"]}]},{"@type":"ImageObject","inLanguage":"de","@id":"https:\/\/www.incredible-tours.hr\/de\/putovanja\/toskana-i-cinque-terre\/#primaryimage","url":"https:\/\/www.incredible-tours.hr\/wp-content\/uploads\/2024\/03\/toskana-cinque-terre-v2.jpg","contentUrl":"https:\/\/www.incredible-tours.hr\/wp-content\/uploads\/2024\/03\/toskana-cinque-terre-v2.jpg","width":970,"height":460},{"@type":"BreadcrumbList","@id":"https:\/\/www.incredible-tours.hr\/de\/putovanja\/toskana-i-cinque-terre\/#breadcrumb","itemListElement":[{"@type":"ListItem","position":1,"name":"Po\u010detna stranica","item":"https:\/\/www.incredible-tours.hr\/de\/unglaubliche-kroatien-touren\/"},{"@type":"ListItem","position":2,"name":"Shop","item":"https:\/\/www.incredible-tours.hr\/de\/shop\/"},{"@type":"ListItem","position":3,"name":"TOSKANA I CINQUE TERRE"}]},{"@type":"WebSite","@id":"https:\/\/www.incredible-tours.hr\/de\/#website","url":"https:\/\/www.incredible-tours.hr\/de\/","name":"Incredible Croatia Tours","description":"Izleti i Putovanja","potentialAction":[{"@type":"SearchAction","target":{"@type":"EntryPoint","urlTemplate":"https:\/\/www.incredible-tours.hr\/de\/?s={search_term_string}"},"query-input":{"@type":"PropertyValueSpecification","valueRequired":true,"valueName":"search_term_string"}}],"inLanguage":"de"}]}},"_links":{"self":[{"href":"https:\/\/www.incredible-tours.hr\/de\/wp-json\/wp\/v2\/product\/2487","targetHints":{"allow":["GET"]}}],"collection":[{"href":"https:\/\/www.incredible-tours.hr\/de\/wp-json\/wp\/v2\/product"}],"about":[{"href":"https:\/\/www.incredible-tours.hr\/de\/wp-json\/wp\/v2\/types\/product"}],"replies":[{"embeddable":true,"href":"https:\/\/www.incredible-tours.hr\/de\/wp-json\/wp\/v2\/comments?post=2487"}],"wp:featuredmedia":[{"embeddable":true,"href":"https:\/\/www.incredible-tours.hr\/de\/wp-json\/wp\/v2\/media\/2490"}],"wp:attachment":[{"href":"https:\/\/www.incredible-tours.hr\/de\/wp-json\/wp\/v2\/media?parent=2487"}],"wp:term":[{"taxonomy":"product_brand","embeddable":true,"href":"https:\/\/www.incredible-tours.hr\/de\/wp-json\/wp\/v2\/product_brand?post=2487"},{"taxonomy":"product_cat","embeddable":true,"href":"https:\/\/www.incredible-tours.hr\/de\/wp-json\/wp\/v2\/product_cat?post=2487"},{"taxonomy":"product_tag","embeddable":true,"href":"https:\/\/www.incredible-tours.hr\/de\/wp-json\/wp\/v2\/product_tag?post=2487"}],"curies":[{"name":"wp","href":"https:\/\/api.w.org\/{rel}","templated":true}]}}