{"id":2463,"date":"2024-03-14T10:26:35","date_gmt":"2024-03-14T10:26:35","guid":{"rendered":"https:\/\/www.incredible-tours.hr\/?post_type=product&#038;p=2463"},"modified":"2024-03-28T10:10:27","modified_gmt":"2024-03-28T10:10:27","slug":"svicarska-carolija","status":"publish","type":"product","link":"https:\/\/www.incredible-tours.hr\/en\/putovanja\/svicarska-carolija\/","title":{"rendered":"\u0160vicarska \u010darolija"},"content":{"rendered":"<p>DAN 1<br \/>\nZagreb \u2013 Z\u00fcrich &#8211; Luzern<\/p>\n<p>SUSRET SA \u0160VICARSKOM &#8211; KOLIJEVKA KONFEDERACIJE<br \/>\nSastanak putnika u Zra\u010dnoj luci u Zagrebu 2 sata prije polaska. Prijava na let Croatia Airlines OU 460 u 09.15 sati s dolaskom u Z\u00fcrich u 10.45 sati. Vo\u017enja do Luzerna (cca 50 km) na prekrasnom jezeru Vierwaldst\u00e4ttersee. Predla\u017eemo odlazak na glavnu atrakciju- fakultativni izlet \u201ePILATUS\u201c (doplata): ukrcaj na brod, vo\u017enja jezerom s pogledom na slikovita naselja u zelenim dolinama u podno\u017eju Alpi. Iskrcaj iz broda kod Alpenachstada, nastavak najstrmijom brdskom \u017eeljeznicom na svijetu (48\u00ba) do vrha planine Pilatus (2.132 m.) s pogledom na 73 alpska vrha i brojna jezera. Slobodno vrijeme za kratku \u0161etnju i predah u restoranu s panoramskim pogledom. Povratak \u017ei\u010darom do Kriensa, kratka vo\u017enja autobusom do centra Luzerna, \u0161etnja \u201dpovijesnom kolijevkom\u201d \u0160vicarske: stari gradski trgovi, zidine, renesansna gradska vije\u0107nica, Vodeni toranj, slavni zatvoreni most Spreuerbr\u00fccke, Kapellbr\u00fccke, Hofkirche Sv. Leodegar odakle je prva \u0161vicarska garda nakon Bo\u017ei\u0107a 1505.god. pje\u0161ice krenula prema Rimu, spomenik \u0160vicarskom lavu danskog skulptora Thorvaldsena i kulturno-kongresni centar Jeana Nouvela &#8211; \u010dudo high-tech arhitekture. Vo\u017enja do hotela u okolici Luzerna, smje\u0161taj u sobe. No\u0107enje.<\/p>\n<p>DAN 2<br \/>\nLuzern \u2013 Sankt Moritz \u2013 Lugano<\/p>\n<p>OD RETOROMANSKIH LEDENJAKA DO PALMI MEDITERANA<br \/>\nDoru\u010dak. Odjava iz hotela. Vo\u017enja kroz gore Isto\u010dne \u0160vicarske prema jedinom retoromanskom kantonu Graub\u00fcnden do mondenog i glamuroznog zimskog centra Sankt Moritz kojeg posje\u0107uju milijarderi i zvijezde i gdje je snimljen jedan od najboljih James Bond filmova &#8220;\u0160pijun koji me volio&#8221;. Nakon kratkog predaha za \u0161etnju ili ru\u010dak, odlazak do polazne to\u010dke specijalnog gorskog panoramskog vlaka BERNINA EXPRESS, slijedi najslikovitija vo\u017enja vlakom na svijetu (cca 2 sata) \u010diji je dio pruge kojom prolazi upisan na popis UNESCO-ve svjetske ba\u0161tine. Vlak se penje na preko 2250 m u svijet alpskih ledenjaka (Tschierva, Pers, Morteratsch) i jezera oko gorskog vrha Bernina (4048 m) s povremenim foto-stajanjima na visinskim postajama Pontresina, Ospizio Bernina i Poschiavo, da bi vijugaju\u0107i kroz \u010darobnu Engadinsku dolinu stigli u topli, mediteranski Tirano na sun\u010danoj strani Retskih Alpi. Nastavak vo\u017enje autobusom uz jezero Como do gradi\u0107a Lugano (\u0161vicarski \u201eMonte Carlo\u201c) u najju\u017enijem talijanskom kantonu Ticino. Smje\u0161taj u hotel. Odlazak u ve\u010dernju \u0161etnju gradom uz \u010darobno jezero Lago di Lugano poznato po prekrasnim vilama, vrtovima i luksuznim hotelima do \u0161armantne starogradske jezgre i glavnog gradskog trga Piazza della Riforma te znamenitosti: katedrala Sv. Lovre, Casino, Palazzo Civico &#8211; Villa Cianni, Parco Civico, Museo Cantonale del Arte.\u00a0 No\u0107enje.<\/p>\n<p>DAN 3<br \/>\nLugano &#8211; Montreux \u2013 Gen\u00e8ve<\/p>\n<p>ALPSKA AVANTURA VISOVIMA TALIJANSKE I ROMANSKE \u0160VICARSKE<br \/>\nDoru\u010dak. Odjava iz hotela, nastavak autobusom prema francusko-jezi\u010dnom kantonu Valais. Vo\u017enja preko atraktivnih planinskih prijevoja Furka i Gletsch (2400 m) uz spektakularno gorje Jungfrau trasom na kojoj su snimani filmovi o James Bondu. Predah na gorskom odmori\u0161tu uz Rhonengletscher (2200m) gdje iz golemog ledenjaka izvire mo\u0107na rijeka Rh\u00f4na. Poslijepodne sti\u017eemo do Lemanskog (\u017denevskog) jezera, pogled na legendarni zamak Ch\u00e2teau de Chillon, mjesto radnje poznatog Byronovog spjeva &#8220;Zato\u010denik slobode&#8221;. Nastavak vo\u017enje prema kantonu Vaud i Montreuxu, \u017eivopisnom elitnom ljetovali\u0161tu, prijestolnici jazz glazbe i doma\u0107inu svjetski poznatog festivala Zlatna ru\u017ea Montreuxa. Po dolasku, \u0161etnja uz jezero romanti\u010dnom \u0161etnicom sa \u0161arolikim nasadima sezonskog cvije\u0107a, ukrasnog grmlja i raznih vrsta drve\u0107a, pored spomenika Freddy Mercurryju i Charlie Chaplinu koji su tu proveli dio \u017eivota. Slobodno vrijeme za \u0161etnju i ru\u010dak. Nastavak vo\u017enje do \u017deneve, drugog po veli\u010dini i ekonomskoj mo\u0107i \u0161vicarskog grada i najve\u0107eg sredi\u0161ta Romanske \u0160vicarske. Panoramska vo\u017enja pored europskog sredi\u0161ta UN-Palais des Nations i zdanja WHO sredi\u0161tem grada do kolodvora Cornavin. Smje\u0161taj u hotel. Odlazak u ve\u010dernju \u0161etnju promenadom Mont Blanc uz jezero preko mosta gdje se Rh\u00f4na izlijeva iz Lemanskog jezera do jednog od amblema grada- Cvjetnog sata -L&#8217;Horloge fleurie. No\u0107enje.<\/p>\n<p>DAN 4<br \/>\nGen\u00e8ve-Gruy\u00e8res- Bern- Z\u0171rich<\/p>\n<p>R\u00d5STIGRABEN &#8211; OD ROMANSKE DO NJEMA\u010cKE \u0160VICARSKE<br \/>\nDoru\u010dak. Odlazak na razgled: Gornji grad, Vije\u0107nica-H\u00f4tel de Ville i katedrala St. Pierre. Posjet Zidu Reformacije gdje su skulpturama predstavljene istaknute osobnosti protestantskog pokreta. Nastavak do Bains des Paquis s pogledom\u00a0na vodoskok Jet\u00e9e d&#8217;Eau Vives. Slobodno vrijeme za \u0161etnju uz jezero. Nastavak vo\u017enje do Gruy\u00e8resa, \u017eivopisnog tipi\u010dno \u0161vicarskog brdskog gradi\u0107a poznatog po proizvodnji tvrdog sira Le Gruy\u00e8r (Grojer) pikantne note. \u0160etnja sredi\u0161tem s tradicionalnom alpskom arhitekturom, mogu\u0107nost kupnje sira u lokalnoj prodavaonici. Nastavak vo\u017enje, prelazimo slavni R\u00d6STIGRABEN, imaginarnu kulturno- gastronomsku granicu koja dijeli romanske kantone koji dominantno imaju na svom jelovniku fondue, od njema\u010dkih kojima su neizostavna gastronomska stavka r\u00f6sti. Nastavljamo prema \u201enjema\u010dkoj \u0160vicarskoj\u201c do Berna, glavnog grada \u0160vicarske Konfederacije, smje\u0161tenog na uzvisini opasanoj skoro u potpunosti rijekom Aare. \u0160etnja gradom, gdje \u0107e vas kamene ku\u0107ice, ulice i zdenci vratiti u srednji vijek. Cijelim gradom provla\u010de se poznate \u201eLauben Arkade\u201d koje mu, uz goti\u010dke fontane ukra\u0161ene zanimljivim srednjevjekovnim detaljima daju poseban ugo\u0111aj, koji je u ratovima razru\u0161enim starim europskim gradovima nepovratno nestao. Posjet B\u00e4rengrabenu, dijelu grada gdje se nalaze nastambe medvjeda po kojem su grad i kanton dobili ime. Stari dio grada nalazi se na UNESCO-ovoj listi svjetske ba\u0161tine. Razgled zavr\u0161ava na Trgu Konfederacije, gdje su smje\u0161tena zdanja klju\u010dnih konfederalnih institucija. Slobodno vrijeme za istra\u017eivanje grada. Vo\u017enja do Z\u0171richa, smje\u0161taj u hotel. Odlazak u ve\u010dernju \u0161etnju do centra grada javnim prijevozom. \u0160etnicom uz rijeku Limat dolazi se do tradicionalnog restorana \u201eZeughauskeller\u201c koji je istodobno i izlo\u017eba \u0161vicarskog srednjevjekovnog oklopa i oru\u017eja. Slobodno vrijeme. No\u0107ni \u017eivot Z\u00fcricha je vrlo bogat klubovima i doga\u0111anjima: Kreis 5, Hard One, ZIG-ZAG, Indochine. No\u0107enje.<\/p>\n<p>DAN 5<br \/>\nZ\u00fcrich &#8211; Zagreb<\/p>\n<p>ZU RICH ( PREBOGAT)<br \/>\nDoru\u010dak. Odlazak na razgled Z\u00fcricha, najve\u0107eg grada u \u0160vicarskoj i financijske prijestolnice: stara ribarska \u010detvrt Schipfe, Lindenhof- uzvisina na kojoj je u anti\u010dko doba bio smje\u0161ten rimski vojni logor Turicum, Crkva Sv. Petra s najve\u0107im satom u Europi, Niederdorf \u2013 Donji grad s uskim ulicama i trgovima, restoranima te \u010duvenim teatrom Cabaret Voltaire koji je tijekom I svjetskog rata, a i kasnije bio okupljali\u0161te avangardnih umjetnika ( Mondrian, Hans &amp; Sofia Arp, Duchamp,Kandinsky, Man Ray&#8230; ), u obli\u017enjoj Spiegelgasse u izbjegli\u0161tvu je \u017eivio kasniji vo\u0111a \u201eOktobarske revolucije\u201c Vladimir Ilji\u010d Lenjin sa suprugom Nade\u017edom Krupskom, simbol grada Grossm\u00fcnster gdje je protestanski vo\u0111a Zwingli pozivao na propovijedima u boj za reformu crkve, kip Karla Velikog koji je navodno posjetio ovo mjesto u IX st. te vitraji Augusta Giacomettia, Fraum\u00fcnster s vitrajima Marca Chagalla, zdanje Opere. Slobodno vrijeme, preporu\u010dujemo posjet \u201eKunsthaus Z\u00fcrich\u201d s djelima poznatih umjetnika: Monet, Van Gogh, Chagall, Munch ili vo\u017enju brodom po Ciri\u0161kom jezeru s pogledom na grad, sela i snijegom prekrivene vrhove Alpa. Povratak u hotel. Transfer autobusom do Zra\u010dne luke Z\u00fcrich, prijava na let za Zagreb OU 465 u 20.05 s dolaskom u 21.25.<\/p>\n","protected":false},"excerpt":{"rendered":"<p>\u0160vicarska iz Va\u0161e ma\u0161te &#8211; ledenjaci, Alpe i jezera<\/p>\n","protected":false},"featured_media":2464,"comment_status":"open","ping_status":"closed","template":"","meta":{"_acf_changed":false},"product_brand":[],"product_cat":[114,61,69],"product_tag":[],"class_list":{"0":"post-2463","1":"product","2":"type-product","3":"status-publish","4":"has-post-thumbnail","6":"product_cat-europska-putovanja","7":"product_cat-putovanja","8":"product_cat-svicarska","10":"first","11":"instock","12":"shipping-taxable","13":"purchasable","14":"product-type-simple"},"ams_default_variation_id":0,"ams_product_points_reward":[],"ams_product_discount_percentage":0,"ams_price_to_display":1270,"acf":[],"ams_acf":[{"key":"google_maps","label":"google maps","value":"<iframe src=\"https:\/\/www.google.com\/maps\/embed?pb=!1m18!1m12!1m3!1d1398238.866538441!2d6.902603294610166!3d46.80558064728137!2m3!1f0!2f0!3f0!3m2!1i1024!2i768!4f13.1!3m3!1m2!1s0x478c64ef6f596d61%3A0x5c56b5110fcb7b15!2s%C5%A0vicarska!5e0!3m2!1shr!2shr!4v1710412060743!5m2!1shr!2shr\" width=\"100%\" height=\"450\" style=\"border:0;\" allowfullscreen=\"\" loading=\"lazy\" referrerpolicy=\"no-referrer-when-downgrade\"><\/iframe>"}],"yoast_head":"<!-- This site is optimized with the Yoast SEO plugin v25.3 - https:\/\/yoast.com\/wordpress\/plugins\/seo\/ -->\n<title>\u0160vicarska \u010darolija - Incredible Croatia Tours<\/title>\n<meta name=\"robots\" content=\"index, follow, max-snippet:-1, max-image-preview:large, max-video-preview:-1\" \/>\n<link rel=\"canonical\" href=\"https:\/\/www.incredible-tours.hr\/en\/putovanja\/svicarska-carolija\/\" \/>\n<meta property=\"og:locale\" content=\"en_US\" \/>\n<meta property=\"og:type\" content=\"article\" \/>\n<meta property=\"og:title\" content=\"\u0160vicarska \u010darolija - Incredible Croatia Tours\" \/>\n<meta property=\"og:description\" content=\"\u0160vicarska iz Va\u0161e ma\u0161te - ledenjaci, Alpe i jezera\" \/>\n<meta property=\"og:url\" content=\"https:\/\/www.incredible-tours.hr\/en\/putovanja\/svicarska-carolija\/\" \/>\n<meta property=\"og:site_name\" content=\"Incredible Croatia Tours\" \/>\n<meta property=\"article:modified_time\" content=\"2024-03-28T10:10:27+00:00\" \/>\n<meta property=\"og:image\" content=\"https:\/\/www.incredible-tours.hr\/wp-content\/uploads\/2024\/03\/sara-groblechner-d5ahndl9jga-unsplash-1-y6ghdx-l-ecxbtq.jpg\" \/>\n\t<meta property=\"og:image:width\" content=\"1600\" \/>\n\t<meta property=\"og:image:height\" content=\"900\" \/>\n\t<meta property=\"og:image:type\" content=\"image\/jpeg\" \/>\n<meta name=\"twitter:card\" content=\"summary_large_image\" \/>\n<meta name=\"twitter:label1\" content=\"Est. reading time\" \/>\n\t<meta name=\"twitter:data1\" content=\"6 minutes\" \/>\n<script type=\"application\/ld+json\" class=\"yoast-schema-graph\">{\"@context\":\"https:\/\/schema.org\",\"@graph\":[{\"@type\":\"WebPage\",\"@id\":\"https:\/\/www.incredible-tours.hr\/en\/putovanja\/svicarska-carolija\/\",\"url\":\"https:\/\/www.incredible-tours.hr\/en\/putovanja\/svicarska-carolija\/\",\"name\":\"\u0160vicarska \u010darolija - Incredible Croatia Tours\",\"isPartOf\":{\"@id\":\"https:\/\/www.incredible-tours.hr\/en\/#website\"},\"primaryImageOfPage\":{\"@id\":\"https:\/\/www.incredible-tours.hr\/en\/putovanja\/svicarska-carolija\/#primaryimage\"},\"image\":{\"@id\":\"https:\/\/www.incredible-tours.hr\/en\/putovanja\/svicarska-carolija\/#primaryimage\"},\"thumbnailUrl\":\"https:\/\/www.incredible-tours.hr\/wp-content\/uploads\/2024\/03\/sara-groblechner-d5ahndl9jga-unsplash-1-y6ghdx-l-ecxbtq.jpg\",\"datePublished\":\"2024-03-14T10:26:35+00:00\",\"dateModified\":\"2024-03-28T10:10:27+00:00\",\"breadcrumb\":{\"@id\":\"https:\/\/www.incredible-tours.hr\/en\/putovanja\/svicarska-carolija\/#breadcrumb\"},\"inLanguage\":\"en-US\",\"potentialAction\":[{\"@type\":\"ReadAction\",\"target\":[\"https:\/\/www.incredible-tours.hr\/en\/putovanja\/svicarska-carolija\/\"]}]},{\"@type\":\"ImageObject\",\"inLanguage\":\"en-US\",\"@id\":\"https:\/\/www.incredible-tours.hr\/en\/putovanja\/svicarska-carolija\/#primaryimage\",\"url\":\"https:\/\/www.incredible-tours.hr\/wp-content\/uploads\/2024\/03\/sara-groblechner-d5ahndl9jga-unsplash-1-y6ghdx-l-ecxbtq.jpg\",\"contentUrl\":\"https:\/\/www.incredible-tours.hr\/wp-content\/uploads\/2024\/03\/sara-groblechner-d5ahndl9jga-unsplash-1-y6ghdx-l-ecxbtq.jpg\",\"width\":1600,\"height\":900},{\"@type\":\"BreadcrumbList\",\"@id\":\"https:\/\/www.incredible-tours.hr\/en\/putovanja\/svicarska-carolija\/#breadcrumb\",\"itemListElement\":[{\"@type\":\"ListItem\",\"position\":1,\"name\":\"Po\u010detna stranica\",\"item\":\"https:\/\/www.incredible-tours.hr\/en\/incredible-croatia-tours\/\"},{\"@type\":\"ListItem\",\"position\":2,\"name\":\"Shop\",\"item\":\"https:\/\/www.incredible-tours.hr\/en\/shop\/\"},{\"@type\":\"ListItem\",\"position\":3,\"name\":\"\u0160vicarska \u010darolija\"}]},{\"@type\":\"WebSite\",\"@id\":\"https:\/\/www.incredible-tours.hr\/en\/#website\",\"url\":\"https:\/\/www.incredible-tours.hr\/en\/\",\"name\":\"Incredible Croatia Tours\",\"description\":\"Izleti i Putovanja\",\"potentialAction\":[{\"@type\":\"SearchAction\",\"target\":{\"@type\":\"EntryPoint\",\"urlTemplate\":\"https:\/\/www.incredible-tours.hr\/en\/?s={search_term_string}\"},\"query-input\":{\"@type\":\"PropertyValueSpecification\",\"valueRequired\":true,\"valueName\":\"search_term_string\"}}],\"inLanguage\":\"en-US\"}]}<\/script>\n<!-- \/ Yoast SEO plugin. -->","yoast_head_json":{"title":"\u0160vicarska \u010darolija - Incredible Croatia Tours","robots":{"index":"index","follow":"follow","max-snippet":"max-snippet:-1","max-image-preview":"max-image-preview:large","max-video-preview":"max-video-preview:-1"},"canonical":"https:\/\/www.incredible-tours.hr\/en\/putovanja\/svicarska-carolija\/","og_locale":"en_US","og_type":"article","og_title":"\u0160vicarska \u010darolija - Incredible Croatia Tours","og_description":"\u0160vicarska iz Va\u0161e ma\u0161te - ledenjaci, Alpe i jezera","og_url":"https:\/\/www.incredible-tours.hr\/en\/putovanja\/svicarska-carolija\/","og_site_name":"Incredible Croatia Tours","article_modified_time":"2024-03-28T10:10:27+00:00","og_image":[{"width":1600,"height":900,"url":"https:\/\/www.incredible-tours.hr\/wp-content\/uploads\/2024\/03\/sara-groblechner-d5ahndl9jga-unsplash-1-y6ghdx-l-ecxbtq.jpg","type":"image\/jpeg"}],"twitter_card":"summary_large_image","twitter_misc":{"Est. reading time":"6 minutes"},"schema":{"@context":"https:\/\/schema.org","@graph":[{"@type":"WebPage","@id":"https:\/\/www.incredible-tours.hr\/en\/putovanja\/svicarska-carolija\/","url":"https:\/\/www.incredible-tours.hr\/en\/putovanja\/svicarska-carolija\/","name":"\u0160vicarska \u010darolija - Incredible Croatia Tours","isPartOf":{"@id":"https:\/\/www.incredible-tours.hr\/en\/#website"},"primaryImageOfPage":{"@id":"https:\/\/www.incredible-tours.hr\/en\/putovanja\/svicarska-carolija\/#primaryimage"},"image":{"@id":"https:\/\/www.incredible-tours.hr\/en\/putovanja\/svicarska-carolija\/#primaryimage"},"thumbnailUrl":"https:\/\/www.incredible-tours.hr\/wp-content\/uploads\/2024\/03\/sara-groblechner-d5ahndl9jga-unsplash-1-y6ghdx-l-ecxbtq.jpg","datePublished":"2024-03-14T10:26:35+00:00","dateModified":"2024-03-28T10:10:27+00:00","breadcrumb":{"@id":"https:\/\/www.incredible-tours.hr\/en\/putovanja\/svicarska-carolija\/#breadcrumb"},"inLanguage":"en-US","potentialAction":[{"@type":"ReadAction","target":["https:\/\/www.incredible-tours.hr\/en\/putovanja\/svicarska-carolija\/"]}]},{"@type":"ImageObject","inLanguage":"en-US","@id":"https:\/\/www.incredible-tours.hr\/en\/putovanja\/svicarska-carolija\/#primaryimage","url":"https:\/\/www.incredible-tours.hr\/wp-content\/uploads\/2024\/03\/sara-groblechner-d5ahndl9jga-unsplash-1-y6ghdx-l-ecxbtq.jpg","contentUrl":"https:\/\/www.incredible-tours.hr\/wp-content\/uploads\/2024\/03\/sara-groblechner-d5ahndl9jga-unsplash-1-y6ghdx-l-ecxbtq.jpg","width":1600,"height":900},{"@type":"BreadcrumbList","@id":"https:\/\/www.incredible-tours.hr\/en\/putovanja\/svicarska-carolija\/#breadcrumb","itemListElement":[{"@type":"ListItem","position":1,"name":"Po\u010detna stranica","item":"https:\/\/www.incredible-tours.hr\/en\/incredible-croatia-tours\/"},{"@type":"ListItem","position":2,"name":"Shop","item":"https:\/\/www.incredible-tours.hr\/en\/shop\/"},{"@type":"ListItem","position":3,"name":"\u0160vicarska \u010darolija"}]},{"@type":"WebSite","@id":"https:\/\/www.incredible-tours.hr\/en\/#website","url":"https:\/\/www.incredible-tours.hr\/en\/","name":"Incredible Croatia Tours","description":"Izleti i Putovanja","potentialAction":[{"@type":"SearchAction","target":{"@type":"EntryPoint","urlTemplate":"https:\/\/www.incredible-tours.hr\/en\/?s={search_term_string}"},"query-input":{"@type":"PropertyValueSpecification","valueRequired":true,"valueName":"search_term_string"}}],"inLanguage":"en-US"}]}},"_links":{"self":[{"href":"https:\/\/www.incredible-tours.hr\/en\/wp-json\/wp\/v2\/product\/2463","targetHints":{"allow":["GET"]}}],"collection":[{"href":"https:\/\/www.incredible-tours.hr\/en\/wp-json\/wp\/v2\/product"}],"about":[{"href":"https:\/\/www.incredible-tours.hr\/en\/wp-json\/wp\/v2\/types\/product"}],"replies":[{"embeddable":true,"href":"https:\/\/www.incredible-tours.hr\/en\/wp-json\/wp\/v2\/comments?post=2463"}],"wp:featuredmedia":[{"embeddable":true,"href":"https:\/\/www.incredible-tours.hr\/en\/wp-json\/wp\/v2\/media\/2464"}],"wp:attachment":[{"href":"https:\/\/www.incredible-tours.hr\/en\/wp-json\/wp\/v2\/media?parent=2463"}],"wp:term":[{"taxonomy":"product_brand","embeddable":true,"href":"https:\/\/www.incredible-tours.hr\/en\/wp-json\/wp\/v2\/product_brand?post=2463"},{"taxonomy":"product_cat","embeddable":true,"href":"https:\/\/www.incredible-tours.hr\/en\/wp-json\/wp\/v2\/product_cat?post=2463"},{"taxonomy":"product_tag","embeddable":true,"href":"https:\/\/www.incredible-tours.hr\/en\/wp-json\/wp\/v2\/product_tag?post=2463"}],"curies":[{"name":"wp","href":"https:\/\/api.w.org\/{rel}","templated":true}]}}