{"id":2472,"date":"2024-03-14T10:40:09","date_gmt":"2024-03-14T10:40:09","guid":{"rendered":"https:\/\/www.incredible-tours.hr\/?post_type=product&#038;p=2472"},"modified":"2024-03-28T10:10:26","modified_gmt":"2024-03-28T10:10:26","slug":"valencia-i-zaragoza","status":"publish","type":"product","link":"https:\/\/www.incredible-tours.hr\/en\/putovanja\/valencia-i-zaragoza\/","title":{"rendered":"Valencia i Zaragoza"},"content":{"rendered":"<p>Program putovanja<br \/>\nDAN 1<br \/>\nZagreb \u2013 Zaragoza<br \/>\nSastanak putnika u zra\u010dnoj luci Zagreb dva sata prije polijetanja zrakoplova. Slijedi prijava na direktan let posebnim zrakoplovom iz Zagreba za Zaragozu u 17.15 sati. Po dolasku u Zaragozu u 19.50 sati, slijedi organizirani transfer autobusom do hotela. Prijava i smje\u0161taj u hotel. U ve\u010dernjim satima odlazak u prvu orijentacijsku \u0161etnju gradom uz pratnju voditelja putovanja. Slobodno vrijeme u gradu za ve\u010deru, a potom povratak u hotel s voditeljem putovanja u dogovoreno vrijeme pje\u0161ice ili javnim prijevozom, a mo\u017eete se vratiti i samostalno. No\u0107enje.<\/p>\n<p>DAN 2<br \/>\nZaragoza<br \/>\nNakon doru\u010dka odlazimo u razgled Zaragoze, glavnog grada pokrajine Arag\u00f3n, u pratnji lokalnog vodi\u010da. Zaragoza je grad smje\u0161ten uz rijeku Ebro te je peti grad po veli\u010dini u \u0160panjolskoj, a poznat je i kao jedno od ve\u0107ih \u0161panjolskih marijanskih sveti\u0161ta. Slijedi razgled stare gradske jezgre Casco Antiguo: barokna bazilika Gospe od Pilara, nastala na mjestu gdje se sv. Jakovu ukazala Gospa, a ujedno poznata i po freskama sjajnog umjetnika Francisca Goye; trg Pilar; Lonja de Mercaderes, trgova\u010dka burza iz 16. st.; Gradska vije\u0107nica; katedrala La Seo; maurska pala\u010da Aljafer\u00eda; Sveu\u010dili\u0161te iz 15.st. s glasovitim medicinskim fakultetom. Stari grad je prepun uskih uli\u010dica i tapas barova te odi\u0161e pravom \u0161panjolskom atmosferom. Zaragoza je ujedno i grad muzeja tako da se ovdje nalaze, izme\u0111u ostalih, i Muzej Francisca Goye, Muzej Pabla Gargalla, Muzej Alma Mater, Muzej rimskih termi. Nastavljamo \u0161etnju glavnom \u0161etnicom Calle Alfonso II, pro\u0107i \u0107emo \u017eivim uskim uli\u010dicama, vidjeti ostatke rimskog kazali\u0161ta te se vratiti do glavnog trga. \u0160etnja do mosta Puente del Pilar odakle se pru\u017ea fantasti\u010dan pogled na Baziliku i Zaragozu. Slobodno poslijepodne i ve\u010der u gradu uz autenti\u010dno ozra\u010dje Velikog tjedna \u201eSEMANA SANTA\u201c: procesije, mise, protkane \u017eivotom, bojom, kulturom, glazbom i plesom. Povratak u hotel. No\u0107enje.<\/p>\n<p>DAN 3<br \/>\nZaragoza \u2013 Albarracin \u2013 Teruel \u2013 Valencia<br \/>\nDoru\u010dak i odjava iz hotela. Odlazimo do sela Albarracin, koje se smatra najljep\u0161im \u0161panjolskim selom. Kada ste ovdje, imate osje\u0107aj da ste se na\u0161li usred srednjovjekovne bajke u kojoj princeza Blanca igra glavnu ulogu. Vrlo zanimljivo, gotovo nepromijenjeno i netaknuto selo na nadmorskoj visini od 1.180 metara s uskim i strmim ulicama i srednjovjekovnom arhitekturom, tako\u0111er je zaslu\u017eilo svoje mjesto na UNESCO-voj listi za\u0161ti\u0107enih kulturnih spomenika. Nastavljamo prema gradu Teruel, koji se smatra gradom punim \u017eivota i \u017eivih boja te dramati\u010dnih pri\u010da iz 13. stolje\u0107a povezanih s dvoje ljubavnika koje \u0160panjolci smatraju svojim Romeom i Julijom. Protagonisti ove pri\u010de bili su Isabel de Segura i Juan Diego Mart\u00ednez, \u010dija je romansa u to vrijeme bila nemogu\u0107a zbog ogromnih ekonomskih i klasnih razlika me\u0111u njima. Pored fascinantne pri\u010de, u gradu vrijedi pogledati i katedralu, poznati trg Plaza Del Torico te brojne kule i crkve s elementima \u201emud\u00e9jar\u201c arhitekture. Slijedi vo\u017enja do Valencije, tre\u0107eg najve\u0107eg \u0161panjolskog grada, poznatog i kao &#8220;grad cvije\u0107a&#8221; s brojnim vrtovima i parkovima. Smje\u0161taj u hotel. Ukoliko vremenski bude mogu\u0107e, ve\u010dernja \u0161etnja jednim od naj\u017eivljih mediteranskih gradova s voditeljem putovanja. No\u0107enje.<\/p>\n<p>DAN 4<br \/>\nValencia<br \/>\nNakon doru\u010dka slijedi razgled Valencije, tre\u0107eg po veli\u010dini \u0161panjolskog grada, koji je svoj nadimak &#8220;grad cvije\u0107a&#8221; dobio zbog brojnih vrtova i parkova u gradu. Razgled starog dijela grada (javnim prijevozom i pje\u0161ice) koji je zadr\u017eao svoj klasi\u010dni \u0161panjolski izgled. Sredi\u0161nji dio ispunjava katedrala izgra\u0111ena u goti\u010dkom stilu s iznimnim portalom i osmerokutnim zvonikom &#8211; simbolom grada. Osim katedrale, vidjet \u0107emo i staru zgradu burze La Lonja, izvanredno o\u010duvano goti\u010dko trgova\u010dko sredi\u0161te iz 15. stolje\u0107a te zanimljive mostove. Zaustavit \u0107emo se i pro\u0161etati natkrivenom sredi\u0161njom tr\u017enicom iz 1928. godine, jednom od najljep\u0161ih i najve\u0107ih europskih tr\u017enica s 350 lijepo ure\u0111enih \u0161tandova. \u0160etnja u\u017eurbanim i \u017eivahnim ulicama Barrio del Carmen. Slobodno vrijeme za \u0161etnju i ve\u010deru u odli\u010dnim restoranima gdje mo\u017eete ku\u0161ati razli\u010dite vrste paelle, najpoznatija je \u201carroz a banda&#8221; te osvje\u017eavaju\u0107e pi\u0107e \u201corchata\u201d od badema, i \u201cagua de Valencia&#8221; (svje\u017ei naran\u010din sok i pjenu\u0161ac). Povratak u hotel. No\u0107enje.<\/p>\n<p>DAN 5<br \/>\nValencia \u2013 Zaragoza \u2013 Zagreb<br \/>\nDoru\u010dak i odjava iz hotela. Odlazimo prema modernom dijelu grada, gdje su urbanu cjelinu pretvorili u jedan od najmodernijih gradova u Europi. \u017delja za kreiranjem u\u010dinkovite povezanosti starog i novog u gradu ostvarena je kroz provedbu planova najva\u017enijeg arhitekta Valencije, Santiaga Calatrava. U isu\u0161enom koritu nekada\u0161nje rijeke Turie podignut je impozantan kompleks koji ima, ne samo estetski, ve\u0107 i prakti\u010dni karakter, sadr\u017ei sve: od Muzeja znanosti, Pala\u010de umjetnosti, Oceanografskog muzeja. Rasko\u0161ne, futuristi\u010dke suvremene gra\u0111evine danas su postale simbol grada. Razgled izvana sljede\u0107ih gra\u0111evina: l`Hemisferic, Muzej znanosti Princa Filipa, L&#8217;Umbracle Terraza, L&#8217;Oceanogr\u00e0fic, Opera i umjetni\u010dki centar, L&#8217;\u00c0gora &#8211; mjesto za koncerte i sportske doga\u0111aje, most l&#8217;Assut&#8230; U kasnim poslijepodnevnim satima odlazak do zra\u010dne luke Zaragoza. Po dolasku prijava na izravan charter let za Zagreb u 21.35 sati. Dolazak u Zagreb predvi\u0111en je u 23.55 sati.<\/p>\n","protected":false},"excerpt":{"rendered":"<p>Do\u017eivite \u0161arm i ljepotu \u0160panjolske! Upoznajte raznolikost i bogatstvo \u0161panjolskog kulturnog naslje\u0111a i u\u017eivajte u prekrasnom krajoliku, slikovitim ulicama i lokalnoj kuhinji.<\/p>\n","protected":false},"featured_media":2476,"comment_status":"open","ping_status":"closed","template":"","meta":{"_acf_changed":false},"product_brand":[],"product_cat":[114,61,71],"product_tag":[],"class_list":{"0":"post-2472","1":"product","2":"type-product","3":"status-publish","4":"has-post-thumbnail","6":"product_cat-europska-putovanja","7":"product_cat-putovanja","8":"product_cat-valencia","10":"first","11":"instock","12":"shipping-taxable","13":"purchasable","14":"product-type-simple"},"ams_default_variation_id":0,"ams_product_points_reward":[],"ams_product_discount_percentage":0,"ams_price_to_display":969,"acf":[],"ams_acf":[{"key":"google_maps","label":"google maps","value":"<iframe src=\"https:\/\/www.google.com\/maps\/embed?pb=!1m18!1m12!1m3!1d98647.15916283372!2d-0.4440829301391269!3d39.407756065537036!2m3!1f0!2f0!3f0!3m2!1i1024!2i768!4f13.1!3m3!1m2!1s0xd604f4cf0efb06f%3A0xb4a351011f7f1d39!2sValencia%2C%20%C5%A0panjolska!5e0!3m2!1shr!2shr!4v1710412960079!5m2!1shr!2shr\" width=\"100%\" height=\"450\" style=\"border:0;\" allowfullscreen=\"\" loading=\"lazy\" referrerpolicy=\"no-referrer-when-downgrade\"><\/iframe>"}],"yoast_head":"<!-- This site is optimized with the Yoast SEO plugin v25.3 - https:\/\/yoast.com\/wordpress\/plugins\/seo\/ -->\n<title>Valencia i Zaragoza - Incredible Croatia Tours<\/title>\n<meta name=\"robots\" content=\"index, follow, max-snippet:-1, max-image-preview:large, max-video-preview:-1\" \/>\n<link rel=\"canonical\" href=\"https:\/\/www.incredible-tours.hr\/en\/putovanja\/valencia-i-zaragoza\/\" \/>\n<meta property=\"og:locale\" content=\"en_US\" \/>\n<meta property=\"og:type\" content=\"article\" \/>\n<meta property=\"og:title\" content=\"Valencia i Zaragoza - Incredible Croatia Tours\" \/>\n<meta property=\"og:description\" content=\"Do\u017eivite \u0161arm i ljepotu \u0160panjolske! Upoznajte raznolikost i bogatstvo \u0161panjolskog kulturnog naslje\u0111a i u\u017eivajte u prekrasnom krajoliku, slikovitim ulicama i lokalnoj kuhinji.\" \/>\n<meta property=\"og:url\" content=\"https:\/\/www.incredible-tours.hr\/en\/putovanja\/valencia-i-zaragoza\/\" \/>\n<meta property=\"og:site_name\" content=\"Incredible Croatia Tours\" \/>\n<meta property=\"article:modified_time\" content=\"2024-03-28T10:10:26+00:00\" \/>\n<meta property=\"og:image\" content=\"https:\/\/www.incredible-tours.hr\/wp-content\/uploads\/2024\/03\/buildings-6593356-1280-h2fbpj-l-ruyxvl.jpg\" \/>\n\t<meta property=\"og:image:width\" content=\"1280\" \/>\n\t<meta property=\"og:image:height\" content=\"853\" \/>\n\t<meta property=\"og:image:type\" content=\"image\/jpeg\" \/>\n<meta name=\"twitter:card\" content=\"summary_large_image\" \/>\n<meta name=\"twitter:label1\" content=\"Est. reading time\" \/>\n\t<meta name=\"twitter:data1\" content=\"4 minutes\" \/>\n<script type=\"application\/ld+json\" class=\"yoast-schema-graph\">{\"@context\":\"https:\/\/schema.org\",\"@graph\":[{\"@type\":\"WebPage\",\"@id\":\"https:\/\/www.incredible-tours.hr\/en\/putovanja\/valencia-i-zaragoza\/\",\"url\":\"https:\/\/www.incredible-tours.hr\/en\/putovanja\/valencia-i-zaragoza\/\",\"name\":\"Valencia i Zaragoza - Incredible Croatia Tours\",\"isPartOf\":{\"@id\":\"https:\/\/www.incredible-tours.hr\/en\/#website\"},\"primaryImageOfPage\":{\"@id\":\"https:\/\/www.incredible-tours.hr\/en\/putovanja\/valencia-i-zaragoza\/#primaryimage\"},\"image\":{\"@id\":\"https:\/\/www.incredible-tours.hr\/en\/putovanja\/valencia-i-zaragoza\/#primaryimage\"},\"thumbnailUrl\":\"https:\/\/www.incredible-tours.hr\/wp-content\/uploads\/2024\/03\/buildings-6593356-1280-h2fbpj-l-ruyxvl.jpg\",\"datePublished\":\"2024-03-14T10:40:09+00:00\",\"dateModified\":\"2024-03-28T10:10:26+00:00\",\"breadcrumb\":{\"@id\":\"https:\/\/www.incredible-tours.hr\/en\/putovanja\/valencia-i-zaragoza\/#breadcrumb\"},\"inLanguage\":\"en-US\",\"potentialAction\":[{\"@type\":\"ReadAction\",\"target\":[\"https:\/\/www.incredible-tours.hr\/en\/putovanja\/valencia-i-zaragoza\/\"]}]},{\"@type\":\"ImageObject\",\"inLanguage\":\"en-US\",\"@id\":\"https:\/\/www.incredible-tours.hr\/en\/putovanja\/valencia-i-zaragoza\/#primaryimage\",\"url\":\"https:\/\/www.incredible-tours.hr\/wp-content\/uploads\/2024\/03\/buildings-6593356-1280-h2fbpj-l-ruyxvl.jpg\",\"contentUrl\":\"https:\/\/www.incredible-tours.hr\/wp-content\/uploads\/2024\/03\/buildings-6593356-1280-h2fbpj-l-ruyxvl.jpg\",\"width\":1280,\"height\":853},{\"@type\":\"BreadcrumbList\",\"@id\":\"https:\/\/www.incredible-tours.hr\/en\/putovanja\/valencia-i-zaragoza\/#breadcrumb\",\"itemListElement\":[{\"@type\":\"ListItem\",\"position\":1,\"name\":\"Po\u010detna stranica\",\"item\":\"https:\/\/www.incredible-tours.hr\/en\/incredible-croatia-tours\/\"},{\"@type\":\"ListItem\",\"position\":2,\"name\":\"Shop\",\"item\":\"https:\/\/www.incredible-tours.hr\/en\/shop\/\"},{\"@type\":\"ListItem\",\"position\":3,\"name\":\"Valencia i Zaragoza\"}]},{\"@type\":\"WebSite\",\"@id\":\"https:\/\/www.incredible-tours.hr\/en\/#website\",\"url\":\"https:\/\/www.incredible-tours.hr\/en\/\",\"name\":\"Incredible Croatia Tours\",\"description\":\"Izleti i Putovanja\",\"potentialAction\":[{\"@type\":\"SearchAction\",\"target\":{\"@type\":\"EntryPoint\",\"urlTemplate\":\"https:\/\/www.incredible-tours.hr\/en\/?s={search_term_string}\"},\"query-input\":{\"@type\":\"PropertyValueSpecification\",\"valueRequired\":true,\"valueName\":\"search_term_string\"}}],\"inLanguage\":\"en-US\"}]}<\/script>\n<!-- \/ Yoast SEO plugin. -->","yoast_head_json":{"title":"Valencia i Zaragoza - Incredible Croatia Tours","robots":{"index":"index","follow":"follow","max-snippet":"max-snippet:-1","max-image-preview":"max-image-preview:large","max-video-preview":"max-video-preview:-1"},"canonical":"https:\/\/www.incredible-tours.hr\/en\/putovanja\/valencia-i-zaragoza\/","og_locale":"en_US","og_type":"article","og_title":"Valencia i Zaragoza - Incredible Croatia Tours","og_description":"Do\u017eivite \u0161arm i ljepotu \u0160panjolske! Upoznajte raznolikost i bogatstvo \u0161panjolskog kulturnog naslje\u0111a i u\u017eivajte u prekrasnom krajoliku, slikovitim ulicama i lokalnoj kuhinji.","og_url":"https:\/\/www.incredible-tours.hr\/en\/putovanja\/valencia-i-zaragoza\/","og_site_name":"Incredible Croatia Tours","article_modified_time":"2024-03-28T10:10:26+00:00","og_image":[{"width":1280,"height":853,"url":"https:\/\/www.incredible-tours.hr\/wp-content\/uploads\/2024\/03\/buildings-6593356-1280-h2fbpj-l-ruyxvl.jpg","type":"image\/jpeg"}],"twitter_card":"summary_large_image","twitter_misc":{"Est. reading time":"4 minutes"},"schema":{"@context":"https:\/\/schema.org","@graph":[{"@type":"WebPage","@id":"https:\/\/www.incredible-tours.hr\/en\/putovanja\/valencia-i-zaragoza\/","url":"https:\/\/www.incredible-tours.hr\/en\/putovanja\/valencia-i-zaragoza\/","name":"Valencia i Zaragoza - Incredible Croatia Tours","isPartOf":{"@id":"https:\/\/www.incredible-tours.hr\/en\/#website"},"primaryImageOfPage":{"@id":"https:\/\/www.incredible-tours.hr\/en\/putovanja\/valencia-i-zaragoza\/#primaryimage"},"image":{"@id":"https:\/\/www.incredible-tours.hr\/en\/putovanja\/valencia-i-zaragoza\/#primaryimage"},"thumbnailUrl":"https:\/\/www.incredible-tours.hr\/wp-content\/uploads\/2024\/03\/buildings-6593356-1280-h2fbpj-l-ruyxvl.jpg","datePublished":"2024-03-14T10:40:09+00:00","dateModified":"2024-03-28T10:10:26+00:00","breadcrumb":{"@id":"https:\/\/www.incredible-tours.hr\/en\/putovanja\/valencia-i-zaragoza\/#breadcrumb"},"inLanguage":"en-US","potentialAction":[{"@type":"ReadAction","target":["https:\/\/www.incredible-tours.hr\/en\/putovanja\/valencia-i-zaragoza\/"]}]},{"@type":"ImageObject","inLanguage":"en-US","@id":"https:\/\/www.incredible-tours.hr\/en\/putovanja\/valencia-i-zaragoza\/#primaryimage","url":"https:\/\/www.incredible-tours.hr\/wp-content\/uploads\/2024\/03\/buildings-6593356-1280-h2fbpj-l-ruyxvl.jpg","contentUrl":"https:\/\/www.incredible-tours.hr\/wp-content\/uploads\/2024\/03\/buildings-6593356-1280-h2fbpj-l-ruyxvl.jpg","width":1280,"height":853},{"@type":"BreadcrumbList","@id":"https:\/\/www.incredible-tours.hr\/en\/putovanja\/valencia-i-zaragoza\/#breadcrumb","itemListElement":[{"@type":"ListItem","position":1,"name":"Po\u010detna stranica","item":"https:\/\/www.incredible-tours.hr\/en\/incredible-croatia-tours\/"},{"@type":"ListItem","position":2,"name":"Shop","item":"https:\/\/www.incredible-tours.hr\/en\/shop\/"},{"@type":"ListItem","position":3,"name":"Valencia i Zaragoza"}]},{"@type":"WebSite","@id":"https:\/\/www.incredible-tours.hr\/en\/#website","url":"https:\/\/www.incredible-tours.hr\/en\/","name":"Incredible Croatia Tours","description":"Izleti i Putovanja","potentialAction":[{"@type":"SearchAction","target":{"@type":"EntryPoint","urlTemplate":"https:\/\/www.incredible-tours.hr\/en\/?s={search_term_string}"},"query-input":{"@type":"PropertyValueSpecification","valueRequired":true,"valueName":"search_term_string"}}],"inLanguage":"en-US"}]}},"_links":{"self":[{"href":"https:\/\/www.incredible-tours.hr\/en\/wp-json\/wp\/v2\/product\/2472","targetHints":{"allow":["GET"]}}],"collection":[{"href":"https:\/\/www.incredible-tours.hr\/en\/wp-json\/wp\/v2\/product"}],"about":[{"href":"https:\/\/www.incredible-tours.hr\/en\/wp-json\/wp\/v2\/types\/product"}],"replies":[{"embeddable":true,"href":"https:\/\/www.incredible-tours.hr\/en\/wp-json\/wp\/v2\/comments?post=2472"}],"wp:featuredmedia":[{"embeddable":true,"href":"https:\/\/www.incredible-tours.hr\/en\/wp-json\/wp\/v2\/media\/2476"}],"wp:attachment":[{"href":"https:\/\/www.incredible-tours.hr\/en\/wp-json\/wp\/v2\/media?parent=2472"}],"wp:term":[{"taxonomy":"product_brand","embeddable":true,"href":"https:\/\/www.incredible-tours.hr\/en\/wp-json\/wp\/v2\/product_brand?post=2472"},{"taxonomy":"product_cat","embeddable":true,"href":"https:\/\/www.incredible-tours.hr\/en\/wp-json\/wp\/v2\/product_cat?post=2472"},{"taxonomy":"product_tag","embeddable":true,"href":"https:\/\/www.incredible-tours.hr\/en\/wp-json\/wp\/v2\/product_tag?post=2472"}],"curies":[{"name":"wp","href":"https:\/\/api.w.org\/{rel}","templated":true}]}}