{"id":2477,"date":"2024-03-14T10:43:26","date_gmt":"2024-03-14T10:43:26","guid":{"rendered":"https:\/\/www.incredible-tours.hr\/?post_type=product&#038;p=2477"},"modified":"2024-03-28T10:14:28","modified_gmt":"2024-03-28T10:14:28","slug":"istanbul-4-dana-zrakoplovom","status":"publish","type":"product","link":"https:\/\/www.incredible-tours.hr\/en\/putovanja\/istanbul-4-dana-zrakoplovom\/","title":{"rendered":"Istanbul, 4 dana zrakoplovom"},"content":{"rendered":"<p>Program putovanja<br \/>\nDAN 1<br \/>\nZagreb \u2013 Istanbul<br \/>\nSastanak putnika u zagreba\u010dkoj zra\u010dnoj luci Franjo Tu\u0111man 2 sata prije leta, podjela putne dokumentacije i prijava na let. Polijetanje zrakoplova za Istanbul na letu Turkish Airlinesa, TK 1054 u 09.15h. Po dolasku u Istanbul u 13.25h po lokalnom vremenu, obavljanje pograni\u010dnih formalnosti i prijevoz do hotela. Prijava i smje\u0161taj u sobe te nakon kra\u0107eg odmora odlazak do trga Taksim i poznate Ulice Oslobo\u0111enja (Istiklal Caddesi) \u2013 pje\u0161a\u010dke zone s brojnim trgovinama, restoranima i barovima do \u010detvrti Beyo\u011flu, poznatoj po srednjovjekovnoj kuli Galata iz 14. st., koja je nekada slu\u017eila za pra\u0107enje brodova i kao zatvor, a danas je vidikovac s kojeg se pru\u017ea prekrasan panoramski pogled na grad. No\u0107enje.<\/p>\n<p>DAN 2<br \/>\nIstanbul<br \/>\nNakon doru\u010dka, odlazak na razgled Istanbula u pratnji lokalnog vodi\u010da; Hipodrom koji je neko\u0107 slu\u017eio za konjske trke, a danas je memorijalni trg s impozantnim obeliskom; Plava d\u017eamija, monumentalno zdanje i posljednja velika kraljevska d\u017eamija, jedinstvena sa svojih \u0161est minareta i ukrasima od plavog porculana po kojima je i dobila ime; Aja Sofija iz 6. st., najpoznatija gra\u0111evina Istanbula sagra\u0111ena u doba cara Justinijana. Prvotno je bila najve\u0107a crkva u Bizantskom carstvu, jedno od najve\u0107ih graditeljskih dostignu\u0107a tog vremena. Naknadno je pretvorena u d\u017eamiju, potom 1934. u muzej, da bi joj u ljeto 2020. godine ponovo bio vra\u0107en status d\u017eamije; bazilika Cisterna, poznata i pod nazivom Utonula pala\u010da, najve\u0107a od nekoliko stotina anti\u010dkih rezervoara vode koje jo\u0161 uvijek le\u017ee ispod Istanbula, svakako najneobi\u010dnija turisti\u010dka atrakcija u gradu; pala\u010da Topkapi, osmanlijski carski dvorac kojeg je sagradio sultan Mehmed II, a nalazi se na krajnjem dijelu uzvi\u0161enog rta, s kojeg se pru\u017ea pogled na Zlatni rog, Mramorno more i Bospor. Posjet Topkapiju uklju\u010duje i obilazak Aja Irene, biv\u0161e bizantske crkve koja je neko\u0107 bila arsenal, a danas je muzej. U poslijepodnevnim satima posjetite Grand Bazaar, zatvorenu tr\u017enicu i najve\u0107i bazar na svijetu s vi\u0161e od 4000 trgovina, gdje mo\u017eete osjetiti \u010dar kupovine zlata, tekstila, suvenira i dr. Ljubiteljima kulinarstva i svim onima koji vole u\u017eivati u gastro izazovima svakako predla\u017eemo i posjet \u017eivopisnoj Egipatskoj tr\u017enici za\u010dina nevjerojatnih mirisa, boja i okusa. Nave\u010der predla\u017eemo odlazak na ve\u010deru u jedan od tradicionalnih restorana u kojem Vas o\u010dekuje bogat program, trbu\u0161ne plesa\u010dice te folklorni plesovi i obi\u010daji Turske. No\u0107enje.<\/p>\n<p>DAN 3<br \/>\nIstanbul \u2013 1 dan na 2 kontinenta<br \/>\nDoru\u010dak. Predla\u017eemo da dana\u0161nji dan iskoristite za odlazak na cjelodnevni izlet 1 dan na 2 kontinenta. Vo\u017enja do pala\u010de Dolmabah\u00e7e, posljednje rezidencije turskih sultana iz 19. st. Razgled ove impozantne gra\u0111evine izgra\u0111ene u baroknom stilu koja \u0107e vas svakako impresionirati svojom pri\u010dom o novijoj turskoj povijesti. Odlazak potom kroz \u010detvrti Be\u015fikta\u015f i \u015ei\u015fli i dalje Bosporskim mostom (jednim od tri vise\u0107a mosta koji spajaju Europu i Aziju) na azijsku stranu Istanbula, do grandiozne d\u017eamije \u00c7aml\u0131ca, najve\u0107e u Turskoj koja mo\u017ee primiti preko 60.000 vjernika, od koje se pru\u017ea prekrasan pogled na Zlatni rog \u2013 srce Istanbula. Slijedi panoramska vo\u017enja azijskim dijelom Istanbula i odlazak do avenije Bagdad, 6 km duge ulice, prepune malih tr\u017enih centara i elegantnih radnji koje nude najpoznatije svjetske brendove te je mnogi zbog toga smatraju \u0161oping centrom na otvorenom. Prijevoz do metro stanice \u00dcsk\u00fcdar te vo\u017enja Marmaray tunelom, jednim od najdubljih podmorskih \u017eeljezni\u010dkih tunela na svijetu koji povezuje europski i azijski dio Istanbula. Tunel je otvoren 2013. godine, dug je 13,6 km, a za prelazak su potrebne samo \u010detiri minute! Povratak na europsku stranu \u2013 na stanicu Sirke\u00e7i, odredi\u0161te legendarnog Orient Expressa te slobodno vrijeme za osobne programe. Mogu\u0107nost fakultativne posjete Hodjapasha plesnom kazali\u0161tu, kulturnom centru smje\u0161tenom u obnovljenoj, 550 godina staroj turskoj kupelji. Savr\u0161ena rasvjeta, prekrasno ure\u0111enje i odli\u010dna akustika \u010dine ovu povijesnu zgradu vrlo misti\u010dnim i intimnim mjestom. Dervi\u0161i \u0107e scenskim nastupom predstaviti preko 700 godina staru tursku tradiciju, uz ritmi\u010dnu i harmoni\u010dnu orijentalnu glazbu tipi\u010dnih turskih instrumenata, vrtnjom i plesom izvode tradicionalni duhovni Sema ritual. No\u0107enje.<\/p>\n<p>DAN 4<br \/>\nIstanbul &#8211; Zagreb<br \/>\nNakon doru\u010dka mogu\u0107nost posjete Sulejmaniji i krstarenje Bosporom. Sulejmanija je jedna od najljep\u0161ih istanbulskih d\u017eamija, djelo slavnog osmanlijskog arhitekta i graditelja Sinana. U njoj se nalazi mauzolej osmanlijskog sultana Sulejmana Veli\u010danstvenog, koji ju je i dao sagraditi u 16. stolje\u0107u, kao i njegove \u017eene sultanije Haseki Hurem, zatim sultana Ahmeta II, te samog arhitekte Sinana. U nastavku odlazak na krstarenje Bosporskim tjesnacem, koji razdvaja Europu i Aziju, uz pogled na carske pala\u010de i tvr\u0111ave. Nakon plovidbe, odlazak na ru\u010dak u jedan od autenti\u010dnih restorana na Galati, mostu koji spaja obale Zlatnog roga. U poslijepodnevnim satima prijevoz do zra\u010dne luke. Prijava za let Turkish Airlinesa, TK 1055 u 19.00h, s o\u010dekivanim dolaskom u Zagreb u 19.10h po lokalnom vremenu. Zavr\u0161etak programa.<\/p>\n","protected":false},"excerpt":{"rendered":"<p>Istanbul putovanje &#8211; posjetite najve\u0107i grad Turske smje\u0161ten na 2 kontinenta i u\u017eivajte u bogatoj povijesti i raznolikosti ovog multikulturalnog grada.<\/p>\n","protected":false},"featured_media":2481,"comment_status":"open","ping_status":"closed","template":"","meta":{"_acf_changed":false},"product_brand":[],"product_cat":[115,114,125,72,61],"product_tag":[],"class_list":{"0":"post-2477","1":"product","2":"type-product","3":"status-publish","4":"has-post-thumbnail","6":"product_cat-daleka-putovanja","7":"product_cat-europska-putovanja","8":"product_cat-inozemstvo","9":"product_cat-istanbul","10":"product_cat-putovanja","12":"first","13":"instock","14":"shipping-taxable","15":"purchasable","16":"product-type-simple"},"ams_default_variation_id":0,"ams_product_points_reward":[],"ams_product_discount_percentage":0,"ams_price_to_display":661,"acf":[],"ams_acf":[{"key":"google_maps","label":"google maps","value":"<iframe src=\"https:\/\/www.google.com\/maps\/embed?pb=!1m18!1m12!1m3!1d192698.64759381654!2d28.847031450490345!3d41.00520365026984!2m3!1f0!2f0!3f0!3m2!1i1024!2i768!4f13.1!3m3!1m2!1s0x14caa7040068086b%3A0xe1ccfe98bc01b0d0!2sIstanbul%2C%20%C4%B0stanbul%2C%20Turska!5e0!3m2!1shr!2shr!4v1710413083671!5m2!1shr!2shr\" width=\"100%\" height=\"450\" style=\"border:0;\" allowfullscreen=\"\" loading=\"lazy\" referrerpolicy=\"no-referrer-when-downgrade\"><\/iframe>"}],"yoast_head":"<!-- This site is optimized with the Yoast SEO plugin v25.3 - https:\/\/yoast.com\/wordpress\/plugins\/seo\/ -->\n<title>Istanbul, 4 dana zrakoplovom - Incredible Croatia Tours<\/title>\n<meta name=\"robots\" content=\"index, follow, max-snippet:-1, max-image-preview:large, max-video-preview:-1\" \/>\n<link rel=\"canonical\" href=\"https:\/\/www.incredible-tours.hr\/en\/putovanja\/istanbul-4-dana-zrakoplovom\/\" \/>\n<meta property=\"og:locale\" content=\"en_US\" \/>\n<meta property=\"og:type\" content=\"article\" \/>\n<meta property=\"og:title\" content=\"Istanbul, 4 dana zrakoplovom - Incredible Croatia Tours\" \/>\n<meta property=\"og:description\" content=\"Istanbul putovanje - posjetite najve\u0107i grad Turske smje\u0161ten na 2 kontinenta i u\u017eivajte u bogatoj povijesti i raznolikosti ovog multikulturalnog grada.\" \/>\n<meta property=\"og:url\" content=\"https:\/\/www.incredible-tours.hr\/en\/putovanja\/istanbul-4-dana-zrakoplovom\/\" \/>\n<meta property=\"og:site_name\" content=\"Incredible Croatia Tours\" \/>\n<meta property=\"article:modified_time\" content=\"2024-03-28T10:14:28+00:00\" \/>\n<meta property=\"og:image\" content=\"https:\/\/www.incredible-tours.hr\/wp-content\/uploads\/2024\/03\/luna-zhang-ijhc6ufl-gs-unsplash-rri7d4-l-hycyxq.jpg\" \/>\n\t<meta property=\"og:image:width\" content=\"1600\" \/>\n\t<meta property=\"og:image:height\" content=\"900\" \/>\n\t<meta property=\"og:image:type\" content=\"image\/jpeg\" \/>\n<meta name=\"twitter:card\" content=\"summary_large_image\" \/>\n<meta name=\"twitter:label1\" content=\"Est. reading time\" \/>\n\t<meta name=\"twitter:data1\" content=\"4 minutes\" \/>\n<script type=\"application\/ld+json\" class=\"yoast-schema-graph\">{\"@context\":\"https:\/\/schema.org\",\"@graph\":[{\"@type\":\"WebPage\",\"@id\":\"https:\/\/www.incredible-tours.hr\/en\/putovanja\/istanbul-4-dana-zrakoplovom\/\",\"url\":\"https:\/\/www.incredible-tours.hr\/en\/putovanja\/istanbul-4-dana-zrakoplovom\/\",\"name\":\"Istanbul, 4 dana zrakoplovom - Incredible Croatia Tours\",\"isPartOf\":{\"@id\":\"https:\/\/www.incredible-tours.hr\/en\/#website\"},\"primaryImageOfPage\":{\"@id\":\"https:\/\/www.incredible-tours.hr\/en\/putovanja\/istanbul-4-dana-zrakoplovom\/#primaryimage\"},\"image\":{\"@id\":\"https:\/\/www.incredible-tours.hr\/en\/putovanja\/istanbul-4-dana-zrakoplovom\/#primaryimage\"},\"thumbnailUrl\":\"https:\/\/www.incredible-tours.hr\/wp-content\/uploads\/2024\/03\/luna-zhang-ijhc6ufl-gs-unsplash-rri7d4-l-hycyxq.jpg\",\"datePublished\":\"2024-03-14T10:43:26+00:00\",\"dateModified\":\"2024-03-28T10:14:28+00:00\",\"breadcrumb\":{\"@id\":\"https:\/\/www.incredible-tours.hr\/en\/putovanja\/istanbul-4-dana-zrakoplovom\/#breadcrumb\"},\"inLanguage\":\"en-US\",\"potentialAction\":[{\"@type\":\"ReadAction\",\"target\":[\"https:\/\/www.incredible-tours.hr\/en\/putovanja\/istanbul-4-dana-zrakoplovom\/\"]}]},{\"@type\":\"ImageObject\",\"inLanguage\":\"en-US\",\"@id\":\"https:\/\/www.incredible-tours.hr\/en\/putovanja\/istanbul-4-dana-zrakoplovom\/#primaryimage\",\"url\":\"https:\/\/www.incredible-tours.hr\/wp-content\/uploads\/2024\/03\/luna-zhang-ijhc6ufl-gs-unsplash-rri7d4-l-hycyxq.jpg\",\"contentUrl\":\"https:\/\/www.incredible-tours.hr\/wp-content\/uploads\/2024\/03\/luna-zhang-ijhc6ufl-gs-unsplash-rri7d4-l-hycyxq.jpg\",\"width\":1600,\"height\":900},{\"@type\":\"BreadcrumbList\",\"@id\":\"https:\/\/www.incredible-tours.hr\/en\/putovanja\/istanbul-4-dana-zrakoplovom\/#breadcrumb\",\"itemListElement\":[{\"@type\":\"ListItem\",\"position\":1,\"name\":\"Po\u010detna stranica\",\"item\":\"https:\/\/www.incredible-tours.hr\/en\/incredible-croatia-tours\/\"},{\"@type\":\"ListItem\",\"position\":2,\"name\":\"Shop\",\"item\":\"https:\/\/www.incredible-tours.hr\/en\/shop\/\"},{\"@type\":\"ListItem\",\"position\":3,\"name\":\"Istanbul, 4 dana zrakoplovom\"}]},{\"@type\":\"WebSite\",\"@id\":\"https:\/\/www.incredible-tours.hr\/en\/#website\",\"url\":\"https:\/\/www.incredible-tours.hr\/en\/\",\"name\":\"Incredible Croatia Tours\",\"description\":\"Izleti i Putovanja\",\"potentialAction\":[{\"@type\":\"SearchAction\",\"target\":{\"@type\":\"EntryPoint\",\"urlTemplate\":\"https:\/\/www.incredible-tours.hr\/en\/?s={search_term_string}\"},\"query-input\":{\"@type\":\"PropertyValueSpecification\",\"valueRequired\":true,\"valueName\":\"search_term_string\"}}],\"inLanguage\":\"en-US\"}]}<\/script>\n<!-- \/ Yoast SEO plugin. -->","yoast_head_json":{"title":"Istanbul, 4 dana zrakoplovom - Incredible Croatia Tours","robots":{"index":"index","follow":"follow","max-snippet":"max-snippet:-1","max-image-preview":"max-image-preview:large","max-video-preview":"max-video-preview:-1"},"canonical":"https:\/\/www.incredible-tours.hr\/en\/putovanja\/istanbul-4-dana-zrakoplovom\/","og_locale":"en_US","og_type":"article","og_title":"Istanbul, 4 dana zrakoplovom - Incredible Croatia Tours","og_description":"Istanbul putovanje - posjetite najve\u0107i grad Turske smje\u0161ten na 2 kontinenta i u\u017eivajte u bogatoj povijesti i raznolikosti ovog multikulturalnog grada.","og_url":"https:\/\/www.incredible-tours.hr\/en\/putovanja\/istanbul-4-dana-zrakoplovom\/","og_site_name":"Incredible Croatia Tours","article_modified_time":"2024-03-28T10:14:28+00:00","og_image":[{"width":1600,"height":900,"url":"https:\/\/www.incredible-tours.hr\/wp-content\/uploads\/2024\/03\/luna-zhang-ijhc6ufl-gs-unsplash-rri7d4-l-hycyxq.jpg","type":"image\/jpeg"}],"twitter_card":"summary_large_image","twitter_misc":{"Est. reading time":"4 minutes"},"schema":{"@context":"https:\/\/schema.org","@graph":[{"@type":"WebPage","@id":"https:\/\/www.incredible-tours.hr\/en\/putovanja\/istanbul-4-dana-zrakoplovom\/","url":"https:\/\/www.incredible-tours.hr\/en\/putovanja\/istanbul-4-dana-zrakoplovom\/","name":"Istanbul, 4 dana zrakoplovom - Incredible Croatia Tours","isPartOf":{"@id":"https:\/\/www.incredible-tours.hr\/en\/#website"},"primaryImageOfPage":{"@id":"https:\/\/www.incredible-tours.hr\/en\/putovanja\/istanbul-4-dana-zrakoplovom\/#primaryimage"},"image":{"@id":"https:\/\/www.incredible-tours.hr\/en\/putovanja\/istanbul-4-dana-zrakoplovom\/#primaryimage"},"thumbnailUrl":"https:\/\/www.incredible-tours.hr\/wp-content\/uploads\/2024\/03\/luna-zhang-ijhc6ufl-gs-unsplash-rri7d4-l-hycyxq.jpg","datePublished":"2024-03-14T10:43:26+00:00","dateModified":"2024-03-28T10:14:28+00:00","breadcrumb":{"@id":"https:\/\/www.incredible-tours.hr\/en\/putovanja\/istanbul-4-dana-zrakoplovom\/#breadcrumb"},"inLanguage":"en-US","potentialAction":[{"@type":"ReadAction","target":["https:\/\/www.incredible-tours.hr\/en\/putovanja\/istanbul-4-dana-zrakoplovom\/"]}]},{"@type":"ImageObject","inLanguage":"en-US","@id":"https:\/\/www.incredible-tours.hr\/en\/putovanja\/istanbul-4-dana-zrakoplovom\/#primaryimage","url":"https:\/\/www.incredible-tours.hr\/wp-content\/uploads\/2024\/03\/luna-zhang-ijhc6ufl-gs-unsplash-rri7d4-l-hycyxq.jpg","contentUrl":"https:\/\/www.incredible-tours.hr\/wp-content\/uploads\/2024\/03\/luna-zhang-ijhc6ufl-gs-unsplash-rri7d4-l-hycyxq.jpg","width":1600,"height":900},{"@type":"BreadcrumbList","@id":"https:\/\/www.incredible-tours.hr\/en\/putovanja\/istanbul-4-dana-zrakoplovom\/#breadcrumb","itemListElement":[{"@type":"ListItem","position":1,"name":"Po\u010detna stranica","item":"https:\/\/www.incredible-tours.hr\/en\/incredible-croatia-tours\/"},{"@type":"ListItem","position":2,"name":"Shop","item":"https:\/\/www.incredible-tours.hr\/en\/shop\/"},{"@type":"ListItem","position":3,"name":"Istanbul, 4 dana zrakoplovom"}]},{"@type":"WebSite","@id":"https:\/\/www.incredible-tours.hr\/en\/#website","url":"https:\/\/www.incredible-tours.hr\/en\/","name":"Incredible Croatia Tours","description":"Izleti i Putovanja","potentialAction":[{"@type":"SearchAction","target":{"@type":"EntryPoint","urlTemplate":"https:\/\/www.incredible-tours.hr\/en\/?s={search_term_string}"},"query-input":{"@type":"PropertyValueSpecification","valueRequired":true,"valueName":"search_term_string"}}],"inLanguage":"en-US"}]}},"_links":{"self":[{"href":"https:\/\/www.incredible-tours.hr\/en\/wp-json\/wp\/v2\/product\/2477","targetHints":{"allow":["GET"]}}],"collection":[{"href":"https:\/\/www.incredible-tours.hr\/en\/wp-json\/wp\/v2\/product"}],"about":[{"href":"https:\/\/www.incredible-tours.hr\/en\/wp-json\/wp\/v2\/types\/product"}],"replies":[{"embeddable":true,"href":"https:\/\/www.incredible-tours.hr\/en\/wp-json\/wp\/v2\/comments?post=2477"}],"wp:featuredmedia":[{"embeddable":true,"href":"https:\/\/www.incredible-tours.hr\/en\/wp-json\/wp\/v2\/media\/2481"}],"wp:attachment":[{"href":"https:\/\/www.incredible-tours.hr\/en\/wp-json\/wp\/v2\/media?parent=2477"}],"wp:term":[{"taxonomy":"product_brand","embeddable":true,"href":"https:\/\/www.incredible-tours.hr\/en\/wp-json\/wp\/v2\/product_brand?post=2477"},{"taxonomy":"product_cat","embeddable":true,"href":"https:\/\/www.incredible-tours.hr\/en\/wp-json\/wp\/v2\/product_cat?post=2477"},{"taxonomy":"product_tag","embeddable":true,"href":"https:\/\/www.incredible-tours.hr\/en\/wp-json\/wp\/v2\/product_tag?post=2477"}],"curies":[{"name":"wp","href":"https:\/\/api.w.org\/{rel}","templated":true}]}}