{"id":2491,"date":"2024-03-14T11:02:10","date_gmt":"2024-03-14T11:02:10","guid":{"rendered":"https:\/\/www.incredible-tours.hr\/?post_type=product&#038;p=2491"},"modified":"2024-03-28T09:47:48","modified_gmt":"2024-03-28T09:47:48","slug":"kapadokija-anatolija-i-drevni-gradovi-9-dana","status":"publish","type":"product","link":"https:\/\/www.incredible-tours.hr\/en\/putovanja\/kapadokija-anatolija-i-drevni-gradovi-9-dana\/","title":{"rendered":"KAPADOKIJA, ANATOLIJA I DREVNI GRADOVI \u2013 9 DANA"},"content":{"rendered":"<p>1. Dan: ZAGREB, SLAVONSKI BROD &#8211; PLOVDIV<br \/>\nPolazak autobusa iz Zagreba u 02:00h s Glavnog kolodvora (detalji u zavr\u0161noj obavijesti dva dana prije polaska), te iz Slavonskog Broda u 04:00h s benzinske postaje Tifon (obvezna najava). Ugodna vo\u017enja kroz Hrvatsku i Srbiju uz redovite odmore i zaustavljanja tijekom puta.<\/p>\n<p>Po dolasku idemo u obilazak PLOVDIVA, najljep\u0161eg grada Bugarske, anti\u010dkog grada starijeg od Atene smje\u0161tenog na rijeci Marici. Plovdiv ima vi\u0161e od \u0161est tisu\u0107lje\u0107a bogatu povijest, te je 2019.g bio Europska prijestolnica kulture. Po dolasku idemo u obilazak najve\u0107ih znamenitosti starog grada me\u0111u kojima se izdvajaju izuzetno dobro o\u010duvani rimski teatar, te rimski stadion iz 2st. koji je jedna od najve\u0107ih i najbolje o\u010duvanih gra\u0111evina na balkanskom poluotoku iz doba anti\u010dkog Rima.<\/p>\n<p>Slobodno vrijeme za u\u017eivanje u posebnoj atmosferi Plovdiva. Pro\u0161e\u0107ite starim dijelom grada i pitoresknim vijugavim uli\u010dicama sa starim bugarskim ku\u0107ama, te brojnim crkvama i muzejima. Preporu\u010damo ve\u010deru u nekom od tipi\u010dnih bugarskih restorana u kojima \u0107ete mo\u0107i u\u017eivati u specijalitetima ovog dijela Isto\u010dne Europe. Smje\u0161taj u hotel. No\u0107enje.<\/p>\n<p>2. Dan: GALIPOLI &#8211; \u00c7ANAKKALE \/ TROJA<br \/>\nDoru\u010dak. Nastavak putovanja kroz Bugarsku prema Turskoj.<\/p>\n<p>Nakon ulaska u Tursku, obilazimo GALIPOLI &#8211; najposje\u0107eniji memorijalni nacionalni park na svijetu. Mjesto gdje se odvila najkrvavija bitka I. svjetskog rata. Saznajte mnogo o Osmanskom carstvu, silama Antante i zastra\u0161uju\u0107oj povijesti ovog mjesta koje je oblikovalo svijet kakvog danas poznajemo. Nastavak putovanja i prelazak preko Dardanela \u2013 uskog pomorskog tjesnaca koji dijeli Europu od Azije. Ulazak u Aziju preko veli\u010danstvenog 1915 \u00c7anakkale mosta- najdu\u017eeg vise\u0107eg mosta na svijetu koji je atrakcija sam po sebi. Dolazak u \u00c7anakkale i smje\u0161taj u hotel. Slobodno vrijeme.<\/p>\n<p>Poslijepodne preporu\u010dujemo izlet u TROJU \u2013 \u010duveno arheolo\u0161ko nalazi\u0161te i jedan od najva\u017enijih drevnih gradova povijesti. Troja ve\u0107 tisu\u0107ama godina inspirira pjesnike, knji\u017eevnike i umjetnike, a Homer ju je u\u010dininio slavnom u 8.st.pr.Kr. u svojim epovima Olijada i Odiseja. Obilazak lokaliteta tijekom kojeg \u0107emo saznati kako je neko\u0107 ondje izgledao \u017eivot kada je to bio grad s povr\u0161inom od 270 km2 u kojemu je \u017eivjelo do 10.000 ljudi, saznajte sve o epskim bitkama koje su se ovdje vodile, kao i raznim legendama koje se ve\u017eu uz ovo mjesto.<\/p>\n<p>Slobodna ve\u010der u \u00c7anakkale. Pro\u0161e\u0107ite promenadom uz more gdje je izlo\u017een i veliki trojanski konj koji je kori\u0161ten u filmu Troja, te ve\u010derajte u nekom od lokalnih restorana koji poslu\u017euju specijalitete turske kuhinje. No\u0107enje.<\/p>\n<p>3. Dan: EFEZ &#8211; PAMUKKALE<br \/>\nDoru\u010dak. Odjava iz hotela i nastavak putovanja prema Efezu.<\/p>\n<p>EFEZ (\u00c9phesos) je bio jedan od najzna\u010dajnijih drevnih trgova\u010dkih sredi\u0161ta koji je na svom vrhuncu odisao raznoliko\u0161\u0107u mediteranskih naroda zbog mnogih trgovaca, hodo\u010dasnika i mornara koji su prolazili kroz njega. Zbog navedenog Efez sadr\u017ei i neke od najve\u0107ih znamenosti tog doba: ARTEMIDIN HRAM \u2013 jedno od sedam svjetskih \u010duda antike, AUGUSTOVA VRATA, ostaci VELIKOG KAZALI\u0160TAkoje je moglo primiti 24.000 posjetitelja \u0161to je u doba antike bilo nevjerojatno, CELSIUSOVA KNJI\u017dNICA \u2013 jedna od najve\u0107ih knji\u017enica drevnog svijeta, AGORA, BAZILIKA APOSTOLA SV. IVANA &#8211; sagra\u0111ena u \u010dast sv. Ivana koja sadr\u017ei i njegovu grobnicu. Posjetiti \u0107emo i \u010duveno \u201eBrdo slavuja\u201c, na kojem se nalazi ku\u0107a Svete Marije (HAZRETI MERJEM), mjesto za koje se vjeruje da je Bogorodica provela svoje posljednje dane \u017eivota. Slobodno vrijeme.<\/p>\n<p>Nastavak putovanja prema gradi\u0107u Pamukkale, smje\u0161taj u hotel. Slobodno poslijepodne. Preporu\u010dujemo odlazak na izlet u HIERAPOLIS i izvore PAMUKKALE &#8211; jednu od najve\u0107ih atrakcija ne samo Turske, ve\u0107 i svijeta.<\/p>\n<p>HIERAPOLIS ( pogledajte sliku) je prije vi\u0161e od 2000 godina bio popularan spa gradi\u0107, danas poznato arheolo\u0161ko nalazi\u0161te na UNESCO popisu za\u0161ti\u0107ene svjetske ba\u0161tine. Hierapolis sadr\u017ei velike znamenitosti poput crkve i groba apostola sv. Filipa, groblja sa sarkofazima i veliki AMFITEATAR uklesan u obli\u017enje brdo koji je jedna od najposje\u0107enijih znamenitosti cijele regije.<\/p>\n<p>PAMUKKALE izvori (pogledajte sliku) su mnogima na listi \u017eelja \u0161to moraju posjetiti tijekom \u017eivota. Nestvaran krajolik termalnih izvora neobi\u010dnog oblika, na litici visokoj 200m, s mineralnim \u0161umama, terasastim bazenima, ljekovitom vodom i okamenjenim vodopadima jedno je od jedinstvenih svjetskih lokaliteta.<\/p>\n<p>Slobodno vrijeme tijekom kojega \u0107ete se imati mogu\u0107nost i okupati u Pamukkale izvorima \u0161to je uistinu jedno od nezaboravnih iskustava. Kupanje je mogu\u0107e skoro uvijek s obzirom da je u bazenima topla termalna voda. Povratak u hotel. No\u0107enje.<\/p>\n<p>4. Dan: KONYA &#8211; KAPADOKIJA<br \/>\nDoru\u010dak. Nastavak putovanja kroz sredi\u0161nju Tursku prema Kapadokiji.<\/p>\n<p>Dolazak u KONYU, jedno od najstarijih urbanih sredi\u0161ta na svijetu. Prema legendi, Konya je bila prvo naseljeno mjesto nakon velikog potopa, prije skoro 6000.g. Konya je danas glavni grad istoimene pokrajine, po povr\u0161ini najve\u0107e turske provincije, jedno od najve\u0107ih hodo\u010dasni\u010dkih centara u Turskoj i grad koji svake godine privla\u010di sve ve\u0107i broj turista. Obilazak najve\u0107e znamenitosti Konye, MEVLANA MUZEJ koji je ujedno i njegov mauzolej. Mevlan, poznatiji kao Rumi, bio je perzijski pjesnik, islamski u\u010denjak, teolog i sufijski mistik koji je \u017eivio u 13. st. i imao jedan od najzna\u010dajnijh utjecaja na razvoj literature kroz cijeli Muslimanski svijet. Mevlana Muzej godi\u0161nje ima preko 3,5 miljuna posjetitelja \u0161to ga stavlja u TOP 10 muzeja na svijetu. Sama ova \u010dinjenica puno govori o va\u017enosti ovog muzeja.<\/p>\n<p>Nastavak putovanja. Dolazak u Kapadokiju u ve\u010dernjim satima, smje\u0161taj u hotel i ve\u010dera u hotelu. No\u0107enje.<\/p>\n<p>5. Dan: KAPADOKIJA (G\u00d6REME &#8211; DOLINA DEVA \u201cDOLINA ILUZIJA\u201d &#8211; \u00dcRG\u00dcP)<br \/>\nPrije doru\u010dka preporu\u010dujemo odlazak na nezaboravno iskustvo: let balonom u izlazak sunca iznad \u010dudesnih pejza\u017ea Kapadokije. Jedinstveni do\u017eivljaj koji cijeli \u017eivot ostaje u sje\u0107anju! (pogledajte sliku)<\/p>\n<p>Doru\u010dak u hotelu, te odlazak u cjelodnevno razgledavanje KAPADOKIJE, regije koju su sna\u017ene erupcije vulkana prije 3 milijuna godina formirale u jedan od najnevjerojatnijih unikatnih krajolika na svijetu. Obilazak UNESCO za\u0161ti\u0107ene doline i nacionalnog parka G\u00f6reme, Zelve i Pasa, te Doline deva (Doline iluzija), najposje\u0107enijeg podru\u010dja Kapadokije reprezentativnog za najve\u0107e turisti\u010dke atrakcije ove regije; od tipi\u010dnih krajolika oblikovanih erozijom, do drevnih nastambi izgra\u0111enih unutar samih stijena. Kako je \u00dcrg\u00fcp tipi\u010dni gradi\u0107 Kapadokije, na povratku prema hotelu panoramski \u0107emo ga obi\u0107i kako bismo dodatno do\u017eivjeli ovu regiju.<\/p>\n<p>Ve\u010dera u hotelu. Nave\u010der preporu\u010dujemo odlazak u tipi\u010dni Caravanserai (koji su kroz povijest slu\u017eili kao turske gostionice uz cestu) na \u201cPles Dervi\u0161a\u201d. Neobi\u010dan ceremonijalni ples iz 12.st. prepun ekstatike, vrtnje i povika \u2013 tradicionalan oblik ve\u010dernje zabave za ovu pokrajinu koji daje odli\u010dan uvid u tradiciju ovog dijela Turske. No\u0107enje.<\/p>\n<p>6. Dan: KAPADOKIJA (DOLINA GOLUBOVA &#8211; U\u00c7HISAR &#8211; DERINKUYU)<br \/>\nDoru\u010dak. Odjava iz hotela i nastavak razgledavanja Kapadokije.<\/p>\n<p>Odlazak do \u201cDoline golubova\u201d, jednog od najpitoresknijih predjela Kapadokije gdje \u0107emo napraviti kra\u0107u foto-stop pauzu na putu prema U\u00c7HISARU, gradi\u0107u u kojem se nalazi istoimena dvorac-utvrda (pogledajte sliku) koja je lokalnom stanovni\u0161tu pru\u017eala uto\u010di\u0161te zbog svoje neobi\u010dne arhitekture u stijenama i unutra\u0161njosti s pravim labirintom prolaza. Utvrda se nalazi na najvi\u0161em predjelu Kapadokije i s nje puca prekrasan panoramski pogled. Slobodno vrijeme.<\/p>\n<p>Preporu\u010dujemo odlazak na izlet do obli\u017enjeg DERINKUYU \u2013 misterioznog podzemnog grada, koji se prote\u017ee na \u010dak 18 razina ispod zemlje, najve\u0107eg podzemnog grada ove vrste koji je bio naseljen stotinama godina i dovoljno velik da u njemu \u017eivi \u010dak 20.000 ljudi. Derinkuyu podzemni grad je sadr\u017eavao sve potrebno za \u017eivot, od \u0161kola i crkvi, do konju\u0161nica i vinskih podruma. Napu\u0161ten prije 100 godina, slu\u010dajno je otkriven tek 40 godina kasnije kada je lokalni stanovnik i\u0161ao sru\u0161iti zid u svom podrumu. Nakon obilaska podzemnog grada, napraviti \u0107emo kra\u0107u pauzu kod \u201e3 ljepotice\u201c (vilina dimnjaka), jedne od najvi\u0161e fotografiranih prirodnih atrakcija Kapadokije.<\/p>\n<p>Povratak do U\u00e7hisara, te nastavak putovanja kroz Tursku prema Ankari. Dolazak u Ankaru u ve\u010dernjim satima. Smje\u0161taj u hotel i no\u0107enje.<\/p>\n<p>7. Dan: ANKARA &#8211; ISTANBUL<br \/>\nDoru\u010dak. Odjava iz hotela i odlazak u obilazak ANKARE \u2013 glavnog grada Turske, moderne metropole s preko 5 milijuna stanovnika.<\/p>\n<p>Obilazak nekih od najve\u0107ih znamenitosti: MAUZOLEJ MUSTAFE KEMALA ATAT\u00dcRKA (An\u0131tkabir) &#8211; osniva\u010da moderne turske dr\u017eave kojeg godi\u0161nje obi\u0111e vi\u0161e od 15 milijuna posjetitelja. Mauzolej je monumentalni spomenik u kojem se nalazi veli\u010danstveni Atat\u00fcrkov grob \u2013 40 tona te\u017eak sarkofag smje\u0161ten u Dvorani \u010dasti, te MUZEJ ANATOLSKIH CIVILIZACIJA \u2013 renomirani muzej koji \u010duva neprocjenjive povijesne izlo\u0161ke, od kojih su neki iz razdoblja paleolita. Panoramski obilazak grada autobusom: DR\u017dAVNA KONCERTNA DVORANA; KOCATEPE D\u017dAMIJA u neoklasi\u010dnom osmanskom arhitektonskom stilu; PREDSJEDNI\u010cKA PALA\u010cA; ATAKULE- toranj visok 125 m, s \u010dijeg se vrha pru\u017ea pogled na cijeli grad; ULUS MEYDANI &#8211; poznati spomenik Atat\u00fcrku; ZGRADA PRVE SKUP\u0160TINE; JULIJANOV STUP; RIMSKE KUPELJI; AUGUSTOV HRAM, OSTACI AMFITEATRA; CITADELA s gradskim zidinama, Otomanskim tornjem i Aladinovom d\u017eamijom.<\/p>\n<p>Slobodno vrijeme za samostalno u\u017eivanje u Ankari, ru\u010dak u nekom od mnogobrojnih turskih ili internacionalnih restorana, pravu tursku kavu ili slasticu. Polazak prema Istanbulu u poslijepodnevnim satima. Po dolasku u Istanbul, smje\u0161taj u hotel i no\u0107enje.<\/p>\n<p>8. Dan: ISTANBUL &#8211; SOFIJA<br \/>\nDoru\u010dak. Odjava iz hotela i slobodno prijepodne u Istanbulu do 13 sati.<\/p>\n<p>Preporu\u010dujemo posjet GRAND BAZAARU, jednoj od najve\u0107ih znamenitosti Istanbula &#8211; najpoznatijoj zatvorenoj tr\u017enici na svijetu, kako kroz povijest, tako i danas. Pro\u0161e\u0107ite tzv. &#8220;Zlatnom Ulicom&#8221;, najdu\u017eom i najpopularnijom od 61 ulice koje \u010dine Grand Bazaar koji se prostire na zapanjuju\u0107ih 37.000 m2 i obuhva\u0107a 4000 trgovina u kojima ka\u017eu da mo\u017eete prona\u0107i sve &#8220;od igle do lokomotive&#8221;. Iskoristite povoljne cijene svega i sva\u010dega i obavite veliki shopping ili jednostavno sjednite na turski \u010daj i u\u017eivajte u jedinstvenoj atmosferi ovog posebnog mjesta.<\/p>\n<p>Polazak prema Sofiji. Dolazak u kasnim ve\u010dernjim satima, smje\u0161taj u hotel. No\u0107enje.<\/p>\n<p>9. Dan: SOFIJA &#8211; ZAGREB<br \/>\nDoru\u010dak. Odjava iz hotela i odlazak u obilazak Sofije \u2013 glavnog grada Bugarske.<\/p>\n<p>SOFIJA je jedan od najstarijih gradova Europe s povije\u0161\u0107u bogatom preko 7000 godina, te odu\u0161evljava velikim brojem povijesnih znamenitosti, \u0161armantnim poplo\u010denim \u0161etali\u0161tima, \u017eivim no\u0107nim \u017eivotom i odli\u010dnim opcijama za povoljan shopping. Obilazak glavnih gradskih znamenitosti: \u010duvena KATEDRALA ALEKSANDRA NEVSKOG sa svojom zlatnom kupolom &#8211; jedna od najve\u0107ih pravoslavnih katedrala na svijetu i najpoznatija znamenitost Bugarske, ZGRADA PARLAMENTA, TRG ALEXANDRA BATENBERGA \u2013 glavni gradski trg, CRKVA SVETE SOFIJE \u2013 druga najstarija crkva u Sofiji iz 6 st., PREDSJEDNI\u010cKA PALA\u010cA, ROTONDA SVETOG JURJA, RUSKA CRKVA SVETOG NIKOLE, NARODNO KAZALI\u0160TE, CRKVA SVETE PETKE SAMARD\u017dIJSKE, te BANYA BASHI D\u017dAMIJA\u2013 jedina preostala aktivna d\u017eamija u Sofiji, poznata po svojoj 15 metarskoj kupoli, koju je dizajnirao najve\u0107i arhitekt Otomanskog carstva, Mimar Sinan.<\/p>\n<p>Slobodno vrijeme do podneva. Polazak prema Hrvatskoj. Ugodna vo\u017enja kroz Bugarsku i Srbiju uz redovite odmore i zaustavljanja tijekom puta. Dolazak u Zagreb u no\u0107nim satima.<\/p>\n","protected":false},"excerpt":{"rendered":"<p>Velika tura nekim od najpoznatijih lokaliteta na svijetu!<\/p>\n","protected":false},"featured_media":2492,"comment_status":"open","ping_status":"closed","template":"","meta":{"_acf_changed":false},"product_brand":[],"product_cat":[125,77,61],"product_tag":[],"class_list":{"0":"post-2491","1":"product","2":"type-product","3":"status-publish","4":"has-post-thumbnail","6":"product_cat-inozemstvo","7":"product_cat-kapadocija","8":"product_cat-putovanja","10":"first","11":"instock","12":"shipping-taxable","13":"purchasable","14":"product-type-simple"},"ams_default_variation_id":0,"ams_product_points_reward":[],"ams_product_discount_percentage":0,"ams_price_to_display":575,"acf":[],"ams_acf":[{"key":"google_maps","label":"google maps","value":"<iframe src=\"https:\/\/www.google.com\/maps\/embed?pb=!1m18!1m12!1m3!1d800735.5658305448!2d34.40631350040277!3d38.375052272467016!2m3!1f0!2f0!3f0!3m2!1i1024!2i768!4f13.1!3m3!1m2!1s0x14d6025c679e1679%3A0xf9178b7341dc5e49!2sKapadocija%2C%20Turska!5e0!3m2!1shr!2shr!4v1710414167615!5m2!1shr!2shr\" width=\"100%\" height=\"450\" style=\"border:0;\" allowfullscreen=\"\" loading=\"lazy\" referrerpolicy=\"no-referrer-when-downgrade\"><\/iframe>"}],"yoast_head":"<!-- This site is optimized with the Yoast SEO plugin v25.3 - https:\/\/yoast.com\/wordpress\/plugins\/seo\/ -->\n<title>KAPADOKIJA, ANATOLIJA I DREVNI GRADOVI \u2013 9 DANA - Incredible Croatia Tours<\/title>\n<meta name=\"robots\" content=\"index, follow, max-snippet:-1, max-image-preview:large, max-video-preview:-1\" \/>\n<link rel=\"canonical\" href=\"https:\/\/www.incredible-tours.hr\/en\/putovanja\/kapadokija-anatolija-i-drevni-gradovi-9-dana\/\" \/>\n<meta property=\"og:locale\" content=\"en_US\" \/>\n<meta property=\"og:type\" content=\"article\" \/>\n<meta property=\"og:title\" content=\"KAPADOKIJA, ANATOLIJA I DREVNI GRADOVI \u2013 9 DANA - Incredible Croatia Tours\" \/>\n<meta property=\"og:description\" content=\"Velika tura nekim od najpoznatijih lokaliteta na svijetu!\" \/>\n<meta property=\"og:url\" content=\"https:\/\/www.incredible-tours.hr\/en\/putovanja\/kapadokija-anatolija-i-drevni-gradovi-9-dana\/\" \/>\n<meta property=\"og:site_name\" content=\"Incredible Croatia Tours\" \/>\n<meta property=\"article:modified_time\" content=\"2024-03-28T09:47:48+00:00\" \/>\n<meta property=\"og:image\" content=\"https:\/\/www.incredible-tours.hr\/wp-content\/uploads\/2024\/03\/turska-kapadokija-putovanje.jpg\" \/>\n\t<meta property=\"og:image:width\" content=\"970\" \/>\n\t<meta property=\"og:image:height\" content=\"460\" \/>\n\t<meta property=\"og:image:type\" content=\"image\/jpeg\" \/>\n<meta name=\"twitter:card\" content=\"summary_large_image\" \/>\n<meta name=\"twitter:label1\" content=\"Est. reading time\" \/>\n\t<meta name=\"twitter:data1\" content=\"9 minutes\" \/>\n<script type=\"application\/ld+json\" class=\"yoast-schema-graph\">{\"@context\":\"https:\/\/schema.org\",\"@graph\":[{\"@type\":\"WebPage\",\"@id\":\"https:\/\/www.incredible-tours.hr\/en\/putovanja\/kapadokija-anatolija-i-drevni-gradovi-9-dana\/\",\"url\":\"https:\/\/www.incredible-tours.hr\/en\/putovanja\/kapadokija-anatolija-i-drevni-gradovi-9-dana\/\",\"name\":\"KAPADOKIJA, ANATOLIJA I DREVNI GRADOVI \u2013 9 DANA - Incredible Croatia Tours\",\"isPartOf\":{\"@id\":\"https:\/\/www.incredible-tours.hr\/en\/#website\"},\"primaryImageOfPage\":{\"@id\":\"https:\/\/www.incredible-tours.hr\/en\/putovanja\/kapadokija-anatolija-i-drevni-gradovi-9-dana\/#primaryimage\"},\"image\":{\"@id\":\"https:\/\/www.incredible-tours.hr\/en\/putovanja\/kapadokija-anatolija-i-drevni-gradovi-9-dana\/#primaryimage\"},\"thumbnailUrl\":\"https:\/\/www.incredible-tours.hr\/wp-content\/uploads\/2024\/03\/turska-kapadokija-putovanje.jpg\",\"datePublished\":\"2024-03-14T11:02:10+00:00\",\"dateModified\":\"2024-03-28T09:47:48+00:00\",\"breadcrumb\":{\"@id\":\"https:\/\/www.incredible-tours.hr\/en\/putovanja\/kapadokija-anatolija-i-drevni-gradovi-9-dana\/#breadcrumb\"},\"inLanguage\":\"en-US\",\"potentialAction\":[{\"@type\":\"ReadAction\",\"target\":[\"https:\/\/www.incredible-tours.hr\/en\/putovanja\/kapadokija-anatolija-i-drevni-gradovi-9-dana\/\"]}]},{\"@type\":\"ImageObject\",\"inLanguage\":\"en-US\",\"@id\":\"https:\/\/www.incredible-tours.hr\/en\/putovanja\/kapadokija-anatolija-i-drevni-gradovi-9-dana\/#primaryimage\",\"url\":\"https:\/\/www.incredible-tours.hr\/wp-content\/uploads\/2024\/03\/turska-kapadokija-putovanje.jpg\",\"contentUrl\":\"https:\/\/www.incredible-tours.hr\/wp-content\/uploads\/2024\/03\/turska-kapadokija-putovanje.jpg\",\"width\":970,\"height\":460},{\"@type\":\"BreadcrumbList\",\"@id\":\"https:\/\/www.incredible-tours.hr\/en\/putovanja\/kapadokija-anatolija-i-drevni-gradovi-9-dana\/#breadcrumb\",\"itemListElement\":[{\"@type\":\"ListItem\",\"position\":1,\"name\":\"Po\u010detna stranica\",\"item\":\"https:\/\/www.incredible-tours.hr\/en\/incredible-croatia-tours\/\"},{\"@type\":\"ListItem\",\"position\":2,\"name\":\"Shop\",\"item\":\"https:\/\/www.incredible-tours.hr\/en\/shop\/\"},{\"@type\":\"ListItem\",\"position\":3,\"name\":\"KAPADOKIJA, ANATOLIJA I DREVNI GRADOVI \u2013 9 DANA\"}]},{\"@type\":\"WebSite\",\"@id\":\"https:\/\/www.incredible-tours.hr\/en\/#website\",\"url\":\"https:\/\/www.incredible-tours.hr\/en\/\",\"name\":\"Incredible Croatia Tours\",\"description\":\"Izleti i Putovanja\",\"potentialAction\":[{\"@type\":\"SearchAction\",\"target\":{\"@type\":\"EntryPoint\",\"urlTemplate\":\"https:\/\/www.incredible-tours.hr\/en\/?s={search_term_string}\"},\"query-input\":{\"@type\":\"PropertyValueSpecification\",\"valueRequired\":true,\"valueName\":\"search_term_string\"}}],\"inLanguage\":\"en-US\"}]}<\/script>\n<!-- \/ Yoast SEO plugin. -->","yoast_head_json":{"title":"KAPADOKIJA, ANATOLIJA I DREVNI GRADOVI \u2013 9 DANA - Incredible Croatia Tours","robots":{"index":"index","follow":"follow","max-snippet":"max-snippet:-1","max-image-preview":"max-image-preview:large","max-video-preview":"max-video-preview:-1"},"canonical":"https:\/\/www.incredible-tours.hr\/en\/putovanja\/kapadokija-anatolija-i-drevni-gradovi-9-dana\/","og_locale":"en_US","og_type":"article","og_title":"KAPADOKIJA, ANATOLIJA I DREVNI GRADOVI \u2013 9 DANA - Incredible Croatia Tours","og_description":"Velika tura nekim od najpoznatijih lokaliteta na svijetu!","og_url":"https:\/\/www.incredible-tours.hr\/en\/putovanja\/kapadokija-anatolija-i-drevni-gradovi-9-dana\/","og_site_name":"Incredible Croatia Tours","article_modified_time":"2024-03-28T09:47:48+00:00","og_image":[{"width":970,"height":460,"url":"https:\/\/www.incredible-tours.hr\/wp-content\/uploads\/2024\/03\/turska-kapadokija-putovanje.jpg","type":"image\/jpeg"}],"twitter_card":"summary_large_image","twitter_misc":{"Est. reading time":"9 minutes"},"schema":{"@context":"https:\/\/schema.org","@graph":[{"@type":"WebPage","@id":"https:\/\/www.incredible-tours.hr\/en\/putovanja\/kapadokija-anatolija-i-drevni-gradovi-9-dana\/","url":"https:\/\/www.incredible-tours.hr\/en\/putovanja\/kapadokija-anatolija-i-drevni-gradovi-9-dana\/","name":"KAPADOKIJA, ANATOLIJA I DREVNI GRADOVI \u2013 9 DANA - Incredible Croatia Tours","isPartOf":{"@id":"https:\/\/www.incredible-tours.hr\/en\/#website"},"primaryImageOfPage":{"@id":"https:\/\/www.incredible-tours.hr\/en\/putovanja\/kapadokija-anatolija-i-drevni-gradovi-9-dana\/#primaryimage"},"image":{"@id":"https:\/\/www.incredible-tours.hr\/en\/putovanja\/kapadokija-anatolija-i-drevni-gradovi-9-dana\/#primaryimage"},"thumbnailUrl":"https:\/\/www.incredible-tours.hr\/wp-content\/uploads\/2024\/03\/turska-kapadokija-putovanje.jpg","datePublished":"2024-03-14T11:02:10+00:00","dateModified":"2024-03-28T09:47:48+00:00","breadcrumb":{"@id":"https:\/\/www.incredible-tours.hr\/en\/putovanja\/kapadokija-anatolija-i-drevni-gradovi-9-dana\/#breadcrumb"},"inLanguage":"en-US","potentialAction":[{"@type":"ReadAction","target":["https:\/\/www.incredible-tours.hr\/en\/putovanja\/kapadokija-anatolija-i-drevni-gradovi-9-dana\/"]}]},{"@type":"ImageObject","inLanguage":"en-US","@id":"https:\/\/www.incredible-tours.hr\/en\/putovanja\/kapadokija-anatolija-i-drevni-gradovi-9-dana\/#primaryimage","url":"https:\/\/www.incredible-tours.hr\/wp-content\/uploads\/2024\/03\/turska-kapadokija-putovanje.jpg","contentUrl":"https:\/\/www.incredible-tours.hr\/wp-content\/uploads\/2024\/03\/turska-kapadokija-putovanje.jpg","width":970,"height":460},{"@type":"BreadcrumbList","@id":"https:\/\/www.incredible-tours.hr\/en\/putovanja\/kapadokija-anatolija-i-drevni-gradovi-9-dana\/#breadcrumb","itemListElement":[{"@type":"ListItem","position":1,"name":"Po\u010detna stranica","item":"https:\/\/www.incredible-tours.hr\/en\/incredible-croatia-tours\/"},{"@type":"ListItem","position":2,"name":"Shop","item":"https:\/\/www.incredible-tours.hr\/en\/shop\/"},{"@type":"ListItem","position":3,"name":"KAPADOKIJA, ANATOLIJA I DREVNI GRADOVI \u2013 9 DANA"}]},{"@type":"WebSite","@id":"https:\/\/www.incredible-tours.hr\/en\/#website","url":"https:\/\/www.incredible-tours.hr\/en\/","name":"Incredible Croatia Tours","description":"Izleti i Putovanja","potentialAction":[{"@type":"SearchAction","target":{"@type":"EntryPoint","urlTemplate":"https:\/\/www.incredible-tours.hr\/en\/?s={search_term_string}"},"query-input":{"@type":"PropertyValueSpecification","valueRequired":true,"valueName":"search_term_string"}}],"inLanguage":"en-US"}]}},"_links":{"self":[{"href":"https:\/\/www.incredible-tours.hr\/en\/wp-json\/wp\/v2\/product\/2491","targetHints":{"allow":["GET"]}}],"collection":[{"href":"https:\/\/www.incredible-tours.hr\/en\/wp-json\/wp\/v2\/product"}],"about":[{"href":"https:\/\/www.incredible-tours.hr\/en\/wp-json\/wp\/v2\/types\/product"}],"replies":[{"embeddable":true,"href":"https:\/\/www.incredible-tours.hr\/en\/wp-json\/wp\/v2\/comments?post=2491"}],"wp:featuredmedia":[{"embeddable":true,"href":"https:\/\/www.incredible-tours.hr\/en\/wp-json\/wp\/v2\/media\/2492"}],"wp:attachment":[{"href":"https:\/\/www.incredible-tours.hr\/en\/wp-json\/wp\/v2\/media?parent=2491"}],"wp:term":[{"taxonomy":"product_brand","embeddable":true,"href":"https:\/\/www.incredible-tours.hr\/en\/wp-json\/wp\/v2\/product_brand?post=2491"},{"taxonomy":"product_cat","embeddable":true,"href":"https:\/\/www.incredible-tours.hr\/en\/wp-json\/wp\/v2\/product_cat?post=2491"},{"taxonomy":"product_tag","embeddable":true,"href":"https:\/\/www.incredible-tours.hr\/en\/wp-json\/wp\/v2\/product_tag?post=2491"}],"curies":[{"name":"wp","href":"https:\/\/api.w.org\/{rel}","templated":true}]}}