{"id":2513,"date":"2024-03-14T12:00:38","date_gmt":"2024-03-14T12:00:38","guid":{"rendered":"https:\/\/www.incredible-tours.hr\/?post_type=product&#038;p=2513"},"modified":"2024-03-14T12:04:43","modified_gmt":"2024-03-14T12:04:43","slug":"split-island-hopping-dalmatia","status":"publish","type":"product","link":"https:\/\/www.incredible-tours.hr\/en\/putovanja\/split-island-hopping-dalmatia\/","title":{"rendered":"SPLIT Island hopping Dalmatia"},"content":{"rendered":"<div class=\"cnt\">\n<div class=\"text-1 cl-5\">\n<p><strong>Saturday\u00a0 \u00a0<\/strong>Split &#8211; Supetar &#8211; Pu\u010di\u0161\u0107a (L)<br \/>\nBike Course: Supetar &#8211; Pu\u010di\u0161\u0107a<br \/>\nLength: 25 km<br \/>\nTotal ascend: 380 m<br \/>\nHighest point: 90 m<br \/>\nSurface: 100% paved road<br \/>\nDifficulty level: 2\/5<\/p>\n<p>Arrival in Split and check in till 13:00. Departure with lunch and meet your fellow passengers and the crew. Upon arrival in Supetar you will cycle the coastal road to the northern part of the island of Bra\u010d. We are passing the fishing villages Splitska and Postira and arrive in one of the most beautiful small settlements in Europe &#8211; Pu\u010di\u0161\u0107a. Free afternoon for sightseeing this charming place well known for its long stonemason tradition. Overnight in Pu\u010di\u0161\u0107a.<\/p>\n<p><strong>Sunday\u00a0 \u00a0<\/strong>Pu\u010di\u0161\u0107a &#8211; Pokrivenik\/Jelsa \u2013 Su\u0107uraj \u2013 Lovi\u0161ta (B,L,CD)<br \/>\nBike Course: Pokrivenik &#8211; Su\u0107urajLength: 32 km<br \/>\nTotal ascend: 450 m<br \/>\nHighest point: 350 m<br \/>\nSurface: 100 % paved<br \/>\nDifficulty level: 3\/5<\/p>\n<p>Breakfast and morning sail towards the longest Croatian island &#8211; Hvar with the view on Biokovo mountain. Out starting point is a small picturesque bay Pokrivenik. Starting with ascend to the highest point of the route and descend to the eastern point of Hvar island &#8211; Su\u0107uraj, where the boat is waiting. After lunch on board, sail towards the second biggest Croatian peninsula Pelje\u0161ac and a charming settlement Lovi\u0161ta. Optional Captain&#8217;s dinner on board. Overnight in Lovi\u0161ta.<\/p>\n<p><strong>Monday\u00a0 \u00a0<\/strong>Lovi\u0161ta\/Ku\u010di\u0161ta \u2013 Trstenik (B,D)<br \/>\nBike Course: Lovi\u0161ta\/Ku\u010di\u0161ta \u2013 TrsteniK<br \/>\nLength: 45 km\/31 km<br \/>\nTotal ascend: 800m\/580 m<br \/>\nHighest point: 411 m<br \/>\nSurface: 100% paved<br \/>\nDifficulty level: 4\/5<br \/>\nThe third-day ride we can call the wine-panoramic route. After breakfast we start riding towards Orebi\u0107, the city of seafarers and captains. First few kilometers of ascending and then descending with the unique viewpoints on Kor\u010dula archipelago. After Orebi\u0107 ascend to the area where the most famous varieties of Croatian wine succeed. We cross the tunnel Dinga\u010d to the south side of Pelje\u0161ac and continue riding through vineyards to Trstenik. Overnight in Trstenik.<\/p>\n<p><strong>Tuesday\u00a0 \u00a0<\/strong>Trstenik &#8211; Mljet \u2013 Kor\u010dula (B,L)<br \/>\nBike Course: National park Mljet<br \/>\nLength: 18 km<br \/>\nTotal ascend: 120 m<br \/>\nHighest point: 45 m<br \/>\nSurface: 80 % paved, 20% macadam<br \/>\nDifficulty level: 1\/5<br \/>\nCruise during breakfast from Trstenik to Mljet island, the lush green island also known as Honey-island. Mljet National park (entrance fee to be paid on the spot approx. 17 EUR per person) is a beautiful area of unique charm featuring two connected salt water lakes, a lush flora, a unique appearance of indented coastline, cliffs and numerous islets as well as always green plants of the surrounding hills. We cycle around the saltwater-lake, inside which there is another island with the Benedictine monastery from the 12th century. Refreshment in saltwater lakes and return to lunch on board. Sail to Kor\u010dula. Free afternoon for exploring the town of Marco Polo. Overnight in Kor\u010dula.<\/p>\n<p><strong>Wednesday\u00a0 \u00a0<\/strong>Kor\u010dula &#8211; Vela Luka (B,D)<br \/>\nBike Course: Kor\u010dula &#8211; Pupnat &#8211; Smokvica &#8211; Pri\u017eba &#8211; Blato &#8211; Vela Luka<br \/>\nLength: 55 km<br \/>\nTotal ascend: 750 m<br \/>\nHighest point: 340 m<br \/>\nSurface: 100 % paved<br \/>\nDifficulty level: 4\/5<br \/>\nAfter breakfast we start with the longest route of the week in which we will cycle the whole island of Kor\u010dula. Ascend to \u017drnovo village and then to the oldest settlement on the island &#8211; Pupnat, where is the highest point of the route. Descend to the south side of Kor\u010dula and road ride between one of the most beautiful bay on the island and the steep cliffs above it. We continue the ride through numerous olive groves and vineyards, one of the most famous grape variety Po\u0161ip. Short break in the charming place Smokvica on half the way. Descend to the sea and refreshment in one of the numerous pebble hidden beaches. Ascend towards the viewpoint above town Blato and final descend towards our goal &#8211; Vela Luka. Dinner on board and overnight in Vela Luka.<\/p>\n<p>The last day we start with cruise from Stari Grad to the island of \u0160olta. After breakfast, we start cycling from Stomorska to the highest point of the island &#8211; Gornje selo, enjoying the views on both sides of the island and the scents of Medditeranean plants. Continue to Maslinica on the west part of the island. Short break and return to Stomorska. Lunch on board and sail to Split. Free afternoon for sightseeing the Diocletian&#8217;s city. Overnight in Split.<\/p>\n<p><strong>Saturday\u00a0 \u00a0<\/strong>Disembarkation Split (B)<br \/>\nBreakfast followed by check out at 9:00 am.<\/p>\n<p>SWIMMING BREAKS: In good weather and depending on timings we will have regular swim stops while the vessel anchors in secluded bays or after the cycling before departure to next island.<\/p>\n<p>CYCLING ROUTE: The length of the daily cycling routes is estimated and is based on local information and depends of various detours or short cuts that can be done en route. Sailing and cycling routes may be changed on the spot due to weather conditions and ability of the respective cyclists on board. Departure is during morning hours, mostly after breakfast.<\/p>\n<p>BICYCLES: bike rental possible on request; Katarina Line is not responsible for any damage which may occur on personal bicycles during bike tours and transportation from land to the ship and vice versa; Repair kit for personal bikes obligatory.<\/p>\n<p>FOOD: Breakfast* and either lunch or dinner (*continental breakfast included for Traditional Ensuite vessels, buffet breakfast for Premium vessels). During our cycling routes, we recommend stops at local restaurants where you can sample the local specialties. These meals are not included in the price of the trip and are paid by the customers. There is a possibility to book a Captain&#8217;s dinner (included for Premium vessels), which is paid directly on the spot and is offered by the captain and your tour guide.<\/p>\n<p>BIKE RENTAL INCLUDES BIKES EQUIPPED WITH BOTTLE HOLDER, BAG CARRIER, SMALL BAG (14x8x8 cm) &amp; HELMET<\/p>\n<\/div>\n<\/div>\n","protected":false},"excerpt":{"rendered":"<p>This guided cycling tour in Dalmatia starts and ends in Split exploring amazing coastlines, medieval towns, old villages and picturesque bays. Highlights include great beaches, vineyards, pine woods, cycling across the historic islands and exploring Mljet National Park.<\/p>\n","protected":false},"featured_media":2514,"comment_status":"open","ping_status":"closed","template":"","meta":{"_acf_changed":false},"product_brand":[],"product_cat":[61,81,80],"product_tag":[],"class_list":{"0":"post-2513","1":"product","2":"type-product","3":"status-publish","4":"has-post-thumbnail","6":"product_cat-putovanja","7":"product_cat-split-hrvatska","8":"product_cat-split","10":"first","11":"instock","12":"shipping-taxable","13":"purchasable","14":"product-type-simple"},"ams_default_variation_id":0,"ams_product_points_reward":[],"ams_product_discount_percentage":0,"ams_price_to_display":200,"acf":[],"ams_acf":[{"key":"google_maps","label":"google maps","value":"<iframe src=\"https:\/\/www.google.com\/maps\/embed?pb=!1m18!1m12!1m3!1d46294.55787355156!2d16.417802150514337!3d43.5146450228683!2m3!1f0!2f0!3f0!3m2!1i1024!2i768!4f13.1!3m3!1m2!1s0x13355dfc6bbcf517%3A0xa1798ff631b49f98!2sSplit!5e0!3m2!1shr!2shr!4v1710417704129!5m2!1shr!2shr\" width=\"100%\" height=\"450\" style=\"border:0;\" allowfullscreen=\"\" loading=\"lazy\" referrerpolicy=\"no-referrer-when-downgrade\"><\/iframe>"}],"yoast_head":"<!-- This site is optimized with the Yoast SEO plugin v25.3 - https:\/\/yoast.com\/wordpress\/plugins\/seo\/ -->\n<title>SPLIT Island hopping Dalmatia - Incredible Croatia Tours<\/title>\n<meta name=\"robots\" content=\"index, follow, max-snippet:-1, max-image-preview:large, max-video-preview:-1\" \/>\n<link rel=\"canonical\" href=\"https:\/\/www.incredible-tours.hr\/en\/putovanja\/split-island-hopping-dalmatia\/\" \/>\n<meta property=\"og:locale\" content=\"en_US\" \/>\n<meta property=\"og:type\" content=\"article\" \/>\n<meta property=\"og:title\" content=\"SPLIT Island hopping Dalmatia - Incredible Croatia Tours\" \/>\n<meta property=\"og:description\" content=\"This guided cycling tour in Dalmatia starts and ends in Split exploring amazing coastlines, medieval towns, old villages and picturesque bays. Highlights include great beaches, vineyards, pine woods, cycling across the historic islands and exploring Mljet National Park.\" \/>\n<meta property=\"og:url\" content=\"https:\/\/www.incredible-tours.hr\/en\/putovanja\/split-island-hopping-dalmatia\/\" \/>\n<meta property=\"og:site_name\" content=\"Incredible Croatia Tours\" \/>\n<meta property=\"article:modified_time\" content=\"2024-03-14T12:04:43+00:00\" \/>\n<meta property=\"og:image\" content=\"https:\/\/www.incredible-tours.hr\/wp-content\/uploads\/2024\/03\/29920d_bike.jpg\" \/>\n\t<meta property=\"og:image:width\" content=\"450\" \/>\n\t<meta property=\"og:image:height\" content=\"320\" \/>\n\t<meta property=\"og:image:type\" content=\"image\/jpeg\" \/>\n<meta name=\"twitter:card\" content=\"summary_large_image\" \/>\n<meta name=\"twitter:label1\" content=\"Est. reading time\" \/>\n\t<meta name=\"twitter:data1\" content=\"5 minutes\" \/>\n<script type=\"application\/ld+json\" class=\"yoast-schema-graph\">{\"@context\":\"https:\/\/schema.org\",\"@graph\":[{\"@type\":\"WebPage\",\"@id\":\"https:\/\/www.incredible-tours.hr\/en\/putovanja\/split-island-hopping-dalmatia\/\",\"url\":\"https:\/\/www.incredible-tours.hr\/en\/putovanja\/split-island-hopping-dalmatia\/\",\"name\":\"SPLIT Island hopping Dalmatia - Incredible Croatia Tours\",\"isPartOf\":{\"@id\":\"https:\/\/www.incredible-tours.hr\/en\/#website\"},\"primaryImageOfPage\":{\"@id\":\"https:\/\/www.incredible-tours.hr\/en\/putovanja\/split-island-hopping-dalmatia\/#primaryimage\"},\"image\":{\"@id\":\"https:\/\/www.incredible-tours.hr\/en\/putovanja\/split-island-hopping-dalmatia\/#primaryimage\"},\"thumbnailUrl\":\"https:\/\/www.incredible-tours.hr\/wp-content\/uploads\/2024\/03\/29920d_bike.jpg\",\"datePublished\":\"2024-03-14T12:00:38+00:00\",\"dateModified\":\"2024-03-14T12:04:43+00:00\",\"breadcrumb\":{\"@id\":\"https:\/\/www.incredible-tours.hr\/en\/putovanja\/split-island-hopping-dalmatia\/#breadcrumb\"},\"inLanguage\":\"en-US\",\"potentialAction\":[{\"@type\":\"ReadAction\",\"target\":[\"https:\/\/www.incredible-tours.hr\/en\/putovanja\/split-island-hopping-dalmatia\/\"]}]},{\"@type\":\"ImageObject\",\"inLanguage\":\"en-US\",\"@id\":\"https:\/\/www.incredible-tours.hr\/en\/putovanja\/split-island-hopping-dalmatia\/#primaryimage\",\"url\":\"https:\/\/www.incredible-tours.hr\/wp-content\/uploads\/2024\/03\/29920d_bike.jpg\",\"contentUrl\":\"https:\/\/www.incredible-tours.hr\/wp-content\/uploads\/2024\/03\/29920d_bike.jpg\",\"width\":450,\"height\":320},{\"@type\":\"BreadcrumbList\",\"@id\":\"https:\/\/www.incredible-tours.hr\/en\/putovanja\/split-island-hopping-dalmatia\/#breadcrumb\",\"itemListElement\":[{\"@type\":\"ListItem\",\"position\":1,\"name\":\"Po\u010detna stranica\",\"item\":\"https:\/\/www.incredible-tours.hr\/en\/incredible-croatia-tours\/\"},{\"@type\":\"ListItem\",\"position\":2,\"name\":\"Shop\",\"item\":\"https:\/\/www.incredible-tours.hr\/en\/shop\/\"},{\"@type\":\"ListItem\",\"position\":3,\"name\":\"SPLIT Island hopping Dalmatia\"}]},{\"@type\":\"WebSite\",\"@id\":\"https:\/\/www.incredible-tours.hr\/en\/#website\",\"url\":\"https:\/\/www.incredible-tours.hr\/en\/\",\"name\":\"Incredible Croatia Tours\",\"description\":\"Izleti i Putovanja\",\"potentialAction\":[{\"@type\":\"SearchAction\",\"target\":{\"@type\":\"EntryPoint\",\"urlTemplate\":\"https:\/\/www.incredible-tours.hr\/en\/?s={search_term_string}\"},\"query-input\":{\"@type\":\"PropertyValueSpecification\",\"valueRequired\":true,\"valueName\":\"search_term_string\"}}],\"inLanguage\":\"en-US\"}]}<\/script>\n<!-- \/ Yoast SEO plugin. -->","yoast_head_json":{"title":"SPLIT Island hopping Dalmatia - Incredible Croatia Tours","robots":{"index":"index","follow":"follow","max-snippet":"max-snippet:-1","max-image-preview":"max-image-preview:large","max-video-preview":"max-video-preview:-1"},"canonical":"https:\/\/www.incredible-tours.hr\/en\/putovanja\/split-island-hopping-dalmatia\/","og_locale":"en_US","og_type":"article","og_title":"SPLIT Island hopping Dalmatia - Incredible Croatia Tours","og_description":"This guided cycling tour in Dalmatia starts and ends in Split exploring amazing coastlines, medieval towns, old villages and picturesque bays. Highlights include great beaches, vineyards, pine woods, cycling across the historic islands and exploring Mljet National Park.","og_url":"https:\/\/www.incredible-tours.hr\/en\/putovanja\/split-island-hopping-dalmatia\/","og_site_name":"Incredible Croatia Tours","article_modified_time":"2024-03-14T12:04:43+00:00","og_image":[{"width":450,"height":320,"url":"https:\/\/www.incredible-tours.hr\/wp-content\/uploads\/2024\/03\/29920d_bike.jpg","type":"image\/jpeg"}],"twitter_card":"summary_large_image","twitter_misc":{"Est. reading time":"5 minutes"},"schema":{"@context":"https:\/\/schema.org","@graph":[{"@type":"WebPage","@id":"https:\/\/www.incredible-tours.hr\/en\/putovanja\/split-island-hopping-dalmatia\/","url":"https:\/\/www.incredible-tours.hr\/en\/putovanja\/split-island-hopping-dalmatia\/","name":"SPLIT Island hopping Dalmatia - Incredible Croatia Tours","isPartOf":{"@id":"https:\/\/www.incredible-tours.hr\/en\/#website"},"primaryImageOfPage":{"@id":"https:\/\/www.incredible-tours.hr\/en\/putovanja\/split-island-hopping-dalmatia\/#primaryimage"},"image":{"@id":"https:\/\/www.incredible-tours.hr\/en\/putovanja\/split-island-hopping-dalmatia\/#primaryimage"},"thumbnailUrl":"https:\/\/www.incredible-tours.hr\/wp-content\/uploads\/2024\/03\/29920d_bike.jpg","datePublished":"2024-03-14T12:00:38+00:00","dateModified":"2024-03-14T12:04:43+00:00","breadcrumb":{"@id":"https:\/\/www.incredible-tours.hr\/en\/putovanja\/split-island-hopping-dalmatia\/#breadcrumb"},"inLanguage":"en-US","potentialAction":[{"@type":"ReadAction","target":["https:\/\/www.incredible-tours.hr\/en\/putovanja\/split-island-hopping-dalmatia\/"]}]},{"@type":"ImageObject","inLanguage":"en-US","@id":"https:\/\/www.incredible-tours.hr\/en\/putovanja\/split-island-hopping-dalmatia\/#primaryimage","url":"https:\/\/www.incredible-tours.hr\/wp-content\/uploads\/2024\/03\/29920d_bike.jpg","contentUrl":"https:\/\/www.incredible-tours.hr\/wp-content\/uploads\/2024\/03\/29920d_bike.jpg","width":450,"height":320},{"@type":"BreadcrumbList","@id":"https:\/\/www.incredible-tours.hr\/en\/putovanja\/split-island-hopping-dalmatia\/#breadcrumb","itemListElement":[{"@type":"ListItem","position":1,"name":"Po\u010detna stranica","item":"https:\/\/www.incredible-tours.hr\/en\/incredible-croatia-tours\/"},{"@type":"ListItem","position":2,"name":"Shop","item":"https:\/\/www.incredible-tours.hr\/en\/shop\/"},{"@type":"ListItem","position":3,"name":"SPLIT Island hopping Dalmatia"}]},{"@type":"WebSite","@id":"https:\/\/www.incredible-tours.hr\/en\/#website","url":"https:\/\/www.incredible-tours.hr\/en\/","name":"Incredible Croatia Tours","description":"Izleti i Putovanja","potentialAction":[{"@type":"SearchAction","target":{"@type":"EntryPoint","urlTemplate":"https:\/\/www.incredible-tours.hr\/en\/?s={search_term_string}"},"query-input":{"@type":"PropertyValueSpecification","valueRequired":true,"valueName":"search_term_string"}}],"inLanguage":"en-US"}]}},"_links":{"self":[{"href":"https:\/\/www.incredible-tours.hr\/en\/wp-json\/wp\/v2\/product\/2513","targetHints":{"allow":["GET"]}}],"collection":[{"href":"https:\/\/www.incredible-tours.hr\/en\/wp-json\/wp\/v2\/product"}],"about":[{"href":"https:\/\/www.incredible-tours.hr\/en\/wp-json\/wp\/v2\/types\/product"}],"replies":[{"embeddable":true,"href":"https:\/\/www.incredible-tours.hr\/en\/wp-json\/wp\/v2\/comments?post=2513"}],"wp:featuredmedia":[{"embeddable":true,"href":"https:\/\/www.incredible-tours.hr\/en\/wp-json\/wp\/v2\/media\/2514"}],"wp:attachment":[{"href":"https:\/\/www.incredible-tours.hr\/en\/wp-json\/wp\/v2\/media?parent=2513"}],"wp:term":[{"taxonomy":"product_brand","embeddable":true,"href":"https:\/\/www.incredible-tours.hr\/en\/wp-json\/wp\/v2\/product_brand?post=2513"},{"taxonomy":"product_cat","embeddable":true,"href":"https:\/\/www.incredible-tours.hr\/en\/wp-json\/wp\/v2\/product_cat?post=2513"},{"taxonomy":"product_tag","embeddable":true,"href":"https:\/\/www.incredible-tours.hr\/en\/wp-json\/wp\/v2\/product_tag?post=2513"}],"curies":[{"name":"wp","href":"https:\/\/api.w.org\/{rel}","templated":true}]}}