{"id":252,"date":"2022-06-15T12:54:58","date_gmt":"2022-06-15T12:54:58","guid":{"rendered":"https:\/\/avadawebsites.wpengine.com\/tour-operator\/?post_type=product&#038;p=252"},"modified":"2024-04-24T14:47:28","modified_gmt":"2024-04-24T14:47:28","slug":"hotel-posejdon-3","status":"publish","type":"product","link":"https:\/\/www.incredible-tours.hr\/en\/putovanja\/hotel-posejdon-3\/","title":{"rendered":"Hotel Posejdon 3*"},"content":{"rendered":"<div class=\"row gx-2 mb-3\">\n<div class=\"col-lg-auto d-flex flex-column justify-content-center fw-bold text-primary\">Hrvatska, Dalmacija, Vela Luka<\/div>\n<\/div>\n<p class=\"lead\">Azur special ponuda &#8211; smjene subotom Hotel Posejdon je smje\u0161ten u Veloj Luci. Na zapadnoj strani otoka Kor\u010dule, 1.2 km pje\u0161a\u010dke staze udaljenom od centra grada. Do centra gosti mogu do\u0107i i kratkom vo\u017enjom brodicom preko zaljeva gdje vrijeme mogu provesti u razgledavanju grada, kulturnih znamenitosti, muzeja\u2026<\/p>\n<p>Lokacija: Hotel Posejdon, Vela Luka nalazi se cca 1,2, km od centra<\/p>\n<p>Sadr\u017eaji: 148 soba, restoran u sklopu hotela, aperitiv bar, konferencijska dvorana, Wi-Fi dostupan u sobama i na recepciji; parking besplatan (ograni\u010den broj mjesta, ovisno o raspolo\u017eivosti)<\/p>\n<p>Sobe: obnovljene, klimatizirane, tu\u0161\/WC, SAT TV, neke sobe imaju balkon; tre\u0107i le\u017eaj je fotelja na razvla\u010denje (80&#215;190 cm)<\/p>\n<p>Usluga: all inclusive: puni pansion (doru\u010dak, ru\u010dak, ve\u010dera) \u2013 samoposlu\u017eivanje, pi\u0107e uz obroke, neograni\u010dena konzumacija pi\u0107a na hotelskom lobby baru 11.00-22.00h (to\u010dena bezalkoholna pi\u0107a, vino, pivo, doma\u0107a alkoholna pi\u0107a), popodnevna zakuska 17.00-17.30h (kava, \u010daj sa keksima, kokice)<\/p>\n<p>Sport i zabava:\u00a0ronila\u010dki centar Posejdon, jedan od najmodernijih i najopremljenijih na Jadranu, nalazi se u neposrednoj blizini hotela; stolni tenis; glazba u\u017eivo 2x tjedno<\/p>\n<p>Pla\u017ea: odmah kod hotela, \u0161ljun\u010dana i kamenita, dijelom betonirana<\/p>\n<p>Ku\u0107ni ljubimci: nisu dozvoljeni<\/p>\n","protected":false},"excerpt":{"rendered":"<div class=\"row gx-2 mb-3\">\n<div class=\"col-lg-auto d-flex flex-column justify-content-center fw-bold text-primary\">Azur special ponuda &#8211; smjene subotom Hotel Posejdon je smje\u0161ten u Veloj Luci. Na zapadnoj strani otoka Kor\u010dule, 1.2 km pje\u0161a\u010dke staze udaljenom od centra grada. Do centra gosti mogu do\u0107i i kratkom vo\u017enjom brodicom preko zaljeva gdje vrijeme mogu provesti u razgledavanju grada, kulturnih znamenitosti, muzeja\u2026<\/div>\n<\/div>\n","protected":false},"featured_media":2310,"comment_status":"open","ping_status":"closed","template":"","meta":{"_acf_changed":false},"product_brand":[],"product_cat":[114,59],"product_tag":[27,37,44],"class_list":{"0":"post-252","1":"product","2":"type-product","3":"status-publish","4":"has-post-thumbnail","6":"product_cat-europska-putovanja","7":"product_cat-ljetovanje-jadran","8":"product_tag-4-days","9":"product_tag-free-stay","10":"product_tag-road-trip","12":"first","13":"instock","14":"shipping-taxable","15":"purchasable","16":"product-type-simple"},"ams_default_variation_id":0,"ams_product_points_reward":[],"ams_product_discount_percentage":0,"ams_price_to_display":1390,"acf":[],"ams_acf":[{"key":"google_maps","label":"google maps","value":"<iframe src=\"https:\/\/www.google.com\/maps\/embed?pb=!1m13!1m8!1m3!1d186862.2641780457!2d16.712995!3d42.963044000000004!3m2!1i1024!2i768!4f13.1!3m2!1m1!2zNDLCsDU3JzQ3LjAiTiAxNsKwNDInNDYuOCJF!5e0!3m2!1sen!2sus!4v1709898357339!5m2!1sen!2sus\" width=\"100%\" height=\"450\" style=\"border:0;\" allowfullscreen=\"\" loading=\"lazy\" referrerpolicy=\"no-referrer-when-downgrade\"><\/iframe>"}],"yoast_head":"<!-- This site is optimized with the Yoast SEO plugin v25.3 - https:\/\/yoast.com\/wordpress\/plugins\/seo\/ -->\n<title>Hotel Posejdon 3* - Incredible Croatia Tours<\/title>\n<meta name=\"robots\" content=\"index, follow, max-snippet:-1, max-image-preview:large, max-video-preview:-1\" \/>\n<link rel=\"canonical\" href=\"https:\/\/www.incredible-tours.hr\/en\/putovanja\/hotel-posejdon-3\/\" \/>\n<meta property=\"og:locale\" content=\"en_US\" \/>\n<meta property=\"og:type\" content=\"article\" \/>\n<meta property=\"og:title\" content=\"Hotel Posejdon 3* - Incredible Croatia Tours\" \/>\n<meta property=\"og:description\" content=\"Azur special ponuda - smjene subotom Hotel Posejdon je smje\u0161ten u Veloj Luci. Na zapadnoj strani otoka Kor\u010dule, 1.2 km pje\u0161a\u010dke staze udaljenom od centra grada. Do centra gosti mogu do\u0107i i kratkom vo\u017enjom brodicom preko zaljeva gdje vrijeme mogu provesti u razgledavanju grada, kulturnih znamenitosti, muzeja\u2026\" \/>\n<meta property=\"og:url\" content=\"https:\/\/www.incredible-tours.hr\/en\/putovanja\/hotel-posejdon-3\/\" \/>\n<meta property=\"og:site_name\" content=\"Incredible Croatia Tours\" \/>\n<meta property=\"article:modified_time\" content=\"2024-04-24T14:47:28+00:00\" \/>\n<meta property=\"og:image\" content=\"https:\/\/www.incredible-tours.hr\/wp-content\/uploads\/2022\/06\/hotel-1-3-fm7tdj-s-flpebn.jpg\" \/>\n\t<meta property=\"og:image:width\" content=\"800\" \/>\n\t<meta property=\"og:image:height\" content=\"600\" \/>\n\t<meta property=\"og:image:type\" content=\"image\/jpeg\" \/>\n<meta name=\"twitter:card\" content=\"summary_large_image\" \/>\n<meta name=\"twitter:label1\" content=\"Est. reading time\" \/>\n\t<meta name=\"twitter:data1\" content=\"1 minute\" \/>\n<script type=\"application\/ld+json\" class=\"yoast-schema-graph\">{\"@context\":\"https:\/\/schema.org\",\"@graph\":[{\"@type\":\"WebPage\",\"@id\":\"https:\/\/www.incredible-tours.hr\/en\/putovanja\/hotel-posejdon-3\/\",\"url\":\"https:\/\/www.incredible-tours.hr\/en\/putovanja\/hotel-posejdon-3\/\",\"name\":\"Hotel Posejdon 3* - Incredible Croatia Tours\",\"isPartOf\":{\"@id\":\"https:\/\/www.incredible-tours.hr\/en\/#website\"},\"primaryImageOfPage\":{\"@id\":\"https:\/\/www.incredible-tours.hr\/en\/putovanja\/hotel-posejdon-3\/#primaryimage\"},\"image\":{\"@id\":\"https:\/\/www.incredible-tours.hr\/en\/putovanja\/hotel-posejdon-3\/#primaryimage\"},\"thumbnailUrl\":\"https:\/\/www.incredible-tours.hr\/wp-content\/uploads\/2022\/06\/hotel-1-3-fm7tdj-s-flpebn.jpg\",\"datePublished\":\"2022-06-15T12:54:58+00:00\",\"dateModified\":\"2024-04-24T14:47:28+00:00\",\"breadcrumb\":{\"@id\":\"https:\/\/www.incredible-tours.hr\/en\/putovanja\/hotel-posejdon-3\/#breadcrumb\"},\"inLanguage\":\"en-US\",\"potentialAction\":[{\"@type\":\"ReadAction\",\"target\":[\"https:\/\/www.incredible-tours.hr\/en\/putovanja\/hotel-posejdon-3\/\"]}]},{\"@type\":\"ImageObject\",\"inLanguage\":\"en-US\",\"@id\":\"https:\/\/www.incredible-tours.hr\/en\/putovanja\/hotel-posejdon-3\/#primaryimage\",\"url\":\"https:\/\/www.incredible-tours.hr\/wp-content\/uploads\/2022\/06\/hotel-1-3-fm7tdj-s-flpebn.jpg\",\"contentUrl\":\"https:\/\/www.incredible-tours.hr\/wp-content\/uploads\/2022\/06\/hotel-1-3-fm7tdj-s-flpebn.jpg\",\"width\":800,\"height\":600},{\"@type\":\"BreadcrumbList\",\"@id\":\"https:\/\/www.incredible-tours.hr\/en\/putovanja\/hotel-posejdon-3\/#breadcrumb\",\"itemListElement\":[{\"@type\":\"ListItem\",\"position\":1,\"name\":\"Po\u010detna stranica\",\"item\":\"https:\/\/www.incredible-tours.hr\/en\/incredible-croatia-tours\/\"},{\"@type\":\"ListItem\",\"position\":2,\"name\":\"Shop\",\"item\":\"https:\/\/www.incredible-tours.hr\/en\/shop\/\"},{\"@type\":\"ListItem\",\"position\":3,\"name\":\"Hotel Posejdon 3*\"}]},{\"@type\":\"WebSite\",\"@id\":\"https:\/\/www.incredible-tours.hr\/en\/#website\",\"url\":\"https:\/\/www.incredible-tours.hr\/en\/\",\"name\":\"Incredible Croatia Tours\",\"description\":\"Izleti i Putovanja\",\"potentialAction\":[{\"@type\":\"SearchAction\",\"target\":{\"@type\":\"EntryPoint\",\"urlTemplate\":\"https:\/\/www.incredible-tours.hr\/en\/?s={search_term_string}\"},\"query-input\":{\"@type\":\"PropertyValueSpecification\",\"valueRequired\":true,\"valueName\":\"search_term_string\"}}],\"inLanguage\":\"en-US\"}]}<\/script>\n<!-- \/ Yoast SEO plugin. -->","yoast_head_json":{"title":"Hotel Posejdon 3* - Incredible Croatia Tours","robots":{"index":"index","follow":"follow","max-snippet":"max-snippet:-1","max-image-preview":"max-image-preview:large","max-video-preview":"max-video-preview:-1"},"canonical":"https:\/\/www.incredible-tours.hr\/en\/putovanja\/hotel-posejdon-3\/","og_locale":"en_US","og_type":"article","og_title":"Hotel Posejdon 3* - Incredible Croatia Tours","og_description":"Azur special ponuda - smjene subotom Hotel Posejdon je smje\u0161ten u Veloj Luci. Na zapadnoj strani otoka Kor\u010dule, 1.2 km pje\u0161a\u010dke staze udaljenom od centra grada. Do centra gosti mogu do\u0107i i kratkom vo\u017enjom brodicom preko zaljeva gdje vrijeme mogu provesti u razgledavanju grada, kulturnih znamenitosti, muzeja\u2026","og_url":"https:\/\/www.incredible-tours.hr\/en\/putovanja\/hotel-posejdon-3\/","og_site_name":"Incredible Croatia Tours","article_modified_time":"2024-04-24T14:47:28+00:00","og_image":[{"width":800,"height":600,"url":"https:\/\/www.incredible-tours.hr\/wp-content\/uploads\/2022\/06\/hotel-1-3-fm7tdj-s-flpebn.jpg","type":"image\/jpeg"}],"twitter_card":"summary_large_image","twitter_misc":{"Est. reading time":"1 minute"},"schema":{"@context":"https:\/\/schema.org","@graph":[{"@type":"WebPage","@id":"https:\/\/www.incredible-tours.hr\/en\/putovanja\/hotel-posejdon-3\/","url":"https:\/\/www.incredible-tours.hr\/en\/putovanja\/hotel-posejdon-3\/","name":"Hotel Posejdon 3* - Incredible Croatia Tours","isPartOf":{"@id":"https:\/\/www.incredible-tours.hr\/en\/#website"},"primaryImageOfPage":{"@id":"https:\/\/www.incredible-tours.hr\/en\/putovanja\/hotel-posejdon-3\/#primaryimage"},"image":{"@id":"https:\/\/www.incredible-tours.hr\/en\/putovanja\/hotel-posejdon-3\/#primaryimage"},"thumbnailUrl":"https:\/\/www.incredible-tours.hr\/wp-content\/uploads\/2022\/06\/hotel-1-3-fm7tdj-s-flpebn.jpg","datePublished":"2022-06-15T12:54:58+00:00","dateModified":"2024-04-24T14:47:28+00:00","breadcrumb":{"@id":"https:\/\/www.incredible-tours.hr\/en\/putovanja\/hotel-posejdon-3\/#breadcrumb"},"inLanguage":"en-US","potentialAction":[{"@type":"ReadAction","target":["https:\/\/www.incredible-tours.hr\/en\/putovanja\/hotel-posejdon-3\/"]}]},{"@type":"ImageObject","inLanguage":"en-US","@id":"https:\/\/www.incredible-tours.hr\/en\/putovanja\/hotel-posejdon-3\/#primaryimage","url":"https:\/\/www.incredible-tours.hr\/wp-content\/uploads\/2022\/06\/hotel-1-3-fm7tdj-s-flpebn.jpg","contentUrl":"https:\/\/www.incredible-tours.hr\/wp-content\/uploads\/2022\/06\/hotel-1-3-fm7tdj-s-flpebn.jpg","width":800,"height":600},{"@type":"BreadcrumbList","@id":"https:\/\/www.incredible-tours.hr\/en\/putovanja\/hotel-posejdon-3\/#breadcrumb","itemListElement":[{"@type":"ListItem","position":1,"name":"Po\u010detna stranica","item":"https:\/\/www.incredible-tours.hr\/en\/incredible-croatia-tours\/"},{"@type":"ListItem","position":2,"name":"Shop","item":"https:\/\/www.incredible-tours.hr\/en\/shop\/"},{"@type":"ListItem","position":3,"name":"Hotel Posejdon 3*"}]},{"@type":"WebSite","@id":"https:\/\/www.incredible-tours.hr\/en\/#website","url":"https:\/\/www.incredible-tours.hr\/en\/","name":"Incredible Croatia Tours","description":"Izleti i Putovanja","potentialAction":[{"@type":"SearchAction","target":{"@type":"EntryPoint","urlTemplate":"https:\/\/www.incredible-tours.hr\/en\/?s={search_term_string}"},"query-input":{"@type":"PropertyValueSpecification","valueRequired":true,"valueName":"search_term_string"}}],"inLanguage":"en-US"}]}},"_links":{"self":[{"href":"https:\/\/www.incredible-tours.hr\/en\/wp-json\/wp\/v2\/product\/252","targetHints":{"allow":["GET"]}}],"collection":[{"href":"https:\/\/www.incredible-tours.hr\/en\/wp-json\/wp\/v2\/product"}],"about":[{"href":"https:\/\/www.incredible-tours.hr\/en\/wp-json\/wp\/v2\/types\/product"}],"replies":[{"embeddable":true,"href":"https:\/\/www.incredible-tours.hr\/en\/wp-json\/wp\/v2\/comments?post=252"}],"wp:featuredmedia":[{"embeddable":true,"href":"https:\/\/www.incredible-tours.hr\/en\/wp-json\/wp\/v2\/media\/2310"}],"wp:attachment":[{"href":"https:\/\/www.incredible-tours.hr\/en\/wp-json\/wp\/v2\/media?parent=252"}],"wp:term":[{"taxonomy":"product_brand","embeddable":true,"href":"https:\/\/www.incredible-tours.hr\/en\/wp-json\/wp\/v2\/product_brand?post=252"},{"taxonomy":"product_cat","embeddable":true,"href":"https:\/\/www.incredible-tours.hr\/en\/wp-json\/wp\/v2\/product_cat?post=252"},{"taxonomy":"product_tag","embeddable":true,"href":"https:\/\/www.incredible-tours.hr\/en\/wp-json\/wp\/v2\/product_tag?post=252"}],"curies":[{"name":"wp","href":"https:\/\/api.w.org\/{rel}","templated":true}]}}