{"id":2520,"date":"2024-03-14T12:13:54","date_gmt":"2024-03-14T12:13:54","guid":{"rendered":"https:\/\/www.incredible-tours.hr\/?post_type=product&#038;p=2520"},"modified":"2024-03-28T10:10:24","modified_gmt":"2024-03-28T10:10:24","slug":"obiteljski-izlet-zoo-ljubljana-primark","status":"publish","type":"product","link":"https:\/\/www.incredible-tours.hr\/en\/putovanja\/obiteljski-izlet-zoo-ljubljana-primark\/","title":{"rendered":"Obiteljski izlet: ZOO Ljubljana + Primark"},"content":{"rendered":"<div class=\"cnt\">\n<div class=\"text-1 cl-5\">\n<p>Polazak autobusom iz Preloga u 07:00 sati. Nastavljamo do Male Subotice i \u010cakovca gdje skupljamo ostatak putnika te slijedi ugodna vo\u017enja kroz Sloveniju uz povremeno zaustavljanje za odmor. Vo\u017enja kroz slikovit krajolik slovenskih ravnica do prvog odredi\u0161ta, \u201cZOO Ljubljana\u201d u kojem \u0107emo provesti nekih 4h cca uz razgledavanje i hranjenje \u017eivotinja poput \u017dirafe, Slona, Medvjeda, Lava, Tigra, Losa i drugih. Potom nastavljamo prema centru gdje nam slijedi obilazak grada u pratnji vodi\u010da koji uklju\u010duje razgled svih zna\u010dajnijih znamenitosti gradskog sredi\u0161ta. Ljubljanu kao i njenu okolicu odlikuju tradicionalna gostoljubivost, raznolika priroda, ugodni manji gradovi, tvr\u0111ave i dvorci, seoske crkve sa bogatom umjetni\u010dkom ostav\u0161tinom i kvalitetne doma\u0107e gostionice. \u0160etnja STARIM GRADOM, KATEDRALA SV. NIKOLE, ZMAJEV MOST, PRE\u0160ERNOV TRG, CENTRALNU TR\u017dNICU, TROSTRUKI MOST\u2026 Slobodno vrijeme za ru\u010dak i mogu\u0107nost fakultativnog izleta VO\u017dNJA BRODOM kroz prekrasnu ukra\u0161enu Ljubljanu. Okupljanje grupe u dogovoreno vrijeme, te polazak prema BTC Centru (Primark). Dolazak na mjesto polaska predvi\u0111en je u pristojnim ve\u010dernjim satima.<\/p>\n<\/div>\n<\/div>\n","protected":false},"excerpt":{"rendered":"<p>Polazak autobusom iz Preloga u 07:00 sati. Nastavljamo do Male [&hellip;]<\/p>\n","protected":false},"featured_media":2521,"comment_status":"open","ping_status":"closed","template":"","meta":{"_acf_changed":false},"product_brand":[],"product_cat":[57,114,61,87],"product_tag":[],"class_list":{"0":"post-2520","1":"product","2":"type-product","3":"status-publish","4":"has-post-thumbnail","6":"product_cat-drzava","7":"product_cat-europska-putovanja","8":"product_cat-putovanja","9":"product_cat-slovenija","11":"first","12":"instock","13":"shipping-taxable","14":"purchasable","15":"product-type-simple"},"ams_default_variation_id":0,"ams_product_points_reward":[],"ams_product_discount_percentage":0,"ams_price_to_display":23,"acf":[],"ams_acf":[{"key":"google_maps","label":"google maps","value":"<iframe src=\"https:\/\/www.google.com\/maps\/embed?pb=!1m18!1m12!1m3!1d177089.27124081893!2d15.761664406897426!3d46.09058148262719!2m3!1f0!2f0!3f0!3m2!1i1024!2i768!4f13.1!3m3!1m2!1s0x476531f5969886d1%3A0x400f81c823fec20!2sLjubljana%2C%20Slovenija!5e0!3m2!1shr!2shr!4v1710418497981!5m2!1shr!2shr\" width=\"100%\" height=\"450\" style=\"border:0;\" allowfullscreen=\"\" loading=\"lazy\" referrerpolicy=\"no-referrer-when-downgrade\"><\/iframe>"}],"yoast_head":"<!-- This site is optimized with the Yoast SEO plugin v25.3 - https:\/\/yoast.com\/wordpress\/plugins\/seo\/ -->\n<title>Obiteljski izlet: ZOO Ljubljana + Primark - Incredible Croatia Tours<\/title>\n<meta name=\"robots\" content=\"index, follow, max-snippet:-1, max-image-preview:large, max-video-preview:-1\" \/>\n<link rel=\"canonical\" href=\"https:\/\/www.incredible-tours.hr\/en\/putovanja\/obiteljski-izlet-zoo-ljubljana-primark\/\" \/>\n<meta property=\"og:locale\" content=\"en_US\" \/>\n<meta property=\"og:type\" content=\"article\" \/>\n<meta property=\"og:title\" content=\"Obiteljski izlet: ZOO Ljubljana + Primark - Incredible Croatia Tours\" \/>\n<meta property=\"og:description\" content=\"Polazak autobusom iz Preloga u 07:00 sati. Nastavljamo do Male [&hellip;]\" \/>\n<meta property=\"og:url\" content=\"https:\/\/www.incredible-tours.hr\/en\/putovanja\/obiteljski-izlet-zoo-ljubljana-primark\/\" \/>\n<meta property=\"og:site_name\" content=\"Incredible Croatia Tours\" \/>\n<meta property=\"article:modified_time\" content=\"2024-03-28T10:10:24+00:00\" \/>\n<meta property=\"og:image\" content=\"https:\/\/www.incredible-tours.hr\/wp-content\/uploads\/2024\/03\/tiger-2535888_1280.webp\" \/>\n\t<meta property=\"og:image:width\" content=\"1280\" \/>\n\t<meta property=\"og:image:height\" content=\"853\" \/>\n\t<meta property=\"og:image:type\" content=\"image\/webp\" \/>\n<meta name=\"twitter:card\" content=\"summary_large_image\" \/>\n<meta name=\"twitter:label1\" content=\"Est. reading time\" \/>\n\t<meta name=\"twitter:data1\" content=\"1 minute\" \/>\n<script type=\"application\/ld+json\" class=\"yoast-schema-graph\">{\"@context\":\"https:\/\/schema.org\",\"@graph\":[{\"@type\":\"WebPage\",\"@id\":\"https:\/\/www.incredible-tours.hr\/en\/putovanja\/obiteljski-izlet-zoo-ljubljana-primark\/\",\"url\":\"https:\/\/www.incredible-tours.hr\/en\/putovanja\/obiteljski-izlet-zoo-ljubljana-primark\/\",\"name\":\"Obiteljski izlet: ZOO Ljubljana + Primark - Incredible Croatia Tours\",\"isPartOf\":{\"@id\":\"https:\/\/www.incredible-tours.hr\/en\/#website\"},\"primaryImageOfPage\":{\"@id\":\"https:\/\/www.incredible-tours.hr\/en\/putovanja\/obiteljski-izlet-zoo-ljubljana-primark\/#primaryimage\"},\"image\":{\"@id\":\"https:\/\/www.incredible-tours.hr\/en\/putovanja\/obiteljski-izlet-zoo-ljubljana-primark\/#primaryimage\"},\"thumbnailUrl\":\"https:\/\/www.incredible-tours.hr\/wp-content\/uploads\/2024\/03\/tiger-2535888_1280.webp\",\"datePublished\":\"2024-03-14T12:13:54+00:00\",\"dateModified\":\"2024-03-28T10:10:24+00:00\",\"breadcrumb\":{\"@id\":\"https:\/\/www.incredible-tours.hr\/en\/putovanja\/obiteljski-izlet-zoo-ljubljana-primark\/#breadcrumb\"},\"inLanguage\":\"en-US\",\"potentialAction\":[{\"@type\":\"ReadAction\",\"target\":[\"https:\/\/www.incredible-tours.hr\/en\/putovanja\/obiteljski-izlet-zoo-ljubljana-primark\/\"]}]},{\"@type\":\"ImageObject\",\"inLanguage\":\"en-US\",\"@id\":\"https:\/\/www.incredible-tours.hr\/en\/putovanja\/obiteljski-izlet-zoo-ljubljana-primark\/#primaryimage\",\"url\":\"https:\/\/www.incredible-tours.hr\/wp-content\/uploads\/2024\/03\/tiger-2535888_1280.webp\",\"contentUrl\":\"https:\/\/www.incredible-tours.hr\/wp-content\/uploads\/2024\/03\/tiger-2535888_1280.webp\",\"width\":1280,\"height\":853},{\"@type\":\"BreadcrumbList\",\"@id\":\"https:\/\/www.incredible-tours.hr\/en\/putovanja\/obiteljski-izlet-zoo-ljubljana-primark\/#breadcrumb\",\"itemListElement\":[{\"@type\":\"ListItem\",\"position\":1,\"name\":\"Po\u010detna stranica\",\"item\":\"https:\/\/www.incredible-tours.hr\/en\/incredible-croatia-tours\/\"},{\"@type\":\"ListItem\",\"position\":2,\"name\":\"Shop\",\"item\":\"https:\/\/www.incredible-tours.hr\/en\/shop\/\"},{\"@type\":\"ListItem\",\"position\":3,\"name\":\"Obiteljski izlet: ZOO Ljubljana + Primark\"}]},{\"@type\":\"WebSite\",\"@id\":\"https:\/\/www.incredible-tours.hr\/en\/#website\",\"url\":\"https:\/\/www.incredible-tours.hr\/en\/\",\"name\":\"Incredible Croatia Tours\",\"description\":\"Izleti i Putovanja\",\"potentialAction\":[{\"@type\":\"SearchAction\",\"target\":{\"@type\":\"EntryPoint\",\"urlTemplate\":\"https:\/\/www.incredible-tours.hr\/en\/?s={search_term_string}\"},\"query-input\":{\"@type\":\"PropertyValueSpecification\",\"valueRequired\":true,\"valueName\":\"search_term_string\"}}],\"inLanguage\":\"en-US\"}]}<\/script>\n<!-- \/ Yoast SEO plugin. -->","yoast_head_json":{"title":"Obiteljski izlet: ZOO Ljubljana + Primark - Incredible Croatia Tours","robots":{"index":"index","follow":"follow","max-snippet":"max-snippet:-1","max-image-preview":"max-image-preview:large","max-video-preview":"max-video-preview:-1"},"canonical":"https:\/\/www.incredible-tours.hr\/en\/putovanja\/obiteljski-izlet-zoo-ljubljana-primark\/","og_locale":"en_US","og_type":"article","og_title":"Obiteljski izlet: ZOO Ljubljana + Primark - Incredible Croatia Tours","og_description":"Polazak autobusom iz Preloga u 07:00 sati. Nastavljamo do Male [&hellip;]","og_url":"https:\/\/www.incredible-tours.hr\/en\/putovanja\/obiteljski-izlet-zoo-ljubljana-primark\/","og_site_name":"Incredible Croatia Tours","article_modified_time":"2024-03-28T10:10:24+00:00","og_image":[{"width":1280,"height":853,"url":"https:\/\/www.incredible-tours.hr\/wp-content\/uploads\/2024\/03\/tiger-2535888_1280.webp","type":"image\/webp"}],"twitter_card":"summary_large_image","twitter_misc":{"Est. reading time":"1 minute"},"schema":{"@context":"https:\/\/schema.org","@graph":[{"@type":"WebPage","@id":"https:\/\/www.incredible-tours.hr\/en\/putovanja\/obiteljski-izlet-zoo-ljubljana-primark\/","url":"https:\/\/www.incredible-tours.hr\/en\/putovanja\/obiteljski-izlet-zoo-ljubljana-primark\/","name":"Obiteljski izlet: ZOO Ljubljana + Primark - Incredible Croatia Tours","isPartOf":{"@id":"https:\/\/www.incredible-tours.hr\/en\/#website"},"primaryImageOfPage":{"@id":"https:\/\/www.incredible-tours.hr\/en\/putovanja\/obiteljski-izlet-zoo-ljubljana-primark\/#primaryimage"},"image":{"@id":"https:\/\/www.incredible-tours.hr\/en\/putovanja\/obiteljski-izlet-zoo-ljubljana-primark\/#primaryimage"},"thumbnailUrl":"https:\/\/www.incredible-tours.hr\/wp-content\/uploads\/2024\/03\/tiger-2535888_1280.webp","datePublished":"2024-03-14T12:13:54+00:00","dateModified":"2024-03-28T10:10:24+00:00","breadcrumb":{"@id":"https:\/\/www.incredible-tours.hr\/en\/putovanja\/obiteljski-izlet-zoo-ljubljana-primark\/#breadcrumb"},"inLanguage":"en-US","potentialAction":[{"@type":"ReadAction","target":["https:\/\/www.incredible-tours.hr\/en\/putovanja\/obiteljski-izlet-zoo-ljubljana-primark\/"]}]},{"@type":"ImageObject","inLanguage":"en-US","@id":"https:\/\/www.incredible-tours.hr\/en\/putovanja\/obiteljski-izlet-zoo-ljubljana-primark\/#primaryimage","url":"https:\/\/www.incredible-tours.hr\/wp-content\/uploads\/2024\/03\/tiger-2535888_1280.webp","contentUrl":"https:\/\/www.incredible-tours.hr\/wp-content\/uploads\/2024\/03\/tiger-2535888_1280.webp","width":1280,"height":853},{"@type":"BreadcrumbList","@id":"https:\/\/www.incredible-tours.hr\/en\/putovanja\/obiteljski-izlet-zoo-ljubljana-primark\/#breadcrumb","itemListElement":[{"@type":"ListItem","position":1,"name":"Po\u010detna stranica","item":"https:\/\/www.incredible-tours.hr\/en\/incredible-croatia-tours\/"},{"@type":"ListItem","position":2,"name":"Shop","item":"https:\/\/www.incredible-tours.hr\/en\/shop\/"},{"@type":"ListItem","position":3,"name":"Obiteljski izlet: ZOO Ljubljana + Primark"}]},{"@type":"WebSite","@id":"https:\/\/www.incredible-tours.hr\/en\/#website","url":"https:\/\/www.incredible-tours.hr\/en\/","name":"Incredible Croatia Tours","description":"Izleti i Putovanja","potentialAction":[{"@type":"SearchAction","target":{"@type":"EntryPoint","urlTemplate":"https:\/\/www.incredible-tours.hr\/en\/?s={search_term_string}"},"query-input":{"@type":"PropertyValueSpecification","valueRequired":true,"valueName":"search_term_string"}}],"inLanguage":"en-US"}]}},"_links":{"self":[{"href":"https:\/\/www.incredible-tours.hr\/en\/wp-json\/wp\/v2\/product\/2520","targetHints":{"allow":["GET"]}}],"collection":[{"href":"https:\/\/www.incredible-tours.hr\/en\/wp-json\/wp\/v2\/product"}],"about":[{"href":"https:\/\/www.incredible-tours.hr\/en\/wp-json\/wp\/v2\/types\/product"}],"replies":[{"embeddable":true,"href":"https:\/\/www.incredible-tours.hr\/en\/wp-json\/wp\/v2\/comments?post=2520"}],"wp:featuredmedia":[{"embeddable":true,"href":"https:\/\/www.incredible-tours.hr\/en\/wp-json\/wp\/v2\/media\/2521"}],"wp:attachment":[{"href":"https:\/\/www.incredible-tours.hr\/en\/wp-json\/wp\/v2\/media?parent=2520"}],"wp:term":[{"taxonomy":"product_brand","embeddable":true,"href":"https:\/\/www.incredible-tours.hr\/en\/wp-json\/wp\/v2\/product_brand?post=2520"},{"taxonomy":"product_cat","embeddable":true,"href":"https:\/\/www.incredible-tours.hr\/en\/wp-json\/wp\/v2\/product_cat?post=2520"},{"taxonomy":"product_tag","embeddable":true,"href":"https:\/\/www.incredible-tours.hr\/en\/wp-json\/wp\/v2\/product_tag?post=2520"}],"curies":[{"name":"wp","href":"https:\/\/api.w.org\/{rel}","templated":true}]}}