{"id":2527,"date":"2024-03-14T12:27:51","date_gmt":"2024-03-14T12:27:51","guid":{"rendered":"https:\/\/www.incredible-tours.hr\/?post_type=product&#038;p=2527"},"modified":"2024-03-28T08:59:04","modified_gmt":"2024-03-28T08:59:04","slug":"velika-planina-kamniske-alpe","status":"publish","type":"product","link":"https:\/\/www.incredible-tours.hr\/en\/putovanja\/velika-planina-kamniske-alpe\/","title":{"rendered":"Velika Planina &#038; Kamni\u0161ke Alpe"},"content":{"rendered":"<div class=\"cnt\">\n<div class=\"text-1 cl-5\">\n<p>Polazak u 6:00 sati iz Preloga te nastavak puta prema \u010cakovcu i Vara\u017edinu uz priklju\u010dak na me\u0111unarodnu granicu Dubrava. Nakon upoznavanja grupe s voditeljem putovanja, slijedi ugodna vo\u017enja kroz Hrvatsku i Sloveniju do jedne potpuno prirodne destinacije koja \u0107e vas oboriti s nogu. Dolazak do parkinga u Stahovici, odakle kre\u0107emo gondolom do vrha\u00a0<strong>VELIKE PLANINE<\/strong>\u00a0na skoro 1500 metara u svega pet minuta. Dalje nastavljamo klasi\u010dnom \u017ei\u0107arom. Do\u010dekuje nas lokalni vodi\u010d koji \u0107e nas provesti slikovitim pa\u0161njacima do pastirskog naselja, koje o\u017eivi sa toplijim vremenom, a idealno je vrijeme od lipnja do rujna kada vrijedni pastiri paze na svoje kravice u prirodnoj idili Kamni\u0161kih Alpi. Slijedi razgled pastirskog naselja, posjet PRESKARJEVOM MUZEJU, KAPELICI SV. MARIJE i slobodno vrijeme za u\u017eivanje u doma\u0107oj gastronomiji kod PLANIARSKOG DOMA na zelenim i mirisnim livadama te svje\u017eem planinskom zraku. U poslijepodnevnim satima slijedi povratak gondolom u dolinu do ECO RESORTA gdje se mo\u017eete pro\u0161etati kroz glamping ku\u0107ice, dru\u017eiti se s doma\u0107im \u017eivotinjama ili popiti koje pi\u0107e. Okupljanje grupe u dogovoreno vrijeme te polazak prema Me\u0111imurju. Dolazak na mjesto polaska predvi\u0111eno je u pristojnim ve\u010dernjim satima.<\/p>\n<\/div>\n<\/div>\n","protected":false},"excerpt":{"rendered":"<p>Polazak u 6:00 sati iz Preloga te nastavak puta prema [&hellip;]<\/p>\n","protected":false},"featured_media":2528,"comment_status":"open","ping_status":"closed","template":"","meta":{"_acf_changed":false},"product_brand":[],"product_cat":[57,99,61,122,87],"product_tag":[],"class_list":{"0":"post-2527","1":"product","2":"type-product","3":"status-publish","4":"has-post-thumbnail","6":"product_cat-drzava","7":"product_cat-jednodnevni-izleti","8":"product_cat-putovanja","9":"product_cat-slovenija-jednodnevni-izleti","10":"product_cat-slovenija","12":"first","13":"instock","14":"shipping-taxable","15":"purchasable","16":"product-type-simple"},"ams_default_variation_id":0,"ams_product_points_reward":[],"ams_product_discount_percentage":0,"ams_price_to_display":35,"acf":[],"ams_acf":[{"key":"google_maps","label":"google maps","value":"<iframe src=\"https:\/\/www.google.com\/maps\/embed?pb=!1m18!1m12!1m3!1d11012.780731568959!2d14.553016924664997!3d46.36551538571768!2m3!1f0!2f0!3f0!3m2!1i1024!2i768!4f13.1!3m3!1m2!1s0x477ab205de112827%3A0x69103ecfdde9836f!2sKamni%C5%A1ko-Savinjske%20Alpe!5e0!3m2!1shr!2shr!4v1710419405187!5m2!1shr!2shr\" width=\"100%\" height=\"450\" style=\"border:0;\" allowfullscreen=\"\" loading=\"lazy\" referrerpolicy=\"no-referrer-when-downgrade\"><\/iframe>"}],"yoast_head":"<!-- This site is optimized with the Yoast SEO plugin v25.3 - https:\/\/yoast.com\/wordpress\/plugins\/seo\/ -->\n<title>Velika Planina &amp; Kamni\u0161ke Alpe - Incredible Croatia Tours<\/title>\n<meta name=\"robots\" content=\"index, follow, max-snippet:-1, max-image-preview:large, max-video-preview:-1\" \/>\n<link rel=\"canonical\" href=\"https:\/\/www.incredible-tours.hr\/en\/putovanja\/velika-planina-kamniske-alpe\/\" \/>\n<meta property=\"og:locale\" content=\"en_US\" \/>\n<meta property=\"og:type\" content=\"article\" \/>\n<meta property=\"og:title\" content=\"Velika Planina &amp; Kamni\u0161ke Alpe - Incredible Croatia Tours\" \/>\n<meta property=\"og:description\" content=\"Polazak u 6:00 sati iz Preloga te nastavak puta prema [&hellip;]\" \/>\n<meta property=\"og:url\" content=\"https:\/\/www.incredible-tours.hr\/en\/putovanja\/velika-planina-kamniske-alpe\/\" \/>\n<meta property=\"og:site_name\" content=\"Incredible Croatia Tours\" \/>\n<meta property=\"article:modified_time\" content=\"2024-03-28T08:59:04+00:00\" \/>\n<meta property=\"og:image\" content=\"https:\/\/www.incredible-tours.hr\/wp-content\/uploads\/2024\/03\/IMG_5369.webp\" \/>\n\t<meta property=\"og:image:width\" content=\"1920\" \/>\n\t<meta property=\"og:image:height\" content=\"1280\" \/>\n\t<meta property=\"og:image:type\" content=\"image\/webp\" \/>\n<meta name=\"twitter:card\" content=\"summary_large_image\" \/>\n<meta name=\"twitter:label1\" content=\"Est. reading time\" \/>\n\t<meta name=\"twitter:data1\" content=\"1 minute\" \/>\n<script type=\"application\/ld+json\" class=\"yoast-schema-graph\">{\"@context\":\"https:\/\/schema.org\",\"@graph\":[{\"@type\":\"WebPage\",\"@id\":\"https:\/\/www.incredible-tours.hr\/en\/putovanja\/velika-planina-kamniske-alpe\/\",\"url\":\"https:\/\/www.incredible-tours.hr\/en\/putovanja\/velika-planina-kamniske-alpe\/\",\"name\":\"Velika Planina & Kamni\u0161ke Alpe - Incredible Croatia Tours\",\"isPartOf\":{\"@id\":\"https:\/\/www.incredible-tours.hr\/en\/#website\"},\"primaryImageOfPage\":{\"@id\":\"https:\/\/www.incredible-tours.hr\/en\/putovanja\/velika-planina-kamniske-alpe\/#primaryimage\"},\"image\":{\"@id\":\"https:\/\/www.incredible-tours.hr\/en\/putovanja\/velika-planina-kamniske-alpe\/#primaryimage\"},\"thumbnailUrl\":\"https:\/\/www.incredible-tours.hr\/wp-content\/uploads\/2024\/03\/IMG_5369.webp\",\"datePublished\":\"2024-03-14T12:27:51+00:00\",\"dateModified\":\"2024-03-28T08:59:04+00:00\",\"breadcrumb\":{\"@id\":\"https:\/\/www.incredible-tours.hr\/en\/putovanja\/velika-planina-kamniske-alpe\/#breadcrumb\"},\"inLanguage\":\"en-US\",\"potentialAction\":[{\"@type\":\"ReadAction\",\"target\":[\"https:\/\/www.incredible-tours.hr\/en\/putovanja\/velika-planina-kamniske-alpe\/\"]}]},{\"@type\":\"ImageObject\",\"inLanguage\":\"en-US\",\"@id\":\"https:\/\/www.incredible-tours.hr\/en\/putovanja\/velika-planina-kamniske-alpe\/#primaryimage\",\"url\":\"https:\/\/www.incredible-tours.hr\/wp-content\/uploads\/2024\/03\/IMG_5369.webp\",\"contentUrl\":\"https:\/\/www.incredible-tours.hr\/wp-content\/uploads\/2024\/03\/IMG_5369.webp\",\"width\":1920,\"height\":1280},{\"@type\":\"BreadcrumbList\",\"@id\":\"https:\/\/www.incredible-tours.hr\/en\/putovanja\/velika-planina-kamniske-alpe\/#breadcrumb\",\"itemListElement\":[{\"@type\":\"ListItem\",\"position\":1,\"name\":\"Po\u010detna stranica\",\"item\":\"https:\/\/www.incredible-tours.hr\/en\/incredible-croatia-tours\/\"},{\"@type\":\"ListItem\",\"position\":2,\"name\":\"Shop\",\"item\":\"https:\/\/www.incredible-tours.hr\/en\/shop\/\"},{\"@type\":\"ListItem\",\"position\":3,\"name\":\"Velika Planina &#038; Kamni\u0161ke Alpe\"}]},{\"@type\":\"WebSite\",\"@id\":\"https:\/\/www.incredible-tours.hr\/en\/#website\",\"url\":\"https:\/\/www.incredible-tours.hr\/en\/\",\"name\":\"Incredible Croatia Tours\",\"description\":\"Izleti i Putovanja\",\"potentialAction\":[{\"@type\":\"SearchAction\",\"target\":{\"@type\":\"EntryPoint\",\"urlTemplate\":\"https:\/\/www.incredible-tours.hr\/en\/?s={search_term_string}\"},\"query-input\":{\"@type\":\"PropertyValueSpecification\",\"valueRequired\":true,\"valueName\":\"search_term_string\"}}],\"inLanguage\":\"en-US\"}]}<\/script>\n<!-- \/ Yoast SEO plugin. -->","yoast_head_json":{"title":"Velika Planina & Kamni\u0161ke Alpe - Incredible Croatia Tours","robots":{"index":"index","follow":"follow","max-snippet":"max-snippet:-1","max-image-preview":"max-image-preview:large","max-video-preview":"max-video-preview:-1"},"canonical":"https:\/\/www.incredible-tours.hr\/en\/putovanja\/velika-planina-kamniske-alpe\/","og_locale":"en_US","og_type":"article","og_title":"Velika Planina & Kamni\u0161ke Alpe - Incredible Croatia Tours","og_description":"Polazak u 6:00 sati iz Preloga te nastavak puta prema [&hellip;]","og_url":"https:\/\/www.incredible-tours.hr\/en\/putovanja\/velika-planina-kamniske-alpe\/","og_site_name":"Incredible Croatia Tours","article_modified_time":"2024-03-28T08:59:04+00:00","og_image":[{"width":1920,"height":1280,"url":"https:\/\/www.incredible-tours.hr\/wp-content\/uploads\/2024\/03\/IMG_5369.webp","type":"image\/webp"}],"twitter_card":"summary_large_image","twitter_misc":{"Est. reading time":"1 minute"},"schema":{"@context":"https:\/\/schema.org","@graph":[{"@type":"WebPage","@id":"https:\/\/www.incredible-tours.hr\/en\/putovanja\/velika-planina-kamniske-alpe\/","url":"https:\/\/www.incredible-tours.hr\/en\/putovanja\/velika-planina-kamniske-alpe\/","name":"Velika Planina & Kamni\u0161ke Alpe - Incredible Croatia Tours","isPartOf":{"@id":"https:\/\/www.incredible-tours.hr\/en\/#website"},"primaryImageOfPage":{"@id":"https:\/\/www.incredible-tours.hr\/en\/putovanja\/velika-planina-kamniske-alpe\/#primaryimage"},"image":{"@id":"https:\/\/www.incredible-tours.hr\/en\/putovanja\/velika-planina-kamniske-alpe\/#primaryimage"},"thumbnailUrl":"https:\/\/www.incredible-tours.hr\/wp-content\/uploads\/2024\/03\/IMG_5369.webp","datePublished":"2024-03-14T12:27:51+00:00","dateModified":"2024-03-28T08:59:04+00:00","breadcrumb":{"@id":"https:\/\/www.incredible-tours.hr\/en\/putovanja\/velika-planina-kamniske-alpe\/#breadcrumb"},"inLanguage":"en-US","potentialAction":[{"@type":"ReadAction","target":["https:\/\/www.incredible-tours.hr\/en\/putovanja\/velika-planina-kamniske-alpe\/"]}]},{"@type":"ImageObject","inLanguage":"en-US","@id":"https:\/\/www.incredible-tours.hr\/en\/putovanja\/velika-planina-kamniske-alpe\/#primaryimage","url":"https:\/\/www.incredible-tours.hr\/wp-content\/uploads\/2024\/03\/IMG_5369.webp","contentUrl":"https:\/\/www.incredible-tours.hr\/wp-content\/uploads\/2024\/03\/IMG_5369.webp","width":1920,"height":1280},{"@type":"BreadcrumbList","@id":"https:\/\/www.incredible-tours.hr\/en\/putovanja\/velika-planina-kamniske-alpe\/#breadcrumb","itemListElement":[{"@type":"ListItem","position":1,"name":"Po\u010detna stranica","item":"https:\/\/www.incredible-tours.hr\/en\/incredible-croatia-tours\/"},{"@type":"ListItem","position":2,"name":"Shop","item":"https:\/\/www.incredible-tours.hr\/en\/shop\/"},{"@type":"ListItem","position":3,"name":"Velika Planina &#038; Kamni\u0161ke Alpe"}]},{"@type":"WebSite","@id":"https:\/\/www.incredible-tours.hr\/en\/#website","url":"https:\/\/www.incredible-tours.hr\/en\/","name":"Incredible Croatia Tours","description":"Izleti i Putovanja","potentialAction":[{"@type":"SearchAction","target":{"@type":"EntryPoint","urlTemplate":"https:\/\/www.incredible-tours.hr\/en\/?s={search_term_string}"},"query-input":{"@type":"PropertyValueSpecification","valueRequired":true,"valueName":"search_term_string"}}],"inLanguage":"en-US"}]}},"_links":{"self":[{"href":"https:\/\/www.incredible-tours.hr\/en\/wp-json\/wp\/v2\/product\/2527","targetHints":{"allow":["GET"]}}],"collection":[{"href":"https:\/\/www.incredible-tours.hr\/en\/wp-json\/wp\/v2\/product"}],"about":[{"href":"https:\/\/www.incredible-tours.hr\/en\/wp-json\/wp\/v2\/types\/product"}],"replies":[{"embeddable":true,"href":"https:\/\/www.incredible-tours.hr\/en\/wp-json\/wp\/v2\/comments?post=2527"}],"wp:featuredmedia":[{"embeddable":true,"href":"https:\/\/www.incredible-tours.hr\/en\/wp-json\/wp\/v2\/media\/2528"}],"wp:attachment":[{"href":"https:\/\/www.incredible-tours.hr\/en\/wp-json\/wp\/v2\/media?parent=2527"}],"wp:term":[{"taxonomy":"product_brand","embeddable":true,"href":"https:\/\/www.incredible-tours.hr\/en\/wp-json\/wp\/v2\/product_brand?post=2527"},{"taxonomy":"product_cat","embeddable":true,"href":"https:\/\/www.incredible-tours.hr\/en\/wp-json\/wp\/v2\/product_cat?post=2527"},{"taxonomy":"product_tag","embeddable":true,"href":"https:\/\/www.incredible-tours.hr\/en\/wp-json\/wp\/v2\/product_tag?post=2527"}],"curies":[{"name":"wp","href":"https:\/\/api.w.org\/{rel}","templated":true}]}}