{"id":2534,"date":"2024-03-14T12:37:56","date_gmt":"2024-03-14T12:37:56","guid":{"rendered":"https:\/\/www.incredible-tours.hr\/?post_type=product&#038;p=2534"},"modified":"2024-03-28T10:10:22","modified_gmt":"2024-03-28T10:10:22","slug":"najljepse-europsko-selo-jelenov-greben-olimje","status":"publish","type":"product","link":"https:\/\/www.incredible-tours.hr\/en\/putovanja\/najljepse-europsko-selo-jelenov-greben-olimje\/","title":{"rendered":"NAJLJEP\u0160E EUROPSKO SELO: Jelenov greben &#038; Olimje"},"content":{"rendered":"<div class=\"cnt\">\n<div class=\"text-1 cl-5\">\n<p>Smje\u0161ten u podno\u017eju prekrasne Olimske gore, samo 4,5 km od Termi Olimia,\u00a0<strong>Jelenov greben<\/strong>\u00a0najpoznatiji je kao dom vi\u0161e od 100 pitomih jelena i muflona koji su postali glavna atrakcija ovog mjesta, a koji \u0107e se rado podru\u017eiti sa znati\u017eeljnim posjetiteljima. Jeleni borave na ovom podru\u010dju od davne 1989. godine, kada su ih ovdje prevezli s na\u0161ih Brijuna. Prvotno su jeleni dovedeni zbog ispa\u0161e livada, no vrlo su brzo postali prava turisti\u010dka atrakcija. Tako danas ljudi iz svih dijelova Europe dolaze u Jelenov greben kako bi vidjeli ove mo\u0107ne, a u isto vrijeme plahe \u017eivotinje koje su brzo shvatile da im je \u010dovjek prijatelj i da je hrana koju im nude zapravo izvrsnog okusa koju \u0107e jo\u0161 dugo pamtiti.<\/p>\n<p>Polazak u 6:30 sati iz Preloga te nastavak puta prema \u010cakovcu i Vara\u017edinu uz priklju\u010dak na slovensku granicu. Nakon upoznavanja grupe sa pratiteljem putovanja, slijedi ugodna vo\u017enja kroz Hrvatsku i Sloveniju sve do\u00a0<strong>\u201cNajljep\u0161eg sela u Europi\u201d \u2013 OLIMJA<\/strong>\u00a0koji se sa svojim \u0161armantnim selima mo\u017ee\u00a0<strong>ponositi prekrasnom prirodom<\/strong>. Vidjeti \u0107emo to\u010dan raspored na licu mjesta, ali plan je posjetiti \u010detiri prekrasna mjesta u ovoj dolini. Slijedi odlazak do\u00a0<strong>MINORITSKOG SAMOSTANA, prekrasnog biv\u0161eg dvorca<\/strong>, nekada\u0161nje vlasni\u0161tvo grofova Attems, a sada op\u0107ine Pod\u010detrtek, koji je danas poznati samostan u kojem \u017eive Mala bra\u0107a sv. Franje \u2013 minoriti. Kraj njega je veli\u010danstvena crkva Marijina uznesenja, jedna od najljep\u0161ih baroknih umjetnina u na\u0161oj domovini. U uto\u010di\u0161tu samostana u prizemlju ju\u017ene kule krije se neprocjenjiva povijesna i umjetni\u010dka vrijednost \u2013 stara samostanska ljekarna s freskama, ostav\u0161tina pavlina koji su 120 godina boravili u olimskom samostanu (1663. \u2013 1783.).<\/p>\n<p>\u017dupu Olimje vode minoriti; uredili su biljnu ljekarnu, p\u010delinjak i biljni vrt u nekada\u0161njem dvorskom vrtu. Uzgajaju ponajprije one vrste biljaka koje su u prirodi ugro\u017eene. U \u017eelji da posjetitelji Olimja upoznaju korisnost ljekovitog bilja i njegovu uporabu i prije svega da saznaju kako ga uzgajati u doma\u0107em vrtu,\u00a0<strong>uredili su botani\u010dki vrt s vi\u0161e od 200 primjeraka ljekovitih biljaka<\/strong>\u00a0koje \u0107ete mo\u0107i vidjeti ne licu mjesta. Malo \u0107emo pro\u0161etati i krenuti dalje.<\/p>\n<p>Sljede\u0107a destinacija je\u00a0<strong>KO\u010cA \u010cAROVNIC<\/strong>. Kilometar od samostana Olimje u \u0161umi krije se\u00a0<strong>Zemlja bajki i ma\u0161te<\/strong>, gdje \u0107e mali i veliki posjetitelji zakora\u010diti u svijet bajki i ponovo upoznati Kekeca, Bedanca, Krjavelja, Snjeguljicu, Crvenkapicu i druge likove iz bajki\u2026 U \u0161etnji \u0161umom razveselit \u0107e vas cvrkut ptica. Mo\u017eda \u0107ete susresti i vjevericu ili neku drugu \u0161umsku \u017eivotinju. Tu \u0107ete se opustiti te veseli i puni optimizma vratiti u stvarnost. Za one koji vole putovati pripremili su zanimljivu galeriju\u00a0<strong>originalnih suvenira s putovanja po svijetu<\/strong>\u00a0te zbirku kamen\u010di\u0107a i zbirku lutaka u narodnim no\u0161njama raznih dr\u017eava. U galeriji su prikupljeni suveniri s putovanja po svijetu: kurent, roda, Eiffelov toranj, Kip slobode \u2026 kamen\u010di\u0107i s Triglava, s Niagarinih slapova, s Kineskog zida, iz Lillehammera, komadi\u0107 Keopsove piramide i drugih.<\/p>\n<p>Nakon malo stra\u0161nije \u0161ume, odlazimo do ne\u0161to sla\u0111ih stvari. Idemo u\u00a0<strong>\u010cOKOLADARNICU OLIMJE<\/strong>\u00a0\u2013 obiteljsku tvrtku koja je obnovila tradiciju svojih predaka koji su se tom djelatno\u0161\u0107u bavili jo\u0161 prije Prvoga svjetskog rata u Be\u010du. Danas nude \u0161iroku paletu \u010dokoladnih proizvoda koji se izra\u0111uju ru\u010dno. Od \u010dokoladnih figura, pralina, \u010dokoladnih plo\u010dica i dra\u017eeja do raznovrsnih bombonjera te\u0161ko \u0107ete me\u0111u proizvodima odabrati najomiljeniji. S obzirom na to da uvijek \u017eele ugoditi ukusima i \u017eeljama kupaca,\u00a0<strong>kod njih si mo\u017eete oblikovati \u010dokoladne proizvode po \u017eeljama i kreativnim idejama<\/strong>. Svake godine u \u010cokoladarnici Olimje razviju i nekoliko novih okusa i ponude kupcima na degustaciju u svojim buticima. Ka\u017eu da im je najljep\u0161i dio posla razvoj novih okusa, kad izvuku iz sebe svu svoju kreativnost i ma\u0161tu, a zatim trenutak kad ih napokon mogu ku\u0161ati. Valjda \u0107emo ne\u0161to dobiti za degustaciju! <\/p>\n<p>I za\u00a0<strong>VRHUNAC NA\u0160EG PUTOVANJA<\/strong>\u00a0odlazimo na\u00a0<strong>JELENOV GREBEN<\/strong>\u00a0gdje \u0107emo imati vremena za u\u017eivanje u prekrasnoj prirodi, dru\u017eenju s jelenima i muflonima, za ru\u010dak i ku\u0161anje lokalnih specijaliteta te jednostavno za gu\u0161tanje u opu\u0161taju\u0107em vikendu. Okupljanje grupe u dogovoreno vrijeme i polazak za Me\u0111imurje. Dolazak u ve\u010dernjim satima.<\/p>\n<\/div>\n<\/div>\n","protected":false},"excerpt":{"rendered":"<p>Smje\u0161ten u podno\u017eju prekrasne Olimske gore, samo 4,5 km od [&hellip;]<\/p>\n","protected":false},"featured_media":2535,"comment_status":"open","ping_status":"closed","template":"","meta":{"_acf_changed":false},"product_brand":[],"product_cat":[57,114,61,87],"product_tag":[],"class_list":{"0":"post-2534","1":"product","2":"type-product","3":"status-publish","4":"has-post-thumbnail","6":"product_cat-drzava","7":"product_cat-europska-putovanja","8":"product_cat-putovanja","9":"product_cat-slovenija","11":"first","12":"instock","13":"shipping-taxable","14":"purchasable","15":"product-type-simple"},"ams_default_variation_id":0,"ams_product_points_reward":[],"ams_product_discount_percentage":0,"ams_price_to_display":40,"acf":[],"ams_acf":[{"key":"google_maps","label":"google maps","value":"<iframe src=\"https:\/\/www.google.com\/maps\/embed?pb=!1m18!1m12!1m3!1d44041.777715066666!2d13.678599329752924!3d46.37710327147551!2m3!1f0!2f0!3f0!3m2!1i1024!2i768!4f13.1!3m3!1m2!1s0x477a63b8b410d2c9%3A0xaebc1d784aae2d28!2sSo%C5%A1ka%20dolina!5e0!3m2!1shr!2shr!4v1710419823024!5m2!1shr!2shr\" width=\"100%\" height=\"450\" style=\"border:0;\" allowfullscreen=\"\" loading=\"lazy\" referrerpolicy=\"no-referrer-when-downgrade\"><\/iframe>"}],"yoast_head":"<!-- This site is optimized with the Yoast SEO plugin v25.3 - https:\/\/yoast.com\/wordpress\/plugins\/seo\/ -->\n<title>NAJLJEP\u0160E EUROPSKO SELO: Jelenov greben &amp; Olimje - Incredible Croatia Tours<\/title>\n<meta name=\"robots\" content=\"index, follow, max-snippet:-1, max-image-preview:large, max-video-preview:-1\" \/>\n<link rel=\"canonical\" href=\"https:\/\/www.incredible-tours.hr\/en\/putovanja\/najljepse-europsko-selo-jelenov-greben-olimje\/\" \/>\n<meta property=\"og:locale\" content=\"en_US\" \/>\n<meta property=\"og:type\" content=\"article\" \/>\n<meta property=\"og:title\" content=\"NAJLJEP\u0160E EUROPSKO SELO: Jelenov greben &amp; Olimje - Incredible Croatia Tours\" \/>\n<meta property=\"og:description\" content=\"Smje\u0161ten u podno\u017eju prekrasne Olimske gore, samo 4,5 km od [&hellip;]\" \/>\n<meta property=\"og:url\" content=\"https:\/\/www.incredible-tours.hr\/en\/putovanja\/najljepse-europsko-selo-jelenov-greben-olimje\/\" \/>\n<meta property=\"og:site_name\" content=\"Incredible Croatia Tours\" \/>\n<meta property=\"article:modified_time\" content=\"2024-03-28T10:10:22+00:00\" \/>\n<meta property=\"og:image\" content=\"https:\/\/www.incredible-tours.hr\/wp-content\/uploads\/2024\/03\/14612492_1358143647529417_1712987727818694278_o.jpg\" \/>\n\t<meta property=\"og:image:width\" content=\"2048\" \/>\n\t<meta property=\"og:image:height\" content=\"1365\" \/>\n\t<meta property=\"og:image:type\" content=\"image\/jpeg\" \/>\n<meta name=\"twitter:card\" content=\"summary_large_image\" \/>\n<meta name=\"twitter:label1\" content=\"Est. reading time\" \/>\n\t<meta name=\"twitter:data1\" content=\"4 minutes\" \/>\n<script type=\"application\/ld+json\" class=\"yoast-schema-graph\">{\"@context\":\"https:\/\/schema.org\",\"@graph\":[{\"@type\":\"WebPage\",\"@id\":\"https:\/\/www.incredible-tours.hr\/en\/putovanja\/najljepse-europsko-selo-jelenov-greben-olimje\/\",\"url\":\"https:\/\/www.incredible-tours.hr\/en\/putovanja\/najljepse-europsko-selo-jelenov-greben-olimje\/\",\"name\":\"NAJLJEP\u0160E EUROPSKO SELO: Jelenov greben & Olimje - Incredible Croatia Tours\",\"isPartOf\":{\"@id\":\"https:\/\/www.incredible-tours.hr\/en\/#website\"},\"primaryImageOfPage\":{\"@id\":\"https:\/\/www.incredible-tours.hr\/en\/putovanja\/najljepse-europsko-selo-jelenov-greben-olimje\/#primaryimage\"},\"image\":{\"@id\":\"https:\/\/www.incredible-tours.hr\/en\/putovanja\/najljepse-europsko-selo-jelenov-greben-olimje\/#primaryimage\"},\"thumbnailUrl\":\"https:\/\/www.incredible-tours.hr\/wp-content\/uploads\/2024\/03\/14612492_1358143647529417_1712987727818694278_o.jpg\",\"datePublished\":\"2024-03-14T12:37:56+00:00\",\"dateModified\":\"2024-03-28T10:10:22+00:00\",\"breadcrumb\":{\"@id\":\"https:\/\/www.incredible-tours.hr\/en\/putovanja\/najljepse-europsko-selo-jelenov-greben-olimje\/#breadcrumb\"},\"inLanguage\":\"en-US\",\"potentialAction\":[{\"@type\":\"ReadAction\",\"target\":[\"https:\/\/www.incredible-tours.hr\/en\/putovanja\/najljepse-europsko-selo-jelenov-greben-olimje\/\"]}]},{\"@type\":\"ImageObject\",\"inLanguage\":\"en-US\",\"@id\":\"https:\/\/www.incredible-tours.hr\/en\/putovanja\/najljepse-europsko-selo-jelenov-greben-olimje\/#primaryimage\",\"url\":\"https:\/\/www.incredible-tours.hr\/wp-content\/uploads\/2024\/03\/14612492_1358143647529417_1712987727818694278_o.jpg\",\"contentUrl\":\"https:\/\/www.incredible-tours.hr\/wp-content\/uploads\/2024\/03\/14612492_1358143647529417_1712987727818694278_o.jpg\",\"width\":2048,\"height\":1365},{\"@type\":\"BreadcrumbList\",\"@id\":\"https:\/\/www.incredible-tours.hr\/en\/putovanja\/najljepse-europsko-selo-jelenov-greben-olimje\/#breadcrumb\",\"itemListElement\":[{\"@type\":\"ListItem\",\"position\":1,\"name\":\"Po\u010detna stranica\",\"item\":\"https:\/\/www.incredible-tours.hr\/en\/incredible-croatia-tours\/\"},{\"@type\":\"ListItem\",\"position\":2,\"name\":\"Shop\",\"item\":\"https:\/\/www.incredible-tours.hr\/en\/shop\/\"},{\"@type\":\"ListItem\",\"position\":3,\"name\":\"NAJLJEP\u0160E EUROPSKO SELO: Jelenov greben &#038; Olimje\"}]},{\"@type\":\"WebSite\",\"@id\":\"https:\/\/www.incredible-tours.hr\/en\/#website\",\"url\":\"https:\/\/www.incredible-tours.hr\/en\/\",\"name\":\"Incredible Croatia Tours\",\"description\":\"Izleti i Putovanja\",\"potentialAction\":[{\"@type\":\"SearchAction\",\"target\":{\"@type\":\"EntryPoint\",\"urlTemplate\":\"https:\/\/www.incredible-tours.hr\/en\/?s={search_term_string}\"},\"query-input\":{\"@type\":\"PropertyValueSpecification\",\"valueRequired\":true,\"valueName\":\"search_term_string\"}}],\"inLanguage\":\"en-US\"}]}<\/script>\n<!-- \/ Yoast SEO plugin. -->","yoast_head_json":{"title":"NAJLJEP\u0160E EUROPSKO SELO: Jelenov greben & Olimje - Incredible Croatia Tours","robots":{"index":"index","follow":"follow","max-snippet":"max-snippet:-1","max-image-preview":"max-image-preview:large","max-video-preview":"max-video-preview:-1"},"canonical":"https:\/\/www.incredible-tours.hr\/en\/putovanja\/najljepse-europsko-selo-jelenov-greben-olimje\/","og_locale":"en_US","og_type":"article","og_title":"NAJLJEP\u0160E EUROPSKO SELO: Jelenov greben & Olimje - Incredible Croatia Tours","og_description":"Smje\u0161ten u podno\u017eju prekrasne Olimske gore, samo 4,5 km od [&hellip;]","og_url":"https:\/\/www.incredible-tours.hr\/en\/putovanja\/najljepse-europsko-selo-jelenov-greben-olimje\/","og_site_name":"Incredible Croatia Tours","article_modified_time":"2024-03-28T10:10:22+00:00","og_image":[{"width":2048,"height":1365,"url":"https:\/\/www.incredible-tours.hr\/wp-content\/uploads\/2024\/03\/14612492_1358143647529417_1712987727818694278_o.jpg","type":"image\/jpeg"}],"twitter_card":"summary_large_image","twitter_misc":{"Est. reading time":"4 minutes"},"schema":{"@context":"https:\/\/schema.org","@graph":[{"@type":"WebPage","@id":"https:\/\/www.incredible-tours.hr\/en\/putovanja\/najljepse-europsko-selo-jelenov-greben-olimje\/","url":"https:\/\/www.incredible-tours.hr\/en\/putovanja\/najljepse-europsko-selo-jelenov-greben-olimje\/","name":"NAJLJEP\u0160E EUROPSKO SELO: Jelenov greben & Olimje - Incredible Croatia Tours","isPartOf":{"@id":"https:\/\/www.incredible-tours.hr\/en\/#website"},"primaryImageOfPage":{"@id":"https:\/\/www.incredible-tours.hr\/en\/putovanja\/najljepse-europsko-selo-jelenov-greben-olimje\/#primaryimage"},"image":{"@id":"https:\/\/www.incredible-tours.hr\/en\/putovanja\/najljepse-europsko-selo-jelenov-greben-olimje\/#primaryimage"},"thumbnailUrl":"https:\/\/www.incredible-tours.hr\/wp-content\/uploads\/2024\/03\/14612492_1358143647529417_1712987727818694278_o.jpg","datePublished":"2024-03-14T12:37:56+00:00","dateModified":"2024-03-28T10:10:22+00:00","breadcrumb":{"@id":"https:\/\/www.incredible-tours.hr\/en\/putovanja\/najljepse-europsko-selo-jelenov-greben-olimje\/#breadcrumb"},"inLanguage":"en-US","potentialAction":[{"@type":"ReadAction","target":["https:\/\/www.incredible-tours.hr\/en\/putovanja\/najljepse-europsko-selo-jelenov-greben-olimje\/"]}]},{"@type":"ImageObject","inLanguage":"en-US","@id":"https:\/\/www.incredible-tours.hr\/en\/putovanja\/najljepse-europsko-selo-jelenov-greben-olimje\/#primaryimage","url":"https:\/\/www.incredible-tours.hr\/wp-content\/uploads\/2024\/03\/14612492_1358143647529417_1712987727818694278_o.jpg","contentUrl":"https:\/\/www.incredible-tours.hr\/wp-content\/uploads\/2024\/03\/14612492_1358143647529417_1712987727818694278_o.jpg","width":2048,"height":1365},{"@type":"BreadcrumbList","@id":"https:\/\/www.incredible-tours.hr\/en\/putovanja\/najljepse-europsko-selo-jelenov-greben-olimje\/#breadcrumb","itemListElement":[{"@type":"ListItem","position":1,"name":"Po\u010detna stranica","item":"https:\/\/www.incredible-tours.hr\/en\/incredible-croatia-tours\/"},{"@type":"ListItem","position":2,"name":"Shop","item":"https:\/\/www.incredible-tours.hr\/en\/shop\/"},{"@type":"ListItem","position":3,"name":"NAJLJEP\u0160E EUROPSKO SELO: Jelenov greben &#038; Olimje"}]},{"@type":"WebSite","@id":"https:\/\/www.incredible-tours.hr\/en\/#website","url":"https:\/\/www.incredible-tours.hr\/en\/","name":"Incredible Croatia Tours","description":"Izleti i Putovanja","potentialAction":[{"@type":"SearchAction","target":{"@type":"EntryPoint","urlTemplate":"https:\/\/www.incredible-tours.hr\/en\/?s={search_term_string}"},"query-input":{"@type":"PropertyValueSpecification","valueRequired":true,"valueName":"search_term_string"}}],"inLanguage":"en-US"}]}},"_links":{"self":[{"href":"https:\/\/www.incredible-tours.hr\/en\/wp-json\/wp\/v2\/product\/2534","targetHints":{"allow":["GET"]}}],"collection":[{"href":"https:\/\/www.incredible-tours.hr\/en\/wp-json\/wp\/v2\/product"}],"about":[{"href":"https:\/\/www.incredible-tours.hr\/en\/wp-json\/wp\/v2\/types\/product"}],"replies":[{"embeddable":true,"href":"https:\/\/www.incredible-tours.hr\/en\/wp-json\/wp\/v2\/comments?post=2534"}],"wp:featuredmedia":[{"embeddable":true,"href":"https:\/\/www.incredible-tours.hr\/en\/wp-json\/wp\/v2\/media\/2535"}],"wp:attachment":[{"href":"https:\/\/www.incredible-tours.hr\/en\/wp-json\/wp\/v2\/media?parent=2534"}],"wp:term":[{"taxonomy":"product_brand","embeddable":true,"href":"https:\/\/www.incredible-tours.hr\/en\/wp-json\/wp\/v2\/product_brand?post=2534"},{"taxonomy":"product_cat","embeddable":true,"href":"https:\/\/www.incredible-tours.hr\/en\/wp-json\/wp\/v2\/product_cat?post=2534"},{"taxonomy":"product_tag","embeddable":true,"href":"https:\/\/www.incredible-tours.hr\/en\/wp-json\/wp\/v2\/product_tag?post=2534"}],"curies":[{"name":"wp","href":"https:\/\/api.w.org\/{rel}","templated":true}]}}