{"id":2537,"date":"2024-03-14T12:42:30","date_gmt":"2024-03-14T12:42:30","guid":{"rendered":"https:\/\/www.incredible-tours.hr\/?post_type=product&#038;p=2537"},"modified":"2024-03-14T12:45:23","modified_gmt":"2024-03-14T12:45:23","slug":"zagreb-walking-tour","status":"publish","type":"product","link":"https:\/\/www.incredible-tours.hr\/en\/putovanja\/zagreb-walking-tour\/","title":{"rendered":"Zagreb Walking Tour"},"content":{"rendered":"<div class=\"cnt\">\n<div class=\"text-1 cl-5\">\n<p>From the impressive sacral heritage to cozy cafes and aromas of traditional fare, a walk through the Upper Town of Zagreb delivers the very essence of Croatia\u2019s capital.<br \/>\nBringing history, culture and brimming nightlife together around green parks, serene courtyards and quirky corners, Zagreb charms with a lively vibe. After you meet up by the Ban Jela\u010di\u0107 statue on the main square, or \u201cunder the horse\u201d as the locals would say it, head towards the historic Upper town area. You will pass Kamenita Vrata (Stone Gates), enjoy a pleasant stroll and see the tower of Lotr\u0161\u010dak, the church of St. Mark, and several present-day government venues. The Upper Town grows on you with each step, so count on coming back for more even after you have finished your Zagreb walking tour.<br \/>\n21,00 \u20ac<\/p>\n<p>* Meeting at Ban Jelacic Square \u00a0at 10:00<br \/>\n10:00 Walking tour of Zagreb<\/p>\n<p>* Departure info:<br \/>\nThe meeting point is at the central Ban Jela\u010di\u0107 square, directly under the large statue of ban Josip Jela\u010di\u0107 on a horse. Your guide will be there holding a sign Zagreb Walking Tour.<\/p>\n<\/div>\n<\/div>\n","protected":false},"excerpt":{"rendered":"<p>From the impressive sacral heritage to cozy cafes and aromas [&hellip;]<\/p>\n","protected":false},"featured_media":2538,"comment_status":"open","ping_status":"closed","template":"","meta":{"_acf_changed":false},"product_brand":[],"product_cat":[57,61,88],"product_tag":[],"class_list":{"0":"post-2537","1":"product","2":"type-product","3":"status-publish","4":"has-post-thumbnail","6":"product_cat-drzava","7":"product_cat-putovanja","8":"product_cat-zagreb","10":"first","11":"instock","12":"shipping-taxable","13":"purchasable","14":"product-type-simple"},"ams_default_variation_id":0,"ams_product_points_reward":[],"ams_product_discount_percentage":0,"ams_price_to_display":30,"acf":[],"ams_acf":[{"key":"google_maps","label":"google maps","value":"<iframe src=\"https:\/\/www.google.com\/maps\/embed?pb=!1m18!1m12!1m3!1d88941.79880703514!2d15.808308614206183!3d45.84266853459611!2m3!1f0!2f0!3f0!3m2!1i1024!2i768!4f13.1!3m3!1m2!1s0x4765d692c902cc39%3A0x3a45249628fbc28a!2sZagreb!5e0!3m2!1shr!2shr!4v1710420175621!5m2!1shr!2shr\" width=\"100%\" height=\"450\" style=\"border:0;\" allowfullscreen=\"\" loading=\"lazy\" referrerpolicy=\"no-referrer-when-downgrade\"><\/iframe>"}],"yoast_head":"<!-- This site is optimized with the Yoast SEO plugin v25.3 - https:\/\/yoast.com\/wordpress\/plugins\/seo\/ -->\n<title>Zagreb Walking Tour - Incredible Croatia Tours<\/title>\n<meta name=\"robots\" content=\"index, follow, max-snippet:-1, max-image-preview:large, max-video-preview:-1\" \/>\n<link rel=\"canonical\" href=\"https:\/\/www.incredible-tours.hr\/en\/putovanja\/zagreb-walking-tour\/\" \/>\n<meta property=\"og:locale\" content=\"en_US\" \/>\n<meta property=\"og:type\" content=\"article\" \/>\n<meta property=\"og:title\" content=\"Zagreb Walking Tour - Incredible Croatia Tours\" \/>\n<meta property=\"og:description\" content=\"From the impressive sacral heritage to cozy cafes and aromas [&hellip;]\" \/>\n<meta property=\"og:url\" content=\"https:\/\/www.incredible-tours.hr\/en\/putovanja\/zagreb-walking-tour\/\" \/>\n<meta property=\"og:site_name\" content=\"Incredible Croatia Tours\" \/>\n<meta property=\"article:modified_time\" content=\"2024-03-14T12:45:23+00:00\" \/>\n<meta property=\"og:image\" content=\"https:\/\/www.incredible-tours.hr\/wp-content\/uploads\/2024\/03\/7c893c_Zagreb-Sv.-Marko.jpg\" \/>\n\t<meta property=\"og:image:width\" content=\"1200\" \/>\n\t<meta property=\"og:image:height\" content=\"672\" \/>\n\t<meta property=\"og:image:type\" content=\"image\/jpeg\" \/>\n<meta name=\"twitter:card\" content=\"summary_large_image\" \/>\n<meta name=\"twitter:label1\" content=\"Est. reading time\" \/>\n\t<meta name=\"twitter:data1\" content=\"1 minute\" \/>\n<script type=\"application\/ld+json\" class=\"yoast-schema-graph\">{\"@context\":\"https:\/\/schema.org\",\"@graph\":[{\"@type\":\"WebPage\",\"@id\":\"https:\/\/www.incredible-tours.hr\/en\/putovanja\/zagreb-walking-tour\/\",\"url\":\"https:\/\/www.incredible-tours.hr\/en\/putovanja\/zagreb-walking-tour\/\",\"name\":\"Zagreb Walking Tour - Incredible Croatia Tours\",\"isPartOf\":{\"@id\":\"https:\/\/www.incredible-tours.hr\/en\/#website\"},\"primaryImageOfPage\":{\"@id\":\"https:\/\/www.incredible-tours.hr\/en\/putovanja\/zagreb-walking-tour\/#primaryimage\"},\"image\":{\"@id\":\"https:\/\/www.incredible-tours.hr\/en\/putovanja\/zagreb-walking-tour\/#primaryimage\"},\"thumbnailUrl\":\"https:\/\/www.incredible-tours.hr\/wp-content\/uploads\/2024\/03\/7c893c_Zagreb-Sv.-Marko.jpg\",\"datePublished\":\"2024-03-14T12:42:30+00:00\",\"dateModified\":\"2024-03-14T12:45:23+00:00\",\"breadcrumb\":{\"@id\":\"https:\/\/www.incredible-tours.hr\/en\/putovanja\/zagreb-walking-tour\/#breadcrumb\"},\"inLanguage\":\"en-US\",\"potentialAction\":[{\"@type\":\"ReadAction\",\"target\":[\"https:\/\/www.incredible-tours.hr\/en\/putovanja\/zagreb-walking-tour\/\"]}]},{\"@type\":\"ImageObject\",\"inLanguage\":\"en-US\",\"@id\":\"https:\/\/www.incredible-tours.hr\/en\/putovanja\/zagreb-walking-tour\/#primaryimage\",\"url\":\"https:\/\/www.incredible-tours.hr\/wp-content\/uploads\/2024\/03\/7c893c_Zagreb-Sv.-Marko.jpg\",\"contentUrl\":\"https:\/\/www.incredible-tours.hr\/wp-content\/uploads\/2024\/03\/7c893c_Zagreb-Sv.-Marko.jpg\",\"width\":1200,\"height\":672},{\"@type\":\"BreadcrumbList\",\"@id\":\"https:\/\/www.incredible-tours.hr\/en\/putovanja\/zagreb-walking-tour\/#breadcrumb\",\"itemListElement\":[{\"@type\":\"ListItem\",\"position\":1,\"name\":\"Po\u010detna stranica\",\"item\":\"https:\/\/www.incredible-tours.hr\/en\/incredible-croatia-tours\/\"},{\"@type\":\"ListItem\",\"position\":2,\"name\":\"Shop\",\"item\":\"https:\/\/www.incredible-tours.hr\/en\/shop\/\"},{\"@type\":\"ListItem\",\"position\":3,\"name\":\"Zagreb Walking Tour\"}]},{\"@type\":\"WebSite\",\"@id\":\"https:\/\/www.incredible-tours.hr\/en\/#website\",\"url\":\"https:\/\/www.incredible-tours.hr\/en\/\",\"name\":\"Incredible Croatia Tours\",\"description\":\"Izleti i Putovanja\",\"potentialAction\":[{\"@type\":\"SearchAction\",\"target\":{\"@type\":\"EntryPoint\",\"urlTemplate\":\"https:\/\/www.incredible-tours.hr\/en\/?s={search_term_string}\"},\"query-input\":{\"@type\":\"PropertyValueSpecification\",\"valueRequired\":true,\"valueName\":\"search_term_string\"}}],\"inLanguage\":\"en-US\"}]}<\/script>\n<!-- \/ Yoast SEO plugin. -->","yoast_head_json":{"title":"Zagreb Walking Tour - Incredible Croatia Tours","robots":{"index":"index","follow":"follow","max-snippet":"max-snippet:-1","max-image-preview":"max-image-preview:large","max-video-preview":"max-video-preview:-1"},"canonical":"https:\/\/www.incredible-tours.hr\/en\/putovanja\/zagreb-walking-tour\/","og_locale":"en_US","og_type":"article","og_title":"Zagreb Walking Tour - Incredible Croatia Tours","og_description":"From the impressive sacral heritage to cozy cafes and aromas [&hellip;]","og_url":"https:\/\/www.incredible-tours.hr\/en\/putovanja\/zagreb-walking-tour\/","og_site_name":"Incredible Croatia Tours","article_modified_time":"2024-03-14T12:45:23+00:00","og_image":[{"width":1200,"height":672,"url":"https:\/\/www.incredible-tours.hr\/wp-content\/uploads\/2024\/03\/7c893c_Zagreb-Sv.-Marko.jpg","type":"image\/jpeg"}],"twitter_card":"summary_large_image","twitter_misc":{"Est. reading time":"1 minute"},"schema":{"@context":"https:\/\/schema.org","@graph":[{"@type":"WebPage","@id":"https:\/\/www.incredible-tours.hr\/en\/putovanja\/zagreb-walking-tour\/","url":"https:\/\/www.incredible-tours.hr\/en\/putovanja\/zagreb-walking-tour\/","name":"Zagreb Walking Tour - Incredible Croatia Tours","isPartOf":{"@id":"https:\/\/www.incredible-tours.hr\/en\/#website"},"primaryImageOfPage":{"@id":"https:\/\/www.incredible-tours.hr\/en\/putovanja\/zagreb-walking-tour\/#primaryimage"},"image":{"@id":"https:\/\/www.incredible-tours.hr\/en\/putovanja\/zagreb-walking-tour\/#primaryimage"},"thumbnailUrl":"https:\/\/www.incredible-tours.hr\/wp-content\/uploads\/2024\/03\/7c893c_Zagreb-Sv.-Marko.jpg","datePublished":"2024-03-14T12:42:30+00:00","dateModified":"2024-03-14T12:45:23+00:00","breadcrumb":{"@id":"https:\/\/www.incredible-tours.hr\/en\/putovanja\/zagreb-walking-tour\/#breadcrumb"},"inLanguage":"en-US","potentialAction":[{"@type":"ReadAction","target":["https:\/\/www.incredible-tours.hr\/en\/putovanja\/zagreb-walking-tour\/"]}]},{"@type":"ImageObject","inLanguage":"en-US","@id":"https:\/\/www.incredible-tours.hr\/en\/putovanja\/zagreb-walking-tour\/#primaryimage","url":"https:\/\/www.incredible-tours.hr\/wp-content\/uploads\/2024\/03\/7c893c_Zagreb-Sv.-Marko.jpg","contentUrl":"https:\/\/www.incredible-tours.hr\/wp-content\/uploads\/2024\/03\/7c893c_Zagreb-Sv.-Marko.jpg","width":1200,"height":672},{"@type":"BreadcrumbList","@id":"https:\/\/www.incredible-tours.hr\/en\/putovanja\/zagreb-walking-tour\/#breadcrumb","itemListElement":[{"@type":"ListItem","position":1,"name":"Po\u010detna stranica","item":"https:\/\/www.incredible-tours.hr\/en\/incredible-croatia-tours\/"},{"@type":"ListItem","position":2,"name":"Shop","item":"https:\/\/www.incredible-tours.hr\/en\/shop\/"},{"@type":"ListItem","position":3,"name":"Zagreb Walking Tour"}]},{"@type":"WebSite","@id":"https:\/\/www.incredible-tours.hr\/en\/#website","url":"https:\/\/www.incredible-tours.hr\/en\/","name":"Incredible Croatia Tours","description":"Izleti i Putovanja","potentialAction":[{"@type":"SearchAction","target":{"@type":"EntryPoint","urlTemplate":"https:\/\/www.incredible-tours.hr\/en\/?s={search_term_string}"},"query-input":{"@type":"PropertyValueSpecification","valueRequired":true,"valueName":"search_term_string"}}],"inLanguage":"en-US"}]}},"_links":{"self":[{"href":"https:\/\/www.incredible-tours.hr\/en\/wp-json\/wp\/v2\/product\/2537","targetHints":{"allow":["GET"]}}],"collection":[{"href":"https:\/\/www.incredible-tours.hr\/en\/wp-json\/wp\/v2\/product"}],"about":[{"href":"https:\/\/www.incredible-tours.hr\/en\/wp-json\/wp\/v2\/types\/product"}],"replies":[{"embeddable":true,"href":"https:\/\/www.incredible-tours.hr\/en\/wp-json\/wp\/v2\/comments?post=2537"}],"wp:featuredmedia":[{"embeddable":true,"href":"https:\/\/www.incredible-tours.hr\/en\/wp-json\/wp\/v2\/media\/2538"}],"wp:attachment":[{"href":"https:\/\/www.incredible-tours.hr\/en\/wp-json\/wp\/v2\/media?parent=2537"}],"wp:term":[{"taxonomy":"product_brand","embeddable":true,"href":"https:\/\/www.incredible-tours.hr\/en\/wp-json\/wp\/v2\/product_brand?post=2537"},{"taxonomy":"product_cat","embeddable":true,"href":"https:\/\/www.incredible-tours.hr\/en\/wp-json\/wp\/v2\/product_cat?post=2537"},{"taxonomy":"product_tag","embeddable":true,"href":"https:\/\/www.incredible-tours.hr\/en\/wp-json\/wp\/v2\/product_tag?post=2537"}],"curies":[{"name":"wp","href":"https:\/\/api.w.org\/{rel}","templated":true}]}}