{"id":2813,"date":"2024-03-27T13:22:13","date_gmt":"2024-03-27T13:22:13","guid":{"rendered":"https:\/\/www.incredible-tours.hr\/?post_type=product&#038;p=2813"},"modified":"2024-03-27T13:26:55","modified_gmt":"2024-03-27T13:26:55","slug":"hotel-odisej-3","status":"publish","type":"product","link":"https:\/\/www.incredible-tours.hr\/en\/putovanja\/hotel-odisej-3\/","title":{"rendered":"Hotel Odisej 3*"},"content":{"rendered":"<div class=\"row gx-2 mb-3\">\n<div class=\"col-lg-auto d-flex flex-column justify-content-center fw-bold text-primary\">Hotel Odisej je jedini hotel na Mljetu i idili\u010dno mjesto za odmor u prirodi. Do hotela, smje\u0161tenog me\u0111u rasko\u0161nim borovima i hrastovom \u0161umom Nacionalnog parka Mljet, mo\u017ee se do\u0107i brodom za putnike ili trajektom za automobile iz Dubrovnika. Put do ovog ju\u017enodalmatinskog otoka potrajat \u0107e oko dva sata. Hotel je smje\u0161ten u Pomeni, na sjeverozapadnom kraju ovog zelenog dalmatinskog otoka. Provedite nezaboravno ljetovanje na Jadranu i upoznajte skrivene \u010dari otoka Mljeta!<\/div>\n<div>\n<p>Lokacija: Hotel Odisej je lociran u uvali Pomena na sjeverozapadnom dijelu otoka, u srcu Nacionalnog parka Mljet. Do otoka se mo\u017ee do\u0107i trajektom ili brzobrodskom linijom iz Dubrovnika ili iz mjesta Prapratno na poluotoku Pelje\u0161cu<\/p>\n<p>Sadr\u017eaji: Hotel Odisej sastoji se od 2 zgrade iste kategorije i komfora, 157 soba i apartmana; klimatizirani restoran, snack bar, manji wellness centar, mjenja\u010dnica, suvenirnica, besplatan Wi-Fi na recepciji, sef na recepciji, taverna (otvorena u visokoj sezoni); ispred hotela je pla\u017ea s dje\u010djim bazenom i barom, pizzeria. U blizini hotela: ronila\u010dki centar i marina s priklju\u010dkom za struju i vodu<\/p>\n<p>Sobe: tu\u0161\/WC, SAT TV, klima ure\u0111aj, mini bar, su\u0161ilo za kosu, direktna telefonska linija, dio soba s balkonom<\/p>\n<p>Usluga: polupansion; buffet doru\u010dak i ve\u010dera<\/p>\n<p>Sport i zabava: Animacija za djecu tijekom srpnja i kolovoza. Uz doplatu: kanu, kajak, biciklizam, ronjenje, snorklanje.<\/p>\n<p>Pla\u017ea: uz hotel betonirana; nedaleko hotela kamenita pla\u017ea<\/p>\n<p>Ku\u0107ni ljubimci: dozvoljeno dr\u017eanje manjih ku\u0107nih ljubimaca (do 4 kg.), na upit i uz doplatu 5 EUR po danu.<\/p>\n<\/div>\n<\/div>\n","protected":false},"excerpt":{"rendered":"<div class=\"row gx-2 mb-3\">\n<div class=\"col-lg-auto d-flex flex-column justify-content-center fw-bold text-primary\">Hotel Odisej je jedini hotel na Mljetu i idili\u010dno mjesto za odmor u prirodi.<\/div>\n<\/div>\n","protected":false},"featured_media":2814,"comment_status":"open","ping_status":"closed","template":"","meta":{"_acf_changed":false},"product_brand":[],"product_cat":[60,59],"product_tag":[27,37,44],"class_list":{"0":"post-2813","1":"product","2":"type-product","3":"status-publish","4":"has-post-thumbnail","6":"product_cat-dalmacija","7":"product_cat-ljetovanje-jadran","8":"product_tag-4-days","9":"product_tag-free-stay","10":"product_tag-road-trip","12":"first","13":"instock","14":"shipping-taxable","15":"purchasable","16":"product-type-simple"},"ams_default_variation_id":0,"ams_product_points_reward":[],"ams_product_discount_percentage":0,"ams_price_to_display":35,"acf":[],"ams_acf":[{"key":"google_maps","label":"google maps","value":"<iframe src=\"https:\/\/www.google.com\/maps\/embed?pb=!1m14!1m8!1m3!1d11712.041034674336!2d17.3424786!3d42.788133!3m2!1i1024!2i768!4f13.1!3m3!1m2!1s0x134bb5a1600e2629%3A0xa08dc7b2634d1ba2!2sHotel%20Odisej%20Mljet!5e0!3m2!1shr!2shr!4v1711545835973!5m2!1shr!2shr\" width=\"100%\" height=\"450\" style=\"border:0;\" allowfullscreen=\"\" loading=\"lazy\" referrerpolicy=\"no-referrer-when-downgrade\"><\/iframe>"}],"yoast_head":"<!-- This site is optimized with the Yoast SEO plugin v25.3 - https:\/\/yoast.com\/wordpress\/plugins\/seo\/ -->\n<title>Hotel Odisej 3* - Incredible Croatia Tours<\/title>\n<meta name=\"robots\" content=\"index, follow, max-snippet:-1, max-image-preview:large, max-video-preview:-1\" \/>\n<link rel=\"canonical\" href=\"https:\/\/www.incredible-tours.hr\/en\/putovanja\/hotel-odisej-3\/\" \/>\n<meta property=\"og:locale\" content=\"en_US\" \/>\n<meta property=\"og:type\" content=\"article\" \/>\n<meta property=\"og:title\" content=\"Hotel Odisej 3* - Incredible Croatia Tours\" \/>\n<meta property=\"og:description\" content=\"Hotel Odisej je jedini hotel na Mljetu i idili\u010dno mjesto za odmor u prirodi.\" \/>\n<meta property=\"og:url\" content=\"https:\/\/www.incredible-tours.hr\/en\/putovanja\/hotel-odisej-3\/\" \/>\n<meta property=\"og:site_name\" content=\"Incredible Croatia Tours\" \/>\n<meta property=\"article:modified_time\" content=\"2024-03-27T13:26:55+00:00\" \/>\n<meta property=\"og:image\" content=\"https:\/\/www.incredible-tours.hr\/wp-content\/uploads\/2024\/03\/hotel-odisej-mljet-ctu5ht-l-lg82p1.jpg\" \/>\n\t<meta property=\"og:image:width\" content=\"1024\" \/>\n\t<meta property=\"og:image:height\" content=\"682\" \/>\n\t<meta property=\"og:image:type\" content=\"image\/jpeg\" \/>\n<meta name=\"twitter:card\" content=\"summary_large_image\" \/>\n<meta name=\"twitter:label1\" content=\"Est. reading time\" \/>\n\t<meta name=\"twitter:data1\" content=\"1 minute\" \/>\n<script type=\"application\/ld+json\" class=\"yoast-schema-graph\">{\"@context\":\"https:\/\/schema.org\",\"@graph\":[{\"@type\":\"WebPage\",\"@id\":\"https:\/\/www.incredible-tours.hr\/en\/putovanja\/hotel-odisej-3\/\",\"url\":\"https:\/\/www.incredible-tours.hr\/en\/putovanja\/hotel-odisej-3\/\",\"name\":\"Hotel Odisej 3* - Incredible Croatia Tours\",\"isPartOf\":{\"@id\":\"https:\/\/www.incredible-tours.hr\/en\/#website\"},\"primaryImageOfPage\":{\"@id\":\"https:\/\/www.incredible-tours.hr\/en\/putovanja\/hotel-odisej-3\/#primaryimage\"},\"image\":{\"@id\":\"https:\/\/www.incredible-tours.hr\/en\/putovanja\/hotel-odisej-3\/#primaryimage\"},\"thumbnailUrl\":\"https:\/\/www.incredible-tours.hr\/wp-content\/uploads\/2024\/03\/hotel-odisej-mljet-ctu5ht-l-lg82p1.jpg\",\"datePublished\":\"2024-03-27T13:22:13+00:00\",\"dateModified\":\"2024-03-27T13:26:55+00:00\",\"breadcrumb\":{\"@id\":\"https:\/\/www.incredible-tours.hr\/en\/putovanja\/hotel-odisej-3\/#breadcrumb\"},\"inLanguage\":\"en-US\",\"potentialAction\":[{\"@type\":\"ReadAction\",\"target\":[\"https:\/\/www.incredible-tours.hr\/en\/putovanja\/hotel-odisej-3\/\"]}]},{\"@type\":\"ImageObject\",\"inLanguage\":\"en-US\",\"@id\":\"https:\/\/www.incredible-tours.hr\/en\/putovanja\/hotel-odisej-3\/#primaryimage\",\"url\":\"https:\/\/www.incredible-tours.hr\/wp-content\/uploads\/2024\/03\/hotel-odisej-mljet-ctu5ht-l-lg82p1.jpg\",\"contentUrl\":\"https:\/\/www.incredible-tours.hr\/wp-content\/uploads\/2024\/03\/hotel-odisej-mljet-ctu5ht-l-lg82p1.jpg\",\"width\":1024,\"height\":682},{\"@type\":\"BreadcrumbList\",\"@id\":\"https:\/\/www.incredible-tours.hr\/en\/putovanja\/hotel-odisej-3\/#breadcrumb\",\"itemListElement\":[{\"@type\":\"ListItem\",\"position\":1,\"name\":\"Po\u010detna stranica\",\"item\":\"https:\/\/www.incredible-tours.hr\/en\/incredible-croatia-tours\/\"},{\"@type\":\"ListItem\",\"position\":2,\"name\":\"Shop\",\"item\":\"https:\/\/www.incredible-tours.hr\/en\/shop\/\"},{\"@type\":\"ListItem\",\"position\":3,\"name\":\"Hotel Odisej 3*\"}]},{\"@type\":\"WebSite\",\"@id\":\"https:\/\/www.incredible-tours.hr\/en\/#website\",\"url\":\"https:\/\/www.incredible-tours.hr\/en\/\",\"name\":\"Incredible Croatia Tours\",\"description\":\"Izleti i Putovanja\",\"potentialAction\":[{\"@type\":\"SearchAction\",\"target\":{\"@type\":\"EntryPoint\",\"urlTemplate\":\"https:\/\/www.incredible-tours.hr\/en\/?s={search_term_string}\"},\"query-input\":{\"@type\":\"PropertyValueSpecification\",\"valueRequired\":true,\"valueName\":\"search_term_string\"}}],\"inLanguage\":\"en-US\"}]}<\/script>\n<!-- \/ Yoast SEO plugin. -->","yoast_head_json":{"title":"Hotel Odisej 3* - Incredible Croatia Tours","robots":{"index":"index","follow":"follow","max-snippet":"max-snippet:-1","max-image-preview":"max-image-preview:large","max-video-preview":"max-video-preview:-1"},"canonical":"https:\/\/www.incredible-tours.hr\/en\/putovanja\/hotel-odisej-3\/","og_locale":"en_US","og_type":"article","og_title":"Hotel Odisej 3* - Incredible Croatia Tours","og_description":"Hotel Odisej je jedini hotel na Mljetu i idili\u010dno mjesto za odmor u prirodi.","og_url":"https:\/\/www.incredible-tours.hr\/en\/putovanja\/hotel-odisej-3\/","og_site_name":"Incredible Croatia Tours","article_modified_time":"2024-03-27T13:26:55+00:00","og_image":[{"width":1024,"height":682,"url":"https:\/\/www.incredible-tours.hr\/wp-content\/uploads\/2024\/03\/hotel-odisej-mljet-ctu5ht-l-lg82p1.jpg","type":"image\/jpeg"}],"twitter_card":"summary_large_image","twitter_misc":{"Est. reading time":"1 minute"},"schema":{"@context":"https:\/\/schema.org","@graph":[{"@type":"WebPage","@id":"https:\/\/www.incredible-tours.hr\/en\/putovanja\/hotel-odisej-3\/","url":"https:\/\/www.incredible-tours.hr\/en\/putovanja\/hotel-odisej-3\/","name":"Hotel Odisej 3* - Incredible Croatia Tours","isPartOf":{"@id":"https:\/\/www.incredible-tours.hr\/en\/#website"},"primaryImageOfPage":{"@id":"https:\/\/www.incredible-tours.hr\/en\/putovanja\/hotel-odisej-3\/#primaryimage"},"image":{"@id":"https:\/\/www.incredible-tours.hr\/en\/putovanja\/hotel-odisej-3\/#primaryimage"},"thumbnailUrl":"https:\/\/www.incredible-tours.hr\/wp-content\/uploads\/2024\/03\/hotel-odisej-mljet-ctu5ht-l-lg82p1.jpg","datePublished":"2024-03-27T13:22:13+00:00","dateModified":"2024-03-27T13:26:55+00:00","breadcrumb":{"@id":"https:\/\/www.incredible-tours.hr\/en\/putovanja\/hotel-odisej-3\/#breadcrumb"},"inLanguage":"en-US","potentialAction":[{"@type":"ReadAction","target":["https:\/\/www.incredible-tours.hr\/en\/putovanja\/hotel-odisej-3\/"]}]},{"@type":"ImageObject","inLanguage":"en-US","@id":"https:\/\/www.incredible-tours.hr\/en\/putovanja\/hotel-odisej-3\/#primaryimage","url":"https:\/\/www.incredible-tours.hr\/wp-content\/uploads\/2024\/03\/hotel-odisej-mljet-ctu5ht-l-lg82p1.jpg","contentUrl":"https:\/\/www.incredible-tours.hr\/wp-content\/uploads\/2024\/03\/hotel-odisej-mljet-ctu5ht-l-lg82p1.jpg","width":1024,"height":682},{"@type":"BreadcrumbList","@id":"https:\/\/www.incredible-tours.hr\/en\/putovanja\/hotel-odisej-3\/#breadcrumb","itemListElement":[{"@type":"ListItem","position":1,"name":"Po\u010detna stranica","item":"https:\/\/www.incredible-tours.hr\/en\/incredible-croatia-tours\/"},{"@type":"ListItem","position":2,"name":"Shop","item":"https:\/\/www.incredible-tours.hr\/en\/shop\/"},{"@type":"ListItem","position":3,"name":"Hotel Odisej 3*"}]},{"@type":"WebSite","@id":"https:\/\/www.incredible-tours.hr\/en\/#website","url":"https:\/\/www.incredible-tours.hr\/en\/","name":"Incredible Croatia Tours","description":"Izleti i Putovanja","potentialAction":[{"@type":"SearchAction","target":{"@type":"EntryPoint","urlTemplate":"https:\/\/www.incredible-tours.hr\/en\/?s={search_term_string}"},"query-input":{"@type":"PropertyValueSpecification","valueRequired":true,"valueName":"search_term_string"}}],"inLanguage":"en-US"}]}},"_links":{"self":[{"href":"https:\/\/www.incredible-tours.hr\/en\/wp-json\/wp\/v2\/product\/2813","targetHints":{"allow":["GET"]}}],"collection":[{"href":"https:\/\/www.incredible-tours.hr\/en\/wp-json\/wp\/v2\/product"}],"about":[{"href":"https:\/\/www.incredible-tours.hr\/en\/wp-json\/wp\/v2\/types\/product"}],"replies":[{"embeddable":true,"href":"https:\/\/www.incredible-tours.hr\/en\/wp-json\/wp\/v2\/comments?post=2813"}],"wp:featuredmedia":[{"embeddable":true,"href":"https:\/\/www.incredible-tours.hr\/en\/wp-json\/wp\/v2\/media\/2814"}],"wp:attachment":[{"href":"https:\/\/www.incredible-tours.hr\/en\/wp-json\/wp\/v2\/media?parent=2813"}],"wp:term":[{"taxonomy":"product_brand","embeddable":true,"href":"https:\/\/www.incredible-tours.hr\/en\/wp-json\/wp\/v2\/product_brand?post=2813"},{"taxonomy":"product_cat","embeddable":true,"href":"https:\/\/www.incredible-tours.hr\/en\/wp-json\/wp\/v2\/product_cat?post=2813"},{"taxonomy":"product_tag","embeddable":true,"href":"https:\/\/www.incredible-tours.hr\/en\/wp-json\/wp\/v2\/product_tag?post=2813"}],"curies":[{"name":"wp","href":"https:\/\/api.w.org\/{rel}","templated":true}]}}