{"id":2831,"date":"2024-03-27T13:37:01","date_gmt":"2024-03-27T13:37:01","guid":{"rendered":"https:\/\/www.incredible-tours.hr\/?post_type=product&#038;p=2831"},"modified":"2024-03-27T13:37:01","modified_gmt":"2024-03-27T13:37:01","slug":"hotel-istra-3","status":"publish","type":"product","link":"https:\/\/www.incredible-tours.hr\/en\/putovanja\/hotel-istra-3\/","title":{"rendered":"Hotel Istra 3*"},"content":{"rendered":"<p>Lokacija:<br \/>\nIznad \u0161etnice Lungomare, uz stjenovito betoniranu pla\u017eu.<br \/>\nPonuda: buffet restoran, kafi\u0107, animacija, sef na recepciji (doplata), frizerski salon.<br \/>\nKu\u0107ni ljubimci dozvoljeni (na upit, doplata).<br \/>\nInternet: internet kutak na recepciji (doplata), be\u017ei\u010dni internet u hotelu i sobama besplatno.<br \/>\nSmje\u0161taj:<br \/>\nStandard sobe: klimatizirane, kupaonica\/ wc, su\u0161ilo za kosu, telefon, kabelska tv, pogled na ulicu, neke na morsku stranu.<br \/>\nMogu\u0107nost jednog dodatnog kreveta.<br \/>\nUsluga polupansion: buffet doru\u010dak i ve\u010dera s uklju\u010denim pi\u0107em.<\/p>\n<p>Na\u0161a preporuka:<br \/>\nuklju\u010deno pi\u0107e uz ve\u010deru<\/p>\n","protected":false},"excerpt":{"rendered":"<div class=\"row gx-2 mb-3\">\n<div class=\"col-lg-auto d-flex flex-column justify-content-center fw-bold text-primary\">Ponuda: buffet restoran, kafi\u0107, animacija, sef na recepciji (doplata), frizerski salon.<\/div>\n<\/div>\n","protected":false},"featured_media":2832,"comment_status":"open","ping_status":"closed","template":"","meta":{"_acf_changed":false},"product_brand":[],"product_cat":[59],"product_tag":[27,37,44],"class_list":{"0":"post-2831","1":"product","2":"type-product","3":"status-publish","4":"has-post-thumbnail","6":"product_cat-ljetovanje-jadran","7":"product_tag-4-days","8":"product_tag-free-stay","9":"product_tag-road-trip","11":"first","12":"instock","13":"shipping-taxable","14":"purchasable","15":"product-type-simple"},"ams_default_variation_id":0,"ams_product_points_reward":[],"ams_product_discount_percentage":0,"ams_price_to_display":40,"acf":[],"ams_acf":[{"key":"google_maps","label":"google maps","value":"<iframe src=\"https:\/\/www.google.com\/maps\/embed?pb=!1m13!1m8!1m3!1d1402.554026427109!2d14.299564361572266!3d45.32644047046958!3m2!1i1024!2i768!4f13.1!3m2!1m1!2zNDXCsDE5JzM1LjIiTiAxNMKwMTcnNTguNCJF!5e0!3m2!1shr!2shr!4v1711546494024!5m2!1shr!2shr\" width=\"100%\" height=\"450\" style=\"border:0;\" allowfullscreen=\"\" loading=\"lazy\" referrerpolicy=\"no-referrer-when-downgrade\"><\/iframe>"}],"yoast_head":"<!-- This site is optimized with the Yoast SEO plugin v25.3 - https:\/\/yoast.com\/wordpress\/plugins\/seo\/ -->\n<title>Hotel Istra 3* - Incredible Croatia Tours<\/title>\n<meta name=\"robots\" content=\"index, follow, max-snippet:-1, max-image-preview:large, max-video-preview:-1\" \/>\n<link rel=\"canonical\" href=\"https:\/\/www.incredible-tours.hr\/en\/putovanja\/hotel-istra-3\/\" \/>\n<meta property=\"og:locale\" content=\"en_US\" \/>\n<meta property=\"og:type\" content=\"article\" \/>\n<meta property=\"og:title\" content=\"Hotel Istra 3* - Incredible Croatia Tours\" \/>\n<meta property=\"og:description\" content=\"Ponuda: buffet restoran, kafi\u0107, animacija, sef na recepciji (doplata), frizerski salon.\" \/>\n<meta property=\"og:url\" content=\"https:\/\/www.incredible-tours.hr\/en\/putovanja\/hotel-istra-3\/\" \/>\n<meta property=\"og:site_name\" content=\"Incredible Croatia Tours\" \/>\n<meta property=\"og:image\" content=\"https:\/\/www.incredible-tours.hr\/wp-content\/uploads\/2024\/03\/551dc9c577e50d694601f27e7df70b48.jpg\" \/>\n\t<meta property=\"og:image:width\" content=\"1000\" \/>\n\t<meta property=\"og:image:height\" content=\"528\" \/>\n\t<meta property=\"og:image:type\" content=\"image\/jpeg\" \/>\n<meta name=\"twitter:card\" content=\"summary_large_image\" \/>\n<script type=\"application\/ld+json\" class=\"yoast-schema-graph\">{\"@context\":\"https:\/\/schema.org\",\"@graph\":[{\"@type\":\"WebPage\",\"@id\":\"https:\/\/www.incredible-tours.hr\/en\/putovanja\/hotel-istra-3\/\",\"url\":\"https:\/\/www.incredible-tours.hr\/en\/putovanja\/hotel-istra-3\/\",\"name\":\"Hotel Istra 3* - Incredible Croatia Tours\",\"isPartOf\":{\"@id\":\"https:\/\/www.incredible-tours.hr\/en\/#website\"},\"primaryImageOfPage\":{\"@id\":\"https:\/\/www.incredible-tours.hr\/en\/putovanja\/hotel-istra-3\/#primaryimage\"},\"image\":{\"@id\":\"https:\/\/www.incredible-tours.hr\/en\/putovanja\/hotel-istra-3\/#primaryimage\"},\"thumbnailUrl\":\"https:\/\/www.incredible-tours.hr\/wp-content\/uploads\/2024\/03\/551dc9c577e50d694601f27e7df70b48.jpg\",\"datePublished\":\"2024-03-27T13:37:01+00:00\",\"breadcrumb\":{\"@id\":\"https:\/\/www.incredible-tours.hr\/en\/putovanja\/hotel-istra-3\/#breadcrumb\"},\"inLanguage\":\"en-US\",\"potentialAction\":[{\"@type\":\"ReadAction\",\"target\":[\"https:\/\/www.incredible-tours.hr\/en\/putovanja\/hotel-istra-3\/\"]}]},{\"@type\":\"ImageObject\",\"inLanguage\":\"en-US\",\"@id\":\"https:\/\/www.incredible-tours.hr\/en\/putovanja\/hotel-istra-3\/#primaryimage\",\"url\":\"https:\/\/www.incredible-tours.hr\/wp-content\/uploads\/2024\/03\/551dc9c577e50d694601f27e7df70b48.jpg\",\"contentUrl\":\"https:\/\/www.incredible-tours.hr\/wp-content\/uploads\/2024\/03\/551dc9c577e50d694601f27e7df70b48.jpg\",\"width\":1000,\"height\":528},{\"@type\":\"BreadcrumbList\",\"@id\":\"https:\/\/www.incredible-tours.hr\/en\/putovanja\/hotel-istra-3\/#breadcrumb\",\"itemListElement\":[{\"@type\":\"ListItem\",\"position\":1,\"name\":\"Po\u010detna stranica\",\"item\":\"https:\/\/www.incredible-tours.hr\/en\/incredible-croatia-tours\/\"},{\"@type\":\"ListItem\",\"position\":2,\"name\":\"Shop\",\"item\":\"https:\/\/www.incredible-tours.hr\/en\/shop\/\"},{\"@type\":\"ListItem\",\"position\":3,\"name\":\"Hotel Istra 3*\"}]},{\"@type\":\"WebSite\",\"@id\":\"https:\/\/www.incredible-tours.hr\/en\/#website\",\"url\":\"https:\/\/www.incredible-tours.hr\/en\/\",\"name\":\"Incredible Croatia Tours\",\"description\":\"Izleti i Putovanja\",\"potentialAction\":[{\"@type\":\"SearchAction\",\"target\":{\"@type\":\"EntryPoint\",\"urlTemplate\":\"https:\/\/www.incredible-tours.hr\/en\/?s={search_term_string}\"},\"query-input\":{\"@type\":\"PropertyValueSpecification\",\"valueRequired\":true,\"valueName\":\"search_term_string\"}}],\"inLanguage\":\"en-US\"}]}<\/script>\n<!-- \/ Yoast SEO plugin. -->","yoast_head_json":{"title":"Hotel Istra 3* - Incredible Croatia Tours","robots":{"index":"index","follow":"follow","max-snippet":"max-snippet:-1","max-image-preview":"max-image-preview:large","max-video-preview":"max-video-preview:-1"},"canonical":"https:\/\/www.incredible-tours.hr\/en\/putovanja\/hotel-istra-3\/","og_locale":"en_US","og_type":"article","og_title":"Hotel Istra 3* - Incredible Croatia Tours","og_description":"Ponuda: buffet restoran, kafi\u0107, animacija, sef na recepciji (doplata), frizerski salon.","og_url":"https:\/\/www.incredible-tours.hr\/en\/putovanja\/hotel-istra-3\/","og_site_name":"Incredible Croatia Tours","og_image":[{"width":1000,"height":528,"url":"https:\/\/www.incredible-tours.hr\/wp-content\/uploads\/2024\/03\/551dc9c577e50d694601f27e7df70b48.jpg","type":"image\/jpeg"}],"twitter_card":"summary_large_image","schema":{"@context":"https:\/\/schema.org","@graph":[{"@type":"WebPage","@id":"https:\/\/www.incredible-tours.hr\/en\/putovanja\/hotel-istra-3\/","url":"https:\/\/www.incredible-tours.hr\/en\/putovanja\/hotel-istra-3\/","name":"Hotel Istra 3* - Incredible Croatia Tours","isPartOf":{"@id":"https:\/\/www.incredible-tours.hr\/en\/#website"},"primaryImageOfPage":{"@id":"https:\/\/www.incredible-tours.hr\/en\/putovanja\/hotel-istra-3\/#primaryimage"},"image":{"@id":"https:\/\/www.incredible-tours.hr\/en\/putovanja\/hotel-istra-3\/#primaryimage"},"thumbnailUrl":"https:\/\/www.incredible-tours.hr\/wp-content\/uploads\/2024\/03\/551dc9c577e50d694601f27e7df70b48.jpg","datePublished":"2024-03-27T13:37:01+00:00","breadcrumb":{"@id":"https:\/\/www.incredible-tours.hr\/en\/putovanja\/hotel-istra-3\/#breadcrumb"},"inLanguage":"en-US","potentialAction":[{"@type":"ReadAction","target":["https:\/\/www.incredible-tours.hr\/en\/putovanja\/hotel-istra-3\/"]}]},{"@type":"ImageObject","inLanguage":"en-US","@id":"https:\/\/www.incredible-tours.hr\/en\/putovanja\/hotel-istra-3\/#primaryimage","url":"https:\/\/www.incredible-tours.hr\/wp-content\/uploads\/2024\/03\/551dc9c577e50d694601f27e7df70b48.jpg","contentUrl":"https:\/\/www.incredible-tours.hr\/wp-content\/uploads\/2024\/03\/551dc9c577e50d694601f27e7df70b48.jpg","width":1000,"height":528},{"@type":"BreadcrumbList","@id":"https:\/\/www.incredible-tours.hr\/en\/putovanja\/hotel-istra-3\/#breadcrumb","itemListElement":[{"@type":"ListItem","position":1,"name":"Po\u010detna stranica","item":"https:\/\/www.incredible-tours.hr\/en\/incredible-croatia-tours\/"},{"@type":"ListItem","position":2,"name":"Shop","item":"https:\/\/www.incredible-tours.hr\/en\/shop\/"},{"@type":"ListItem","position":3,"name":"Hotel Istra 3*"}]},{"@type":"WebSite","@id":"https:\/\/www.incredible-tours.hr\/en\/#website","url":"https:\/\/www.incredible-tours.hr\/en\/","name":"Incredible Croatia Tours","description":"Izleti i Putovanja","potentialAction":[{"@type":"SearchAction","target":{"@type":"EntryPoint","urlTemplate":"https:\/\/www.incredible-tours.hr\/en\/?s={search_term_string}"},"query-input":{"@type":"PropertyValueSpecification","valueRequired":true,"valueName":"search_term_string"}}],"inLanguage":"en-US"}]}},"_links":{"self":[{"href":"https:\/\/www.incredible-tours.hr\/en\/wp-json\/wp\/v2\/product\/2831","targetHints":{"allow":["GET"]}}],"collection":[{"href":"https:\/\/www.incredible-tours.hr\/en\/wp-json\/wp\/v2\/product"}],"about":[{"href":"https:\/\/www.incredible-tours.hr\/en\/wp-json\/wp\/v2\/types\/product"}],"replies":[{"embeddable":true,"href":"https:\/\/www.incredible-tours.hr\/en\/wp-json\/wp\/v2\/comments?post=2831"}],"wp:featuredmedia":[{"embeddable":true,"href":"https:\/\/www.incredible-tours.hr\/en\/wp-json\/wp\/v2\/media\/2832"}],"wp:attachment":[{"href":"https:\/\/www.incredible-tours.hr\/en\/wp-json\/wp\/v2\/media?parent=2831"}],"wp:term":[{"taxonomy":"product_brand","embeddable":true,"href":"https:\/\/www.incredible-tours.hr\/en\/wp-json\/wp\/v2\/product_brand?post=2831"},{"taxonomy":"product_cat","embeddable":true,"href":"https:\/\/www.incredible-tours.hr\/en\/wp-json\/wp\/v2\/product_cat?post=2831"},{"taxonomy":"product_tag","embeddable":true,"href":"https:\/\/www.incredible-tours.hr\/en\/wp-json\/wp\/v2\/product_tag?post=2831"}],"curies":[{"name":"wp","href":"https:\/\/api.w.org\/{rel}","templated":true}]}}