{"id":2846,"date":"2024-03-27T13:43:36","date_gmt":"2024-03-27T13:43:36","guid":{"rendered":"https:\/\/www.incredible-tours.hr\/?post_type=product&#038;p=2846"},"modified":"2024-03-27T13:43:36","modified_gmt":"2024-03-27T13:43:36","slug":"hotel-vis-3","status":"publish","type":"product","link":"https:\/\/www.incredible-tours.hr\/en\/putovanja\/hotel-vis-3\/","title":{"rendered":"Hotel Vis 3*"},"content":{"rendered":"<p><strong>Polo\u017eaj:\u00a0<\/strong>usred borove \u0161ume, uz more i \u0161etnicu, u uvali Lapad. Stari grad Dubrovnik udaljen je 10 minuta vo\u017enje, a zra\u010dna luka Dubrovnik 25 km<br \/>\n<strong>Hotelska ponuda:\u00a0<\/strong>restoran sa terasom, aperitiv bar, bar na pla\u017ei, recepcija, wi-fi (besplatan), sportske aktivnosti,\u00a0odbojka na pijesku, tenis, sportovi na vodi, najam bicikla, manje nogometno igrali\u0161te (umjetna trava), wi-fi (besplatan)<br \/>\n<strong>Sobe:<\/strong>\u00a0klimatizirane, su\u0161ilo za kosu, sat TV<br \/>\n<strong>Prehrana:\u00a0<\/strong>polupansion<br \/>\n<strong>Pla\u017ea:\u00a0<\/strong>\u0161ljun\u010dana, u blizini pje\u0161\u010dana, betonska i stjenovita, le\u017ealjke i suncobrani na pla\u017ei (ovisno o raspolo\u017eivosti, doplata).<br \/>\n<strong>Ku\u0107ni ljubimci<\/strong>: nisu dopu\u0161teni.<\/p>\n","protected":false},"excerpt":{"rendered":"<div class=\"row gx-2 mb-3\">\n<div class=\"col-lg-auto d-flex flex-column justify-content-center fw-bold text-primary\"><strong>\u00a0<\/strong>usred borove \u0161ume, uz more i \u0161etnicu, u uvali Lapad. Stari grad Dubrovnik udaljen je 10 minuta vo\u017enje, a zra\u010dna luka Dubrovnik 25 km<br \/>\n<strong>Hotelska ponuda:\u00a0<\/strong>restoran sa terasom, aperitiv bar, bar na pla\u017ei, recepcija, wi-fi (besplatan), sportske aktivnosti,\u00a0odbojka na pijesku, tenis, sportovi na vodi, najam bicikla, manje nogometno igrali\u0161te (umjetna trava), wi-fi (besplatan)<\/div>\n<\/div>\n","protected":false},"featured_media":2847,"comment_status":"open","ping_status":"closed","template":"","meta":{"_acf_changed":false},"product_brand":[],"product_cat":[83,59],"product_tag":[27,37,44],"class_list":{"0":"post-2846","1":"product","2":"type-product","3":"status-publish","4":"has-post-thumbnail","6":"product_cat-dubrovnik-hrvatska","7":"product_cat-ljetovanje-jadran","8":"product_tag-4-days","9":"product_tag-free-stay","10":"product_tag-road-trip","12":"first","13":"instock","14":"shipping-taxable","15":"purchasable","16":"product-type-simple"},"ams_default_variation_id":0,"ams_product_points_reward":[],"ams_product_discount_percentage":0,"ams_price_to_display":50,"acf":[],"ams_acf":[{"key":"google_maps","label":"google maps","value":"<iframe src=\"https:\/\/www.google.com\/maps\/embed?pb=!1m13!1m8!1m3!1d1467.193919213634!2d18.0656463!3d42.653136!3m2!1i1024!2i768!4f13.1!3m2!1m1!2zNDLCsDM5JzExLjMiTiAxOMKwMDMnNTYuMyJF!5e0!3m2!1shr!2shr!4v1711546892267!5m2!1shr!2shr\" width=\"100%\" height=\"450\" style=\"border:0;\" allowfullscreen=\"\" loading=\"lazy\" referrerpolicy=\"no-referrer-when-downgrade\"><\/iframe>"}],"yoast_head":"<!-- This site is optimized with the Yoast SEO plugin v25.3 - https:\/\/yoast.com\/wordpress\/plugins\/seo\/ -->\n<title>Hotel Vis 3* - Incredible Croatia Tours<\/title>\n<meta name=\"robots\" content=\"index, follow, max-snippet:-1, max-image-preview:large, max-video-preview:-1\" \/>\n<link rel=\"canonical\" href=\"https:\/\/www.incredible-tours.hr\/en\/putovanja\/hotel-vis-3\/\" \/>\n<meta property=\"og:locale\" content=\"en_US\" \/>\n<meta property=\"og:type\" content=\"article\" \/>\n<meta property=\"og:title\" content=\"Hotel Vis 3* - Incredible Croatia Tours\" \/>\n<meta property=\"og:description\" content=\"\u00a0usred borove \u0161ume, uz more i \u0161etnicu, u uvali Lapad. Stari grad Dubrovnik udaljen je 10 minuta vo\u017enje, a zra\u010dna luka Dubrovnik 25 km Hotelska ponuda:\u00a0restoran sa terasom, aperitiv bar, bar na pla\u017ei, recepcija, wi-fi (besplatan), sportske aktivnosti,\u00a0odbojka na pijesku, tenis, sportovi na vodi, najam bicikla, manje nogometno igrali\u0161te (umjetna trava), wi-fi (besplatan)\" \/>\n<meta property=\"og:url\" content=\"https:\/\/www.incredible-tours.hr\/en\/putovanja\/hotel-vis-3\/\" \/>\n<meta property=\"og:site_name\" content=\"Incredible Croatia Tours\" \/>\n<meta property=\"og:image\" content=\"https:\/\/www.incredible-tours.hr\/wp-content\/uploads\/2024\/03\/maestral-hotels-lapadbay-birdview5190.png\" \/>\n\t<meta property=\"og:image:width\" content=\"1000\" \/>\n\t<meta property=\"og:image:height\" content=\"668\" \/>\n\t<meta property=\"og:image:type\" content=\"image\/png\" \/>\n<meta name=\"twitter:card\" content=\"summary_large_image\" \/>\n<script type=\"application\/ld+json\" class=\"yoast-schema-graph\">{\"@context\":\"https:\/\/schema.org\",\"@graph\":[{\"@type\":\"WebPage\",\"@id\":\"https:\/\/www.incredible-tours.hr\/en\/putovanja\/hotel-vis-3\/\",\"url\":\"https:\/\/www.incredible-tours.hr\/en\/putovanja\/hotel-vis-3\/\",\"name\":\"Hotel Vis 3* - Incredible Croatia Tours\",\"isPartOf\":{\"@id\":\"https:\/\/www.incredible-tours.hr\/en\/#website\"},\"primaryImageOfPage\":{\"@id\":\"https:\/\/www.incredible-tours.hr\/en\/putovanja\/hotel-vis-3\/#primaryimage\"},\"image\":{\"@id\":\"https:\/\/www.incredible-tours.hr\/en\/putovanja\/hotel-vis-3\/#primaryimage\"},\"thumbnailUrl\":\"https:\/\/www.incredible-tours.hr\/wp-content\/uploads\/2024\/03\/maestral-hotels-lapadbay-birdview5190.png\",\"datePublished\":\"2024-03-27T13:43:36+00:00\",\"breadcrumb\":{\"@id\":\"https:\/\/www.incredible-tours.hr\/en\/putovanja\/hotel-vis-3\/#breadcrumb\"},\"inLanguage\":\"en-US\",\"potentialAction\":[{\"@type\":\"ReadAction\",\"target\":[\"https:\/\/www.incredible-tours.hr\/en\/putovanja\/hotel-vis-3\/\"]}]},{\"@type\":\"ImageObject\",\"inLanguage\":\"en-US\",\"@id\":\"https:\/\/www.incredible-tours.hr\/en\/putovanja\/hotel-vis-3\/#primaryimage\",\"url\":\"https:\/\/www.incredible-tours.hr\/wp-content\/uploads\/2024\/03\/maestral-hotels-lapadbay-birdview5190.png\",\"contentUrl\":\"https:\/\/www.incredible-tours.hr\/wp-content\/uploads\/2024\/03\/maestral-hotels-lapadbay-birdview5190.png\",\"width\":1000,\"height\":668},{\"@type\":\"BreadcrumbList\",\"@id\":\"https:\/\/www.incredible-tours.hr\/en\/putovanja\/hotel-vis-3\/#breadcrumb\",\"itemListElement\":[{\"@type\":\"ListItem\",\"position\":1,\"name\":\"Po\u010detna stranica\",\"item\":\"https:\/\/www.incredible-tours.hr\/en\/incredible-croatia-tours\/\"},{\"@type\":\"ListItem\",\"position\":2,\"name\":\"Shop\",\"item\":\"https:\/\/www.incredible-tours.hr\/en\/shop\/\"},{\"@type\":\"ListItem\",\"position\":3,\"name\":\"Hotel Vis 3*\"}]},{\"@type\":\"WebSite\",\"@id\":\"https:\/\/www.incredible-tours.hr\/en\/#website\",\"url\":\"https:\/\/www.incredible-tours.hr\/en\/\",\"name\":\"Incredible Croatia Tours\",\"description\":\"Izleti i Putovanja\",\"potentialAction\":[{\"@type\":\"SearchAction\",\"target\":{\"@type\":\"EntryPoint\",\"urlTemplate\":\"https:\/\/www.incredible-tours.hr\/en\/?s={search_term_string}\"},\"query-input\":{\"@type\":\"PropertyValueSpecification\",\"valueRequired\":true,\"valueName\":\"search_term_string\"}}],\"inLanguage\":\"en-US\"}]}<\/script>\n<!-- \/ Yoast SEO plugin. -->","yoast_head_json":{"title":"Hotel Vis 3* - Incredible Croatia Tours","robots":{"index":"index","follow":"follow","max-snippet":"max-snippet:-1","max-image-preview":"max-image-preview:large","max-video-preview":"max-video-preview:-1"},"canonical":"https:\/\/www.incredible-tours.hr\/en\/putovanja\/hotel-vis-3\/","og_locale":"en_US","og_type":"article","og_title":"Hotel Vis 3* - Incredible Croatia Tours","og_description":"\u00a0usred borove \u0161ume, uz more i \u0161etnicu, u uvali Lapad. Stari grad Dubrovnik udaljen je 10 minuta vo\u017enje, a zra\u010dna luka Dubrovnik 25 km Hotelska ponuda:\u00a0restoran sa terasom, aperitiv bar, bar na pla\u017ei, recepcija, wi-fi (besplatan), sportske aktivnosti,\u00a0odbojka na pijesku, tenis, sportovi na vodi, najam bicikla, manje nogometno igrali\u0161te (umjetna trava), wi-fi (besplatan)","og_url":"https:\/\/www.incredible-tours.hr\/en\/putovanja\/hotel-vis-3\/","og_site_name":"Incredible Croatia Tours","og_image":[{"width":1000,"height":668,"url":"https:\/\/www.incredible-tours.hr\/wp-content\/uploads\/2024\/03\/maestral-hotels-lapadbay-birdview5190.png","type":"image\/png"}],"twitter_card":"summary_large_image","schema":{"@context":"https:\/\/schema.org","@graph":[{"@type":"WebPage","@id":"https:\/\/www.incredible-tours.hr\/en\/putovanja\/hotel-vis-3\/","url":"https:\/\/www.incredible-tours.hr\/en\/putovanja\/hotel-vis-3\/","name":"Hotel Vis 3* - Incredible Croatia Tours","isPartOf":{"@id":"https:\/\/www.incredible-tours.hr\/en\/#website"},"primaryImageOfPage":{"@id":"https:\/\/www.incredible-tours.hr\/en\/putovanja\/hotel-vis-3\/#primaryimage"},"image":{"@id":"https:\/\/www.incredible-tours.hr\/en\/putovanja\/hotel-vis-3\/#primaryimage"},"thumbnailUrl":"https:\/\/www.incredible-tours.hr\/wp-content\/uploads\/2024\/03\/maestral-hotels-lapadbay-birdview5190.png","datePublished":"2024-03-27T13:43:36+00:00","breadcrumb":{"@id":"https:\/\/www.incredible-tours.hr\/en\/putovanja\/hotel-vis-3\/#breadcrumb"},"inLanguage":"en-US","potentialAction":[{"@type":"ReadAction","target":["https:\/\/www.incredible-tours.hr\/en\/putovanja\/hotel-vis-3\/"]}]},{"@type":"ImageObject","inLanguage":"en-US","@id":"https:\/\/www.incredible-tours.hr\/en\/putovanja\/hotel-vis-3\/#primaryimage","url":"https:\/\/www.incredible-tours.hr\/wp-content\/uploads\/2024\/03\/maestral-hotels-lapadbay-birdview5190.png","contentUrl":"https:\/\/www.incredible-tours.hr\/wp-content\/uploads\/2024\/03\/maestral-hotels-lapadbay-birdview5190.png","width":1000,"height":668},{"@type":"BreadcrumbList","@id":"https:\/\/www.incredible-tours.hr\/en\/putovanja\/hotel-vis-3\/#breadcrumb","itemListElement":[{"@type":"ListItem","position":1,"name":"Po\u010detna stranica","item":"https:\/\/www.incredible-tours.hr\/en\/incredible-croatia-tours\/"},{"@type":"ListItem","position":2,"name":"Shop","item":"https:\/\/www.incredible-tours.hr\/en\/shop\/"},{"@type":"ListItem","position":3,"name":"Hotel Vis 3*"}]},{"@type":"WebSite","@id":"https:\/\/www.incredible-tours.hr\/en\/#website","url":"https:\/\/www.incredible-tours.hr\/en\/","name":"Incredible Croatia Tours","description":"Izleti i Putovanja","potentialAction":[{"@type":"SearchAction","target":{"@type":"EntryPoint","urlTemplate":"https:\/\/www.incredible-tours.hr\/en\/?s={search_term_string}"},"query-input":{"@type":"PropertyValueSpecification","valueRequired":true,"valueName":"search_term_string"}}],"inLanguage":"en-US"}]}},"_links":{"self":[{"href":"https:\/\/www.incredible-tours.hr\/en\/wp-json\/wp\/v2\/product\/2846","targetHints":{"allow":["GET"]}}],"collection":[{"href":"https:\/\/www.incredible-tours.hr\/en\/wp-json\/wp\/v2\/product"}],"about":[{"href":"https:\/\/www.incredible-tours.hr\/en\/wp-json\/wp\/v2\/types\/product"}],"replies":[{"embeddable":true,"href":"https:\/\/www.incredible-tours.hr\/en\/wp-json\/wp\/v2\/comments?post=2846"}],"wp:featuredmedia":[{"embeddable":true,"href":"https:\/\/www.incredible-tours.hr\/en\/wp-json\/wp\/v2\/media\/2847"}],"wp:attachment":[{"href":"https:\/\/www.incredible-tours.hr\/en\/wp-json\/wp\/v2\/media?parent=2846"}],"wp:term":[{"taxonomy":"product_brand","embeddable":true,"href":"https:\/\/www.incredible-tours.hr\/en\/wp-json\/wp\/v2\/product_brand?post=2846"},{"taxonomy":"product_cat","embeddable":true,"href":"https:\/\/www.incredible-tours.hr\/en\/wp-json\/wp\/v2\/product_cat?post=2846"},{"taxonomy":"product_tag","embeddable":true,"href":"https:\/\/www.incredible-tours.hr\/en\/wp-json\/wp\/v2\/product_tag?post=2846"}],"curies":[{"name":"wp","href":"https:\/\/api.w.org\/{rel}","templated":true}]}}