{"id":2889,"date":"2024-03-27T14:19:35","date_gmt":"2024-03-27T14:19:35","guid":{"rendered":"https:\/\/www.incredible-tours.hr\/?post_type=product&#038;p=2889"},"modified":"2024-03-27T14:19:35","modified_gmt":"2024-03-27T14:19:35","slug":"netaknuta-ljepota-jadranskih-otoka-np-brijuni-pula","status":"publish","type":"product","link":"https:\/\/www.incredible-tours.hr\/en\/putovanja\/netaknuta-ljepota-jadranskih-otoka-np-brijuni-pula\/","title":{"rendered":"Netaknuta ljepota jadranskih otoka: NP BRIJUNI &#038; PULA"},"content":{"rendered":"<p>Nacionalni park Brijuni jedan je od najljep\u0161ih i najpoznatijih hrvatskih nacionalnih parkova koji se od ostalih parkova razlikuje u \u010dinjenici da je gotovo u potpunosti kultiviran od strane \u010dovjeka i stvoren kao njegovo mjesto odmora i u\u017eivanja. Iako oblikovan namjenski, napravljen je u sinergiji s prirodom \u0161to mu daje posebno skladni i pitomi izgled. Harmonija prekrasne flore i faune koja uz pomo\u0107 \u010dovjeka \u010dini \u010darobnu bajku, svojom ljepotom osvaja srca svih posjetitelja Brijuna. Do\u0111ite i uvjerite se!<\/p>\n<p>Brijuni su rajsko oto\u010dje smje\u0161teno u zagrljaju Istre u veli\u010danstvenom Jadranskom moru. Ovo oto\u010dje oaza je \u010darobne harmonije \u010dovjeka, biljnog i \u017eivotinjskog svijeta. Zbog svoje iznimne va\u017enosti i bogate povijesti, Brijuni su zaslu\u017eeno prozvani nacionalnim parkom. Na otoku mo\u017eete prona\u0107i mnoge kulturne znamenitosti od ranih perioda predromanske povijesti pa sve do 16. stolje\u0107a. Otok krasi bogata i predivna flora i fauna s netaknutim podmorjem. Ljubitelji \u017eivotinja sigurno \u0107e biti odu\u0161evljeni rezervatom Saline te Safari i Etno parkom.<\/p>\n<h5 id=\"scroll-description\" class=\"font-size-21 font-weight-bold text-dark mb-3\">Paket uklju\u010duje:<\/h5>\n<div class=\"\">\n<ul>\n<li class=\"flex-horizontal-center mb-3 text-gray-1\"><i class=\"lnr lnr-bus mr-3 font-size-16 text-primary\"><\/i>Prijevoz autobusom visoke turisti\u010dke klase (TV, video, klima) na relaciji \u010cakovec \u2013 Fa\u017eane \u2013 Pula \u2013 \u010cakovec<\/li>\n<li class=\"flex-horizontal-center mb-3 text-gray-1\"><i class=\"flaticon-climbing mr-3 font-size-16 text-primary\"><\/i>Iskrcaj u Fa\u017eanama<\/li>\n<li class=\"flex-horizontal-center mb-3 text-gray-1\"><i class=\"flaticon-star mr-3 font-size-16 text-primary\"><\/i>Zajedni\u010dki posjet i razgled grada Pule<\/li>\n<li class=\"flex-horizontal-center mb-3 text-gray-1\"><i class=\"flaticon-global mr-3 font-size-16 text-primary\"><\/i>Razgled i pratnju po programu agencije s voditeljem putovanja<\/li>\n<li class=\"flex-horizontal-center mb-3 text-gray-1\"><i class=\"flaticon-password mr-3 font-size-16 text-primary\"><\/i>Osiguranje jam\u010devine i osiguranje od odgovornosti organizatora paket aran\u017emana<\/li>\n<li class=\"flex-horizontal-center mb-3 text-gray-1\"><i class=\"lnr lnr-checkmark-circle mr-3 font-size-16 text-primary\"><\/i>Organizaciju i realizaciju putovanja<\/li>\n<\/ul>\n<p>Polazak u 2:40 sata iz \u010cakovca te nastavak puta prema\u00a0<strong>FA\u017dANAMA<\/strong>. Vo\u017enja ugodnim turisti\u010dkim autobusom kroz Zagreb i Opatiju uz zanimljive informacije voditelja putovanja. Prva stanica je u CENTRALNOJ LUKI \u201cFA\u017dANA\u201d odakle slijedi nastavak izleta brodom prema\u00a0<strong>NP BRIJUNI<\/strong>. Kratko slobodno vrijeme za jutarnju kavicu i laganu \u0161etnju gradom. U 09:00 sati slijedi ukrcaj na brod i \u010detverosatni obilazak Brijuna vlaki\u0107em i ugodnom \u0161etnjom.<\/p>\n<p><strong>Brijuni su rajsko oto\u010dje<\/strong>\u00a0smje\u0161teno u zagrljaju Istre u veli\u010danstvenom Jadranskom moru. Ovo oto\u010dje oaza je\u00a0<strong>\u010darobne harmonije \u010dovjeka, biljnog i \u017eivotinjskog svijeta<\/strong>. Zbog svoje iznimne va\u017enosti i bogate povijesti,\u00a0<strong>Brijuni su zaslu\u017eeno prozvani NACIONALNIM PARKOM 27.10. 1983. godine<\/strong>. Na otoku mo\u017eete prona\u0107i mnoge kulturne znamenitosti od ranih perioda predromanske povijesti pa sve do 16. stolje\u0107a. Otok krasi bogata i predivna flora i fauna s netaknutim podmorjem.\u00a0<strong>Ljubitelji \u017eivotinja sigurno \u0107e biti odu\u0161evljeni rezervatom Saline te Safari i Etno parkom<\/strong>.<\/p>\n<p>Okupljanje grupe na Trgu prijateljstva ispred prezentacijske plo\u010de Brijuna i upoznavanje posjetitelja s njegovom bogatom povije\u0161\u0107u od perioda mezozoika do danas, prirodnim ljepotama \u010dija su posebnost stoljetne \u0161ume hrasta crnike, \u0161ume lovora, mediteranska makija te park-\u0161ume. Vo\u017enja dijelom nekada jednog od najve\u0107ih golf terena u Europi, prolaz kroz\u00a0<strong>safari park i zaljev Verige<\/strong>. Polusatna stanka u bistrou \u201c\u0160koljka\u201d prigoda je za osvje\u017eenje i kupovinu suvenira. Posjet\u00a0<strong>crkvi Sv. Germana iz XV.<\/strong>\u00a0<strong>st<\/strong>. u kojoj se nalaze kopije srednjovjekovnih fresaka i kopije spomenika pisanih glagoljicom te originalni crno-bijeli rimski mozaik iz zaljeva Verige. Razgledavanje prirodoslovnog muzeja i foto izlo\u017ebi te botani\u010dkog vrta. Nakon obilaska nacionalnog parka slijedi povratak brodom u Fa\u017eanu oko 14:00 sati.<\/p>\n<p>Nastavak puta prema gradu\u00a0<strong>PULI<\/strong>. Grad ima dugu tradiciju vinarstva, ribarstva, brodogradnje i turizma, a ujedno je i tranzitna luka. Pula je kulturni centar Istre jo\u0161 od rimskoga doba. Po dolasku, kre\u0107emo s voditelje putovanja u \u0161etnju gradom gdje \u0107emo vidjeti prekrasne prizore iz pro\u0161losti. \u2013\u00a0<strong>PULSKI<\/strong>\u00a0<strong>AMFITEATAR \u2013 AUGUSTOV HRAM \u2013 ZLATNA VRATA \u2013 KATEDRALA,\u00a0<\/strong>\u2026 Slobodno vrijeme za osobne programe, ru\u010dak, kavu i odmor u tisu\u0107ljetnom gradu.<\/p>\n<p>Okupljanje grupe u dogovoreno vrijeme te polazak prema Me\u0111imurju. Dolazak na mjesto polaska u pristojnim no\u0107nim satima.<\/p>\n<\/div>\n","protected":false},"excerpt":{"rendered":"<p>Polazak: Prelog, \u010cakovec, Vara\u017edin, Zagreb<\/p>\n","protected":false},"featured_media":2890,"comment_status":"open","ping_status":"closed","template":"","meta":{"_acf_changed":false},"product_brand":[],"product_cat":[119,94,99],"product_tag":[],"class_list":{"0":"post-2889","1":"product","2":"type-product","3":"status-publish","4":"has-post-thumbnail","6":"product_cat-hrvatska-jednodnevni-izleti","7":"product_cat-izleti","8":"product_cat-jednodnevni-izleti","10":"first","11":"instock","12":"shipping-taxable","13":"purchasable","14":"product-type-simple"},"ams_default_variation_id":0,"ams_product_points_reward":[],"ams_product_discount_percentage":0,"ams_price_to_display":40,"acf":[],"ams_acf":[{"key":"google_maps","label":"google maps","value":"<iframe src=\"https:\/\/www.google.com\/maps\/embed?pb=!1m18!1m12!1m3!1d45206.58689477297!2d13.7541122!3d44.91496295!2m3!1f0!2f0!3f0!3m2!1i1024!2i768!4f13.1!3m3!1m2!1s0x477cd1d79bf4ad49%3A0xecf2bec6f25cc5ed!2sBrijuni!5e0!3m2!1shr!2shr!4v1711549085130!5m2!1shr!2shr\" width=\"100%\" height=\"450\" style=\"border:0;\" allowfullscreen=\"\" loading=\"lazy\" referrerpolicy=\"no-referrer-when-downgrade\"><\/iframe>"}],"yoast_head":"<!-- This site is optimized with the Yoast SEO plugin v25.3 - https:\/\/yoast.com\/wordpress\/plugins\/seo\/ -->\n<title>Netaknuta ljepota jadranskih otoka: NP BRIJUNI &amp; PULA - Incredible Croatia Tours<\/title>\n<meta name=\"robots\" content=\"index, follow, max-snippet:-1, max-image-preview:large, max-video-preview:-1\" \/>\n<link rel=\"canonical\" href=\"https:\/\/www.incredible-tours.hr\/en\/putovanja\/netaknuta-ljepota-jadranskih-otoka-np-brijuni-pula\/\" \/>\n<meta property=\"og:locale\" content=\"en_US\" \/>\n<meta property=\"og:type\" content=\"article\" \/>\n<meta property=\"og:title\" content=\"Netaknuta ljepota jadranskih otoka: NP BRIJUNI &amp; PULA - Incredible Croatia Tours\" \/>\n<meta property=\"og:description\" content=\"Polazak: Prelog, \u010cakovec, Vara\u017edin, Zagreb\" \/>\n<meta property=\"og:url\" content=\"https:\/\/www.incredible-tours.hr\/en\/putovanja\/netaknuta-ljepota-jadranskih-otoka-np-brijuni-pula\/\" \/>\n<meta property=\"og:site_name\" content=\"Incredible Croatia Tours\" \/>\n<meta property=\"og:image\" content=\"https:\/\/www.incredible-tours.hr\/wp-content\/uploads\/2024\/03\/174650708_523086819070233_5435573964024310281_n.webp\" \/>\n\t<meta property=\"og:image:width\" content=\"1920\" \/>\n\t<meta property=\"og:image:height\" content=\"1438\" \/>\n\t<meta property=\"og:image:type\" content=\"image\/webp\" \/>\n<meta name=\"twitter:card\" content=\"summary_large_image\" \/>\n<meta name=\"twitter:label1\" content=\"Est. reading time\" \/>\n\t<meta name=\"twitter:data1\" content=\"3 minutes\" \/>\n<script type=\"application\/ld+json\" class=\"yoast-schema-graph\">{\"@context\":\"https:\/\/schema.org\",\"@graph\":[{\"@type\":\"WebPage\",\"@id\":\"https:\/\/www.incredible-tours.hr\/en\/putovanja\/netaknuta-ljepota-jadranskih-otoka-np-brijuni-pula\/\",\"url\":\"https:\/\/www.incredible-tours.hr\/en\/putovanja\/netaknuta-ljepota-jadranskih-otoka-np-brijuni-pula\/\",\"name\":\"Netaknuta ljepota jadranskih otoka: NP BRIJUNI & PULA - Incredible Croatia Tours\",\"isPartOf\":{\"@id\":\"https:\/\/www.incredible-tours.hr\/en\/#website\"},\"primaryImageOfPage\":{\"@id\":\"https:\/\/www.incredible-tours.hr\/en\/putovanja\/netaknuta-ljepota-jadranskih-otoka-np-brijuni-pula\/#primaryimage\"},\"image\":{\"@id\":\"https:\/\/www.incredible-tours.hr\/en\/putovanja\/netaknuta-ljepota-jadranskih-otoka-np-brijuni-pula\/#primaryimage\"},\"thumbnailUrl\":\"https:\/\/www.incredible-tours.hr\/wp-content\/uploads\/2024\/03\/174650708_523086819070233_5435573964024310281_n.webp\",\"datePublished\":\"2024-03-27T14:19:35+00:00\",\"breadcrumb\":{\"@id\":\"https:\/\/www.incredible-tours.hr\/en\/putovanja\/netaknuta-ljepota-jadranskih-otoka-np-brijuni-pula\/#breadcrumb\"},\"inLanguage\":\"en-US\",\"potentialAction\":[{\"@type\":\"ReadAction\",\"target\":[\"https:\/\/www.incredible-tours.hr\/en\/putovanja\/netaknuta-ljepota-jadranskih-otoka-np-brijuni-pula\/\"]}]},{\"@type\":\"ImageObject\",\"inLanguage\":\"en-US\",\"@id\":\"https:\/\/www.incredible-tours.hr\/en\/putovanja\/netaknuta-ljepota-jadranskih-otoka-np-brijuni-pula\/#primaryimage\",\"url\":\"https:\/\/www.incredible-tours.hr\/wp-content\/uploads\/2024\/03\/174650708_523086819070233_5435573964024310281_n.webp\",\"contentUrl\":\"https:\/\/www.incredible-tours.hr\/wp-content\/uploads\/2024\/03\/174650708_523086819070233_5435573964024310281_n.webp\",\"width\":1920,\"height\":1438},{\"@type\":\"BreadcrumbList\",\"@id\":\"https:\/\/www.incredible-tours.hr\/en\/putovanja\/netaknuta-ljepota-jadranskih-otoka-np-brijuni-pula\/#breadcrumb\",\"itemListElement\":[{\"@type\":\"ListItem\",\"position\":1,\"name\":\"Po\u010detna stranica\",\"item\":\"https:\/\/www.incredible-tours.hr\/en\/incredible-croatia-tours\/\"},{\"@type\":\"ListItem\",\"position\":2,\"name\":\"Shop\",\"item\":\"https:\/\/www.incredible-tours.hr\/en\/shop\/\"},{\"@type\":\"ListItem\",\"position\":3,\"name\":\"Netaknuta ljepota jadranskih otoka: NP BRIJUNI &#038; PULA\"}]},{\"@type\":\"WebSite\",\"@id\":\"https:\/\/www.incredible-tours.hr\/en\/#website\",\"url\":\"https:\/\/www.incredible-tours.hr\/en\/\",\"name\":\"Incredible Croatia Tours\",\"description\":\"Izleti i Putovanja\",\"potentialAction\":[{\"@type\":\"SearchAction\",\"target\":{\"@type\":\"EntryPoint\",\"urlTemplate\":\"https:\/\/www.incredible-tours.hr\/en\/?s={search_term_string}\"},\"query-input\":{\"@type\":\"PropertyValueSpecification\",\"valueRequired\":true,\"valueName\":\"search_term_string\"}}],\"inLanguage\":\"en-US\"}]}<\/script>\n<!-- \/ Yoast SEO plugin. -->","yoast_head_json":{"title":"Netaknuta ljepota jadranskih otoka: NP BRIJUNI & PULA - Incredible Croatia Tours","robots":{"index":"index","follow":"follow","max-snippet":"max-snippet:-1","max-image-preview":"max-image-preview:large","max-video-preview":"max-video-preview:-1"},"canonical":"https:\/\/www.incredible-tours.hr\/en\/putovanja\/netaknuta-ljepota-jadranskih-otoka-np-brijuni-pula\/","og_locale":"en_US","og_type":"article","og_title":"Netaknuta ljepota jadranskih otoka: NP BRIJUNI & PULA - Incredible Croatia Tours","og_description":"Polazak: Prelog, \u010cakovec, Vara\u017edin, Zagreb","og_url":"https:\/\/www.incredible-tours.hr\/en\/putovanja\/netaknuta-ljepota-jadranskih-otoka-np-brijuni-pula\/","og_site_name":"Incredible Croatia Tours","og_image":[{"width":1920,"height":1438,"url":"https:\/\/www.incredible-tours.hr\/wp-content\/uploads\/2024\/03\/174650708_523086819070233_5435573964024310281_n.webp","type":"image\/webp"}],"twitter_card":"summary_large_image","twitter_misc":{"Est. reading time":"3 minutes"},"schema":{"@context":"https:\/\/schema.org","@graph":[{"@type":"WebPage","@id":"https:\/\/www.incredible-tours.hr\/en\/putovanja\/netaknuta-ljepota-jadranskih-otoka-np-brijuni-pula\/","url":"https:\/\/www.incredible-tours.hr\/en\/putovanja\/netaknuta-ljepota-jadranskih-otoka-np-brijuni-pula\/","name":"Netaknuta ljepota jadranskih otoka: NP BRIJUNI & PULA - Incredible Croatia Tours","isPartOf":{"@id":"https:\/\/www.incredible-tours.hr\/en\/#website"},"primaryImageOfPage":{"@id":"https:\/\/www.incredible-tours.hr\/en\/putovanja\/netaknuta-ljepota-jadranskih-otoka-np-brijuni-pula\/#primaryimage"},"image":{"@id":"https:\/\/www.incredible-tours.hr\/en\/putovanja\/netaknuta-ljepota-jadranskih-otoka-np-brijuni-pula\/#primaryimage"},"thumbnailUrl":"https:\/\/www.incredible-tours.hr\/wp-content\/uploads\/2024\/03\/174650708_523086819070233_5435573964024310281_n.webp","datePublished":"2024-03-27T14:19:35+00:00","breadcrumb":{"@id":"https:\/\/www.incredible-tours.hr\/en\/putovanja\/netaknuta-ljepota-jadranskih-otoka-np-brijuni-pula\/#breadcrumb"},"inLanguage":"en-US","potentialAction":[{"@type":"ReadAction","target":["https:\/\/www.incredible-tours.hr\/en\/putovanja\/netaknuta-ljepota-jadranskih-otoka-np-brijuni-pula\/"]}]},{"@type":"ImageObject","inLanguage":"en-US","@id":"https:\/\/www.incredible-tours.hr\/en\/putovanja\/netaknuta-ljepota-jadranskih-otoka-np-brijuni-pula\/#primaryimage","url":"https:\/\/www.incredible-tours.hr\/wp-content\/uploads\/2024\/03\/174650708_523086819070233_5435573964024310281_n.webp","contentUrl":"https:\/\/www.incredible-tours.hr\/wp-content\/uploads\/2024\/03\/174650708_523086819070233_5435573964024310281_n.webp","width":1920,"height":1438},{"@type":"BreadcrumbList","@id":"https:\/\/www.incredible-tours.hr\/en\/putovanja\/netaknuta-ljepota-jadranskih-otoka-np-brijuni-pula\/#breadcrumb","itemListElement":[{"@type":"ListItem","position":1,"name":"Po\u010detna stranica","item":"https:\/\/www.incredible-tours.hr\/en\/incredible-croatia-tours\/"},{"@type":"ListItem","position":2,"name":"Shop","item":"https:\/\/www.incredible-tours.hr\/en\/shop\/"},{"@type":"ListItem","position":3,"name":"Netaknuta ljepota jadranskih otoka: NP BRIJUNI &#038; PULA"}]},{"@type":"WebSite","@id":"https:\/\/www.incredible-tours.hr\/en\/#website","url":"https:\/\/www.incredible-tours.hr\/en\/","name":"Incredible Croatia Tours","description":"Izleti i Putovanja","potentialAction":[{"@type":"SearchAction","target":{"@type":"EntryPoint","urlTemplate":"https:\/\/www.incredible-tours.hr\/en\/?s={search_term_string}"},"query-input":{"@type":"PropertyValueSpecification","valueRequired":true,"valueName":"search_term_string"}}],"inLanguage":"en-US"}]}},"_links":{"self":[{"href":"https:\/\/www.incredible-tours.hr\/en\/wp-json\/wp\/v2\/product\/2889","targetHints":{"allow":["GET"]}}],"collection":[{"href":"https:\/\/www.incredible-tours.hr\/en\/wp-json\/wp\/v2\/product"}],"about":[{"href":"https:\/\/www.incredible-tours.hr\/en\/wp-json\/wp\/v2\/types\/product"}],"replies":[{"embeddable":true,"href":"https:\/\/www.incredible-tours.hr\/en\/wp-json\/wp\/v2\/comments?post=2889"}],"wp:featuredmedia":[{"embeddable":true,"href":"https:\/\/www.incredible-tours.hr\/en\/wp-json\/wp\/v2\/media\/2890"}],"wp:attachment":[{"href":"https:\/\/www.incredible-tours.hr\/en\/wp-json\/wp\/v2\/media?parent=2889"}],"wp:term":[{"taxonomy":"product_brand","embeddable":true,"href":"https:\/\/www.incredible-tours.hr\/en\/wp-json\/wp\/v2\/product_brand?post=2889"},{"taxonomy":"product_cat","embeddable":true,"href":"https:\/\/www.incredible-tours.hr\/en\/wp-json\/wp\/v2\/product_cat?post=2889"},{"taxonomy":"product_tag","embeddable":true,"href":"https:\/\/www.incredible-tours.hr\/en\/wp-json\/wp\/v2\/product_tag?post=2889"}],"curies":[{"name":"wp","href":"https:\/\/api.w.org\/{rel}","templated":true}]}}