{"id":2897,"date":"2024-03-27T14:23:15","date_gmt":"2024-03-27T14:23:15","guid":{"rendered":"https:\/\/www.incredible-tours.hr\/?post_type=product&#038;p=2897"},"modified":"2024-03-27T14:23:15","modified_gmt":"2024-03-27T14:23:15","slug":"najljepse-vinske-ceste-wine-walk-baranja","status":"publish","type":"product","link":"https:\/\/www.incredible-tours.hr\/en\/putovanja\/najljepse-vinske-ceste-wine-walk-baranja\/","title":{"rendered":"NAJLJEP\u0160E VINSKE CESTE: Wine &#038; Walk BARANJA"},"content":{"rendered":"<p>U Baranji je sve u znaku vina, pa i sam njezin naziv na ma\u0111arskom zna\u010di\u00a0<strong><em>vinska majka<\/em><\/strong>\u00a0bor \u2013 vino i anya \u2013 majka.<\/p>\n<p>Prijavite se na najuzbudljiviju \u0161etnju svog \u017eivota. U potrazi za vinarima i njihovim vrhunskim kapljicama, upoznajte Baranju kakvu jo\u0161 niste vidjeli. Staza duga 14 km prote\u017ee se \u201dbaranjskom planinom\u201d, divnim vinogradima i rodnim poljima, a na njoj vas o\u010dekuje 13 postaja s najboljim kapljicama i baranjskim delicijama.<\/p>\n<p>[<em>Fotografije: Nenad Mili\u0107, Turisti\u010dke pri\u010de.hr, TZ Baranja<\/em>]<\/p>\n<h5 id=\"scroll-description\" class=\"font-size-21 font-weight-bold text-dark mb-3\">Paket uklju\u010duje:<\/h5>\n<div class=\"\">\n<ul>\n<li class=\"flex-horizontal-center mb-3 text-gray-1\"><i class=\"lnr lnr-bus mr-3 font-size-16 text-primary\"><\/i>Prijevoz autobusom visoke turisti\u010dke klase (TV, video, klima) na relaciji \u010cakovec \u2013 Baranja \u2013 \u010cakovec<\/li>\n<li class=\"flex-horizontal-center mb-3 text-gray-1\"><i class=\"flaticon-tickets mr-3 font-size-16 text-primary\"><\/i>Kotizaciju za Wine &amp; Walk Baranja<\/li>\n<li class=\"flex-horizontal-center mb-3 text-gray-1\"><i class=\"flaticon-backpack mr-3 font-size-16 text-primary\"><\/i>Paket: vinska \u010da\u0161a, \u0161e\u0161ir, ruksak, karta, vau\u010der za degustacije vina na 13 lokacija + 6 gastro lokacija, turisti\u010dki vodi\u010d<\/li>\n<li class=\"flex-horizontal-center mb-3 text-gray-1\"><i class=\"flaticon-global mr-3 font-size-16 text-primary\"><\/i>Razgled s voditeljem putovanja<\/li>\n<li class=\"flex-horizontal-center mb-3 text-gray-1\"><i class=\"flaticon-tickets mr-3 font-size-16 text-primary\"><\/i>Wine Afterparty u vinogradima<\/li>\n<li class=\"flex-horizontal-center mb-3 text-gray-1\"><i class=\"flaticon-user mr-3 font-size-16 text-primary\"><\/i>Licenciranog turisti\u010dkog pratitelja<\/li>\n<li class=\"flex-horizontal-center mb-3 text-gray-1\"><i class=\"flaticon-password mr-3 font-size-16 text-primary\"><\/i>Osiguranje jam\u010devine i osiguranje od odgovornosti organizatora paket aran\u017emana<\/li>\n<li class=\"flex-horizontal-center mb-3 text-gray-1\"><i class=\"lnr lnr-checkmark-circle mr-3 font-size-16 text-primary\"><\/i>Organizaciju i realizaciju putovanja<\/li>\n<\/ul>\n<\/div>\n","protected":false},"excerpt":{"rendered":"<p>Polazak: Prelog, \u010cakovec, Vara\u017edin, Zagreb<\/p>\n","protected":false},"featured_media":2898,"comment_status":"open","ping_status":"closed","template":"","meta":{"_acf_changed":false},"product_brand":[],"product_cat":[119,94,99],"product_tag":[],"class_list":{"0":"post-2897","1":"product","2":"type-product","3":"status-publish","4":"has-post-thumbnail","6":"product_cat-hrvatska-jednodnevni-izleti","7":"product_cat-izleti","8":"product_cat-jednodnevni-izleti","10":"first","11":"instock","12":"shipping-taxable","13":"purchasable","14":"product-type-simple"},"ams_default_variation_id":0,"ams_product_points_reward":[],"ams_product_discount_percentage":0,"ams_price_to_display":90,"acf":[],"ams_acf":[{"key":"google_maps","label":"google maps","value":"<iframe src=\"https:\/\/www.google.com\/maps\/embed?pb=!1m18!1m12!1m3!1d1199097.7329026982!2d17.473253347163908!3d46.2616630829021!2m3!1f0!2f0!3f0!3m2!1i1024!2i768!4f13.1!3m3!1m2!1s0x475cdb5a433097f1%3A0x7a1f6190a5dd821e!2sBaranya!5e0!3m2!1shr!2shr!4v1711549261326!5m2!1shr!2shr\" width=\"100%\" height=\"450\" style=\"border:0;\" allowfullscreen=\"\" loading=\"lazy\" referrerpolicy=\"no-referrer-when-downgrade\"><\/iframe>"}],"yoast_head":"<!-- This site is optimized with the Yoast SEO plugin v25.3 - https:\/\/yoast.com\/wordpress\/plugins\/seo\/ -->\n<title>NAJLJEP\u0160E VINSKE CESTE: Wine &amp; Walk BARANJA - Incredible Croatia Tours<\/title>\n<meta name=\"robots\" content=\"index, follow, max-snippet:-1, max-image-preview:large, max-video-preview:-1\" \/>\n<link rel=\"canonical\" href=\"https:\/\/www.incredible-tours.hr\/en\/putovanja\/najljepse-vinske-ceste-wine-walk-baranja\/\" \/>\n<meta property=\"og:locale\" content=\"en_US\" \/>\n<meta property=\"og:type\" content=\"article\" \/>\n<meta property=\"og:title\" content=\"NAJLJEP\u0160E VINSKE CESTE: Wine &amp; Walk BARANJA - Incredible Croatia Tours\" \/>\n<meta property=\"og:description\" content=\"Polazak: Prelog, \u010cakovec, Vara\u017edin, Zagreb\" \/>\n<meta property=\"og:url\" content=\"https:\/\/www.incredible-tours.hr\/en\/putovanja\/najljepse-vinske-ceste-wine-walk-baranja\/\" \/>\n<meta property=\"og:site_name\" content=\"Incredible Croatia Tours\" \/>\n<meta property=\"og:image\" content=\"https:\/\/www.incredible-tours.hr\/wp-content\/uploads\/2024\/03\/BARANJA-foto-Nenad-Milic-1600x1000-2-e1683226179356.webp\" \/>\n\t<meta property=\"og:image:width\" content=\"1000\" \/>\n\t<meta property=\"og:image:height\" content=\"1000\" \/>\n\t<meta property=\"og:image:type\" content=\"image\/webp\" \/>\n<meta name=\"twitter:card\" content=\"summary_large_image\" \/>\n<meta name=\"twitter:label1\" content=\"Est. reading time\" \/>\n\t<meta name=\"twitter:data1\" content=\"1 minute\" \/>\n<script type=\"application\/ld+json\" class=\"yoast-schema-graph\">{\"@context\":\"https:\/\/schema.org\",\"@graph\":[{\"@type\":\"WebPage\",\"@id\":\"https:\/\/www.incredible-tours.hr\/en\/putovanja\/najljepse-vinske-ceste-wine-walk-baranja\/\",\"url\":\"https:\/\/www.incredible-tours.hr\/en\/putovanja\/najljepse-vinske-ceste-wine-walk-baranja\/\",\"name\":\"NAJLJEP\u0160E VINSKE CESTE: Wine & Walk BARANJA - Incredible Croatia Tours\",\"isPartOf\":{\"@id\":\"https:\/\/www.incredible-tours.hr\/en\/#website\"},\"primaryImageOfPage\":{\"@id\":\"https:\/\/www.incredible-tours.hr\/en\/putovanja\/najljepse-vinske-ceste-wine-walk-baranja\/#primaryimage\"},\"image\":{\"@id\":\"https:\/\/www.incredible-tours.hr\/en\/putovanja\/najljepse-vinske-ceste-wine-walk-baranja\/#primaryimage\"},\"thumbnailUrl\":\"https:\/\/www.incredible-tours.hr\/wp-content\/uploads\/2024\/03\/BARANJA-foto-Nenad-Milic-1600x1000-2-e1683226179356.webp\",\"datePublished\":\"2024-03-27T14:23:15+00:00\",\"breadcrumb\":{\"@id\":\"https:\/\/www.incredible-tours.hr\/en\/putovanja\/najljepse-vinske-ceste-wine-walk-baranja\/#breadcrumb\"},\"inLanguage\":\"en-US\",\"potentialAction\":[{\"@type\":\"ReadAction\",\"target\":[\"https:\/\/www.incredible-tours.hr\/en\/putovanja\/najljepse-vinske-ceste-wine-walk-baranja\/\"]}]},{\"@type\":\"ImageObject\",\"inLanguage\":\"en-US\",\"@id\":\"https:\/\/www.incredible-tours.hr\/en\/putovanja\/najljepse-vinske-ceste-wine-walk-baranja\/#primaryimage\",\"url\":\"https:\/\/www.incredible-tours.hr\/wp-content\/uploads\/2024\/03\/BARANJA-foto-Nenad-Milic-1600x1000-2-e1683226179356.webp\",\"contentUrl\":\"https:\/\/www.incredible-tours.hr\/wp-content\/uploads\/2024\/03\/BARANJA-foto-Nenad-Milic-1600x1000-2-e1683226179356.webp\",\"width\":1000,\"height\":1000},{\"@type\":\"BreadcrumbList\",\"@id\":\"https:\/\/www.incredible-tours.hr\/en\/putovanja\/najljepse-vinske-ceste-wine-walk-baranja\/#breadcrumb\",\"itemListElement\":[{\"@type\":\"ListItem\",\"position\":1,\"name\":\"Po\u010detna stranica\",\"item\":\"https:\/\/www.incredible-tours.hr\/en\/incredible-croatia-tours\/\"},{\"@type\":\"ListItem\",\"position\":2,\"name\":\"Shop\",\"item\":\"https:\/\/www.incredible-tours.hr\/en\/shop\/\"},{\"@type\":\"ListItem\",\"position\":3,\"name\":\"NAJLJEP\u0160E VINSKE CESTE: Wine &#038; Walk BARANJA\"}]},{\"@type\":\"WebSite\",\"@id\":\"https:\/\/www.incredible-tours.hr\/en\/#website\",\"url\":\"https:\/\/www.incredible-tours.hr\/en\/\",\"name\":\"Incredible Croatia Tours\",\"description\":\"Izleti i Putovanja\",\"potentialAction\":[{\"@type\":\"SearchAction\",\"target\":{\"@type\":\"EntryPoint\",\"urlTemplate\":\"https:\/\/www.incredible-tours.hr\/en\/?s={search_term_string}\"},\"query-input\":{\"@type\":\"PropertyValueSpecification\",\"valueRequired\":true,\"valueName\":\"search_term_string\"}}],\"inLanguage\":\"en-US\"}]}<\/script>\n<!-- \/ Yoast SEO plugin. -->","yoast_head_json":{"title":"NAJLJEP\u0160E VINSKE CESTE: Wine & Walk BARANJA - Incredible Croatia Tours","robots":{"index":"index","follow":"follow","max-snippet":"max-snippet:-1","max-image-preview":"max-image-preview:large","max-video-preview":"max-video-preview:-1"},"canonical":"https:\/\/www.incredible-tours.hr\/en\/putovanja\/najljepse-vinske-ceste-wine-walk-baranja\/","og_locale":"en_US","og_type":"article","og_title":"NAJLJEP\u0160E VINSKE CESTE: Wine & Walk BARANJA - Incredible Croatia Tours","og_description":"Polazak: Prelog, \u010cakovec, Vara\u017edin, Zagreb","og_url":"https:\/\/www.incredible-tours.hr\/en\/putovanja\/najljepse-vinske-ceste-wine-walk-baranja\/","og_site_name":"Incredible Croatia Tours","og_image":[{"width":1000,"height":1000,"url":"https:\/\/www.incredible-tours.hr\/wp-content\/uploads\/2024\/03\/BARANJA-foto-Nenad-Milic-1600x1000-2-e1683226179356.webp","type":"image\/webp"}],"twitter_card":"summary_large_image","twitter_misc":{"Est. reading time":"1 minute"},"schema":{"@context":"https:\/\/schema.org","@graph":[{"@type":"WebPage","@id":"https:\/\/www.incredible-tours.hr\/en\/putovanja\/najljepse-vinske-ceste-wine-walk-baranja\/","url":"https:\/\/www.incredible-tours.hr\/en\/putovanja\/najljepse-vinske-ceste-wine-walk-baranja\/","name":"NAJLJEP\u0160E VINSKE CESTE: Wine & Walk BARANJA - Incredible Croatia Tours","isPartOf":{"@id":"https:\/\/www.incredible-tours.hr\/en\/#website"},"primaryImageOfPage":{"@id":"https:\/\/www.incredible-tours.hr\/en\/putovanja\/najljepse-vinske-ceste-wine-walk-baranja\/#primaryimage"},"image":{"@id":"https:\/\/www.incredible-tours.hr\/en\/putovanja\/najljepse-vinske-ceste-wine-walk-baranja\/#primaryimage"},"thumbnailUrl":"https:\/\/www.incredible-tours.hr\/wp-content\/uploads\/2024\/03\/BARANJA-foto-Nenad-Milic-1600x1000-2-e1683226179356.webp","datePublished":"2024-03-27T14:23:15+00:00","breadcrumb":{"@id":"https:\/\/www.incredible-tours.hr\/en\/putovanja\/najljepse-vinske-ceste-wine-walk-baranja\/#breadcrumb"},"inLanguage":"en-US","potentialAction":[{"@type":"ReadAction","target":["https:\/\/www.incredible-tours.hr\/en\/putovanja\/najljepse-vinske-ceste-wine-walk-baranja\/"]}]},{"@type":"ImageObject","inLanguage":"en-US","@id":"https:\/\/www.incredible-tours.hr\/en\/putovanja\/najljepse-vinske-ceste-wine-walk-baranja\/#primaryimage","url":"https:\/\/www.incredible-tours.hr\/wp-content\/uploads\/2024\/03\/BARANJA-foto-Nenad-Milic-1600x1000-2-e1683226179356.webp","contentUrl":"https:\/\/www.incredible-tours.hr\/wp-content\/uploads\/2024\/03\/BARANJA-foto-Nenad-Milic-1600x1000-2-e1683226179356.webp","width":1000,"height":1000},{"@type":"BreadcrumbList","@id":"https:\/\/www.incredible-tours.hr\/en\/putovanja\/najljepse-vinske-ceste-wine-walk-baranja\/#breadcrumb","itemListElement":[{"@type":"ListItem","position":1,"name":"Po\u010detna stranica","item":"https:\/\/www.incredible-tours.hr\/en\/incredible-croatia-tours\/"},{"@type":"ListItem","position":2,"name":"Shop","item":"https:\/\/www.incredible-tours.hr\/en\/shop\/"},{"@type":"ListItem","position":3,"name":"NAJLJEP\u0160E VINSKE CESTE: Wine &#038; Walk BARANJA"}]},{"@type":"WebSite","@id":"https:\/\/www.incredible-tours.hr\/en\/#website","url":"https:\/\/www.incredible-tours.hr\/en\/","name":"Incredible Croatia Tours","description":"Izleti i Putovanja","potentialAction":[{"@type":"SearchAction","target":{"@type":"EntryPoint","urlTemplate":"https:\/\/www.incredible-tours.hr\/en\/?s={search_term_string}"},"query-input":{"@type":"PropertyValueSpecification","valueRequired":true,"valueName":"search_term_string"}}],"inLanguage":"en-US"}]}},"_links":{"self":[{"href":"https:\/\/www.incredible-tours.hr\/en\/wp-json\/wp\/v2\/product\/2897","targetHints":{"allow":["GET"]}}],"collection":[{"href":"https:\/\/www.incredible-tours.hr\/en\/wp-json\/wp\/v2\/product"}],"about":[{"href":"https:\/\/www.incredible-tours.hr\/en\/wp-json\/wp\/v2\/types\/product"}],"replies":[{"embeddable":true,"href":"https:\/\/www.incredible-tours.hr\/en\/wp-json\/wp\/v2\/comments?post=2897"}],"wp:featuredmedia":[{"embeddable":true,"href":"https:\/\/www.incredible-tours.hr\/en\/wp-json\/wp\/v2\/media\/2898"}],"wp:attachment":[{"href":"https:\/\/www.incredible-tours.hr\/en\/wp-json\/wp\/v2\/media?parent=2897"}],"wp:term":[{"taxonomy":"product_brand","embeddable":true,"href":"https:\/\/www.incredible-tours.hr\/en\/wp-json\/wp\/v2\/product_brand?post=2897"},{"taxonomy":"product_cat","embeddable":true,"href":"https:\/\/www.incredible-tours.hr\/en\/wp-json\/wp\/v2\/product_cat?post=2897"},{"taxonomy":"product_tag","embeddable":true,"href":"https:\/\/www.incredible-tours.hr\/en\/wp-json\/wp\/v2\/product_tag?post=2897"}],"curies":[{"name":"wp","href":"https:\/\/api.w.org\/{rel}","templated":true}]}}