{"id":2910,"date":"2024-03-27T14:33:40","date_gmt":"2024-03-27T14:33:40","guid":{"rendered":"https:\/\/www.incredible-tours.hr\/?post_type=product&#038;p=2910"},"modified":"2024-03-27T14:38:38","modified_gmt":"2024-03-27T14:38:38","slug":"ljetovanje-na-jadranu-7-dana-u-top-hotelu-s-bazenom-100-metara-od-mora","status":"publish","type":"product","link":"https:\/\/www.incredible-tours.hr\/en\/putovanja\/ljetovanje-na-jadranu-7-dana-u-top-hotelu-s-bazenom-100-metara-od-mora\/","title":{"rendered":"LJETOVANJE na Jadranu: 7 DANA u TOP HOTELU s bazenom, 100 metara od mora!"},"content":{"rendered":"<h4><strong>Jo\u0161 u 19. stolje\u0107u, slavni pjesnik Lord Byron napisao je kako je grad biser Jadranskog mora, a njegov kolega George Bernard Shaw jednom je rekao: \u201cTko tra\u017ei raj na zemlji, trebao bi posjetiti Dubrovnik\u201d\u2026<\/strong><\/h4>\n<p>Dubrovnik je posljednjih godina postao istaknuto turisti\u010dko sredi\u0161te na karti svijeta. Malo tko danas nije \u010duo za ovaj grad, a u prilog popularnosti mu ide i \u010dinjenica da su se upravo na njegovim ulicama snimale i neke od najpoznatijih scena u svijetu filmova i serija. Naravno, najistaknutija od njih je\u00a0<em>Game of Thrones<\/em>\u00a0(Igre prijestolja) \u010dije su se glumice i glumci iz sezone u sezonu rado vra\u0107ali u ovaj raj na Zemlji. Uz to, tko se upoznao s povije\u0161\u0107u ovog grada, mogao ga je samo jo\u0161 vi\u0161e zavoljeti jer neke stvari koje su se doga\u0111ala na ovom prostoru uistinu su hvale vrijedne i fascinantne.<\/p>\n<p><strong>Paket uklju\u010duje:<\/strong><\/p>\n<div class=\"\">\n<ol>\n<li class=\"flex-horizontal-center mb-3 text-gray-1\"><i class=\"lnr lnr-bus mr-3 font-size-16 text-primary\"><\/i>Prijevoz autobusom visoke turisti\u010dke klase na relaciji \u010cakovec \u2013 Trogir \u2013 Neum \u2013 Pelje\u0161ac \u2013 Split \u2013 \u010cakovec<\/li>\n<li class=\"flex-horizontal-center mb-3 text-gray-1\"><i class=\"flaticon-bed-1 mr-3 font-size-16 text-primary\"><\/i>\u0160est no\u0107enja u dvokrevetnim sobama, u VRHUNSKOME HOTELU s \u010detiri zvjezdice u Neumu, Booking ocjena 9.2<\/li>\n<li class=\"flex-horizontal-center mb-3 text-gray-1\"><i class=\"flaticon-dish mr-3 font-size-16 text-primary\"><\/i>\u0160est buffet doru\u010dka s pogledom na Pelje\u0161ki most<\/li>\n<li class=\"flex-horizontal-center mb-3 text-gray-1\"><i class=\"flaticon-star mr-3 font-size-16 text-primary\"><\/i>Izlet u UNESCO-ove gradove Svjetske ba\u0161tine Trogir i Split<\/li>\n<li class=\"flex-horizontal-center mb-3 text-gray-1\"><i class=\"flaticon-bathrobe mr-3 font-size-16 text-primary\"><\/i>Potpuni All Inclusive wellness u hotelu (unutarnji bazen, vanjski bazen, jacuzzi, saune)<\/li>\n<li class=\"flex-horizontal-center mb-3 text-gray-1\"><i class=\"flaticon-user mr-3 font-size-16 text-primary\"><\/i>Stru\u010dne lokalne vodi\u010de<\/li>\n<li class=\"flex-horizontal-center mb-3 text-gray-1\"><i class=\"flaticon-user mr-3 font-size-16 text-primary\"><\/i>Licenciranog turisti\u010dkog pratitelja<\/li>\n<li class=\"flex-horizontal-center mb-3 text-gray-1\"><i class=\"flaticon-password mr-3 font-size-16 text-primary\"><\/i>Osiguranje jam\u010devine i osiguranje od odgovornosti organizatora paket aran\u017emana<\/li>\n<li class=\"flex-horizontal-center mb-3 text-gray-1\"><i class=\"lnr lnr-checkmark-circle mr-3 font-size-16 text-primary\"><\/i>Organizaciju i realizaciju putovanja<\/li>\n<\/ol>\n<\/div>\n","protected":false},"excerpt":{"rendered":"<p>Neum, Bosna i Hercegovina<\/p>\n","protected":false},"featured_media":2911,"comment_status":"open","ping_status":"closed","template":"","meta":{"_acf_changed":false},"product_brand":[],"product_cat":[121,94,120],"product_tag":[],"class_list":{"0":"post-2910","1":"product","2":"type-product","3":"status-publish","4":"has-post-thumbnail","6":"product_cat-hrvatska-visednevni-izleti","7":"product_cat-izleti","8":"product_cat-visednevni-izleti","10":"first","11":"instock","12":"shipping-taxable","13":"purchasable","14":"product-type-simple"},"ams_default_variation_id":0,"ams_product_points_reward":[],"ams_product_discount_percentage":0,"ams_price_to_display":499,"acf":[],"ams_acf":[{"key":"google_maps","label":"google maps","value":"<iframe src=\"https:\/\/www.google.com\/maps\/embed?pb=!1m18!1m12!1m3!1d23372.6500042537!2d17.61458155!3d42.9238717!2m3!1f0!2f0!3f0!3m2!1i1024!2i768!4f13.1!3m3!1m2!1s0x134ba3b4aab29f65%3A0x95ae338be172b3a!2sNeum%2C%20Bosna%20i%20Hercegovina!5e0!3m2!1shr!2shr!4v1711550132085!5m2!1shr!2shr\" width=\"100%\" height=\"450\" style=\"border:0;\" allowfullscreen=\"\" loading=\"lazy\" referrerpolicy=\"no-referrer-when-downgrade\"><\/iframe>"}],"yoast_head":"<!-- This site is optimized with the Yoast SEO plugin v25.3 - https:\/\/yoast.com\/wordpress\/plugins\/seo\/ -->\n<title>LJETOVANJE na Jadranu: 7 DANA u TOP HOTELU s bazenom, 100 metara od mora! - Incredible Croatia Tours<\/title>\n<meta name=\"robots\" content=\"index, follow, max-snippet:-1, max-image-preview:large, max-video-preview:-1\" \/>\n<link rel=\"canonical\" href=\"https:\/\/www.incredible-tours.hr\/en\/putovanja\/ljetovanje-na-jadranu-7-dana-u-top-hotelu-s-bazenom-100-metara-od-mora\/\" \/>\n<meta property=\"og:locale\" content=\"en_US\" \/>\n<meta property=\"og:type\" content=\"article\" \/>\n<meta property=\"og:title\" content=\"LJETOVANJE na Jadranu: 7 DANA u TOP HOTELU s bazenom, 100 metara od mora! - Incredible Croatia Tours\" \/>\n<meta property=\"og:description\" content=\"Neum, Bosna i Hercegovina\" \/>\n<meta property=\"og:url\" content=\"https:\/\/www.incredible-tours.hr\/en\/putovanja\/ljetovanje-na-jadranu-7-dana-u-top-hotelu-s-bazenom-100-metara-od-mora\/\" \/>\n<meta property=\"og:site_name\" content=\"Incredible Croatia Tours\" \/>\n<meta property=\"article:modified_time\" content=\"2024-03-27T14:38:38+00:00\" \/>\n<meta property=\"og:image\" content=\"https:\/\/www.incredible-tours.hr\/wp-content\/uploads\/2024\/03\/IMG_5995.webp\" \/>\n\t<meta property=\"og:image:width\" content=\"1920\" \/>\n\t<meta property=\"og:image:height\" content=\"1280\" \/>\n\t<meta property=\"og:image:type\" content=\"image\/webp\" \/>\n<meta name=\"twitter:card\" content=\"summary_large_image\" \/>\n<meta name=\"twitter:label1\" content=\"Est. reading time\" \/>\n\t<meta name=\"twitter:data1\" content=\"1 minute\" \/>\n<script type=\"application\/ld+json\" class=\"yoast-schema-graph\">{\"@context\":\"https:\/\/schema.org\",\"@graph\":[{\"@type\":\"WebPage\",\"@id\":\"https:\/\/www.incredible-tours.hr\/en\/putovanja\/ljetovanje-na-jadranu-7-dana-u-top-hotelu-s-bazenom-100-metara-od-mora\/\",\"url\":\"https:\/\/www.incredible-tours.hr\/en\/putovanja\/ljetovanje-na-jadranu-7-dana-u-top-hotelu-s-bazenom-100-metara-od-mora\/\",\"name\":\"LJETOVANJE na Jadranu: 7 DANA u TOP HOTELU s bazenom, 100 metara od mora! - Incredible Croatia Tours\",\"isPartOf\":{\"@id\":\"https:\/\/www.incredible-tours.hr\/en\/#website\"},\"primaryImageOfPage\":{\"@id\":\"https:\/\/www.incredible-tours.hr\/en\/putovanja\/ljetovanje-na-jadranu-7-dana-u-top-hotelu-s-bazenom-100-metara-od-mora\/#primaryimage\"},\"image\":{\"@id\":\"https:\/\/www.incredible-tours.hr\/en\/putovanja\/ljetovanje-na-jadranu-7-dana-u-top-hotelu-s-bazenom-100-metara-od-mora\/#primaryimage\"},\"thumbnailUrl\":\"https:\/\/www.incredible-tours.hr\/wp-content\/uploads\/2024\/03\/IMG_5995.webp\",\"datePublished\":\"2024-03-27T14:33:40+00:00\",\"dateModified\":\"2024-03-27T14:38:38+00:00\",\"breadcrumb\":{\"@id\":\"https:\/\/www.incredible-tours.hr\/en\/putovanja\/ljetovanje-na-jadranu-7-dana-u-top-hotelu-s-bazenom-100-metara-od-mora\/#breadcrumb\"},\"inLanguage\":\"en-US\",\"potentialAction\":[{\"@type\":\"ReadAction\",\"target\":[\"https:\/\/www.incredible-tours.hr\/en\/putovanja\/ljetovanje-na-jadranu-7-dana-u-top-hotelu-s-bazenom-100-metara-od-mora\/\"]}]},{\"@type\":\"ImageObject\",\"inLanguage\":\"en-US\",\"@id\":\"https:\/\/www.incredible-tours.hr\/en\/putovanja\/ljetovanje-na-jadranu-7-dana-u-top-hotelu-s-bazenom-100-metara-od-mora\/#primaryimage\",\"url\":\"https:\/\/www.incredible-tours.hr\/wp-content\/uploads\/2024\/03\/IMG_5995.webp\",\"contentUrl\":\"https:\/\/www.incredible-tours.hr\/wp-content\/uploads\/2024\/03\/IMG_5995.webp\",\"width\":1920,\"height\":1280},{\"@type\":\"BreadcrumbList\",\"@id\":\"https:\/\/www.incredible-tours.hr\/en\/putovanja\/ljetovanje-na-jadranu-7-dana-u-top-hotelu-s-bazenom-100-metara-od-mora\/#breadcrumb\",\"itemListElement\":[{\"@type\":\"ListItem\",\"position\":1,\"name\":\"Po\u010detna stranica\",\"item\":\"https:\/\/www.incredible-tours.hr\/en\/incredible-croatia-tours\/\"},{\"@type\":\"ListItem\",\"position\":2,\"name\":\"Shop\",\"item\":\"https:\/\/www.incredible-tours.hr\/en\/shop\/\"},{\"@type\":\"ListItem\",\"position\":3,\"name\":\"LJETOVANJE na Jadranu: 7 DANA u TOP HOTELU s bazenom, 100 metara od mora!\"}]},{\"@type\":\"WebSite\",\"@id\":\"https:\/\/www.incredible-tours.hr\/en\/#website\",\"url\":\"https:\/\/www.incredible-tours.hr\/en\/\",\"name\":\"Incredible Croatia Tours\",\"description\":\"Izleti i Putovanja\",\"potentialAction\":[{\"@type\":\"SearchAction\",\"target\":{\"@type\":\"EntryPoint\",\"urlTemplate\":\"https:\/\/www.incredible-tours.hr\/en\/?s={search_term_string}\"},\"query-input\":{\"@type\":\"PropertyValueSpecification\",\"valueRequired\":true,\"valueName\":\"search_term_string\"}}],\"inLanguage\":\"en-US\"}]}<\/script>\n<!-- \/ Yoast SEO plugin. -->","yoast_head_json":{"title":"LJETOVANJE na Jadranu: 7 DANA u TOP HOTELU s bazenom, 100 metara od mora! - Incredible Croatia Tours","robots":{"index":"index","follow":"follow","max-snippet":"max-snippet:-1","max-image-preview":"max-image-preview:large","max-video-preview":"max-video-preview:-1"},"canonical":"https:\/\/www.incredible-tours.hr\/en\/putovanja\/ljetovanje-na-jadranu-7-dana-u-top-hotelu-s-bazenom-100-metara-od-mora\/","og_locale":"en_US","og_type":"article","og_title":"LJETOVANJE na Jadranu: 7 DANA u TOP HOTELU s bazenom, 100 metara od mora! - Incredible Croatia Tours","og_description":"Neum, Bosna i Hercegovina","og_url":"https:\/\/www.incredible-tours.hr\/en\/putovanja\/ljetovanje-na-jadranu-7-dana-u-top-hotelu-s-bazenom-100-metara-od-mora\/","og_site_name":"Incredible Croatia Tours","article_modified_time":"2024-03-27T14:38:38+00:00","og_image":[{"width":1920,"height":1280,"url":"https:\/\/www.incredible-tours.hr\/wp-content\/uploads\/2024\/03\/IMG_5995.webp","type":"image\/webp"}],"twitter_card":"summary_large_image","twitter_misc":{"Est. reading time":"1 minute"},"schema":{"@context":"https:\/\/schema.org","@graph":[{"@type":"WebPage","@id":"https:\/\/www.incredible-tours.hr\/en\/putovanja\/ljetovanje-na-jadranu-7-dana-u-top-hotelu-s-bazenom-100-metara-od-mora\/","url":"https:\/\/www.incredible-tours.hr\/en\/putovanja\/ljetovanje-na-jadranu-7-dana-u-top-hotelu-s-bazenom-100-metara-od-mora\/","name":"LJETOVANJE na Jadranu: 7 DANA u TOP HOTELU s bazenom, 100 metara od mora! - Incredible Croatia Tours","isPartOf":{"@id":"https:\/\/www.incredible-tours.hr\/en\/#website"},"primaryImageOfPage":{"@id":"https:\/\/www.incredible-tours.hr\/en\/putovanja\/ljetovanje-na-jadranu-7-dana-u-top-hotelu-s-bazenom-100-metara-od-mora\/#primaryimage"},"image":{"@id":"https:\/\/www.incredible-tours.hr\/en\/putovanja\/ljetovanje-na-jadranu-7-dana-u-top-hotelu-s-bazenom-100-metara-od-mora\/#primaryimage"},"thumbnailUrl":"https:\/\/www.incredible-tours.hr\/wp-content\/uploads\/2024\/03\/IMG_5995.webp","datePublished":"2024-03-27T14:33:40+00:00","dateModified":"2024-03-27T14:38:38+00:00","breadcrumb":{"@id":"https:\/\/www.incredible-tours.hr\/en\/putovanja\/ljetovanje-na-jadranu-7-dana-u-top-hotelu-s-bazenom-100-metara-od-mora\/#breadcrumb"},"inLanguage":"en-US","potentialAction":[{"@type":"ReadAction","target":["https:\/\/www.incredible-tours.hr\/en\/putovanja\/ljetovanje-na-jadranu-7-dana-u-top-hotelu-s-bazenom-100-metara-od-mora\/"]}]},{"@type":"ImageObject","inLanguage":"en-US","@id":"https:\/\/www.incredible-tours.hr\/en\/putovanja\/ljetovanje-na-jadranu-7-dana-u-top-hotelu-s-bazenom-100-metara-od-mora\/#primaryimage","url":"https:\/\/www.incredible-tours.hr\/wp-content\/uploads\/2024\/03\/IMG_5995.webp","contentUrl":"https:\/\/www.incredible-tours.hr\/wp-content\/uploads\/2024\/03\/IMG_5995.webp","width":1920,"height":1280},{"@type":"BreadcrumbList","@id":"https:\/\/www.incredible-tours.hr\/en\/putovanja\/ljetovanje-na-jadranu-7-dana-u-top-hotelu-s-bazenom-100-metara-od-mora\/#breadcrumb","itemListElement":[{"@type":"ListItem","position":1,"name":"Po\u010detna stranica","item":"https:\/\/www.incredible-tours.hr\/en\/incredible-croatia-tours\/"},{"@type":"ListItem","position":2,"name":"Shop","item":"https:\/\/www.incredible-tours.hr\/en\/shop\/"},{"@type":"ListItem","position":3,"name":"LJETOVANJE na Jadranu: 7 DANA u TOP HOTELU s bazenom, 100 metara od mora!"}]},{"@type":"WebSite","@id":"https:\/\/www.incredible-tours.hr\/en\/#website","url":"https:\/\/www.incredible-tours.hr\/en\/","name":"Incredible Croatia Tours","description":"Izleti i Putovanja","potentialAction":[{"@type":"SearchAction","target":{"@type":"EntryPoint","urlTemplate":"https:\/\/www.incredible-tours.hr\/en\/?s={search_term_string}"},"query-input":{"@type":"PropertyValueSpecification","valueRequired":true,"valueName":"search_term_string"}}],"inLanguage":"en-US"}]}},"_links":{"self":[{"href":"https:\/\/www.incredible-tours.hr\/en\/wp-json\/wp\/v2\/product\/2910","targetHints":{"allow":["GET"]}}],"collection":[{"href":"https:\/\/www.incredible-tours.hr\/en\/wp-json\/wp\/v2\/product"}],"about":[{"href":"https:\/\/www.incredible-tours.hr\/en\/wp-json\/wp\/v2\/types\/product"}],"replies":[{"embeddable":true,"href":"https:\/\/www.incredible-tours.hr\/en\/wp-json\/wp\/v2\/comments?post=2910"}],"wp:featuredmedia":[{"embeddable":true,"href":"https:\/\/www.incredible-tours.hr\/en\/wp-json\/wp\/v2\/media\/2911"}],"wp:attachment":[{"href":"https:\/\/www.incredible-tours.hr\/en\/wp-json\/wp\/v2\/media?parent=2910"}],"wp:term":[{"taxonomy":"product_brand","embeddable":true,"href":"https:\/\/www.incredible-tours.hr\/en\/wp-json\/wp\/v2\/product_brand?post=2910"},{"taxonomy":"product_cat","embeddable":true,"href":"https:\/\/www.incredible-tours.hr\/en\/wp-json\/wp\/v2\/product_cat?post=2910"},{"taxonomy":"product_tag","embeddable":true,"href":"https:\/\/www.incredible-tours.hr\/en\/wp-json\/wp\/v2\/product_tag?post=2910"}],"curies":[{"name":"wp","href":"https:\/\/api.w.org\/{rel}","templated":true}]}}