{"id":2955,"date":"2024-03-28T09:28:14","date_gmt":"2024-03-28T09:28:14","guid":{"rendered":"https:\/\/www.incredible-tours.hr\/?post_type=product&#038;p=2955"},"modified":"2024-05-15T10:44:20","modified_gmt":"2024-05-15T10:44:20","slug":"neradni-vikend-prvi-maj-u-sarajevu-i-mostaru-3-dana-u-hotelu-s-5","status":"publish","type":"product","link":"https:\/\/www.incredible-tours.hr\/en\/putovanja\/neradni-vikend-prvi-maj-u-sarajevu-i-mostaru-3-dana-u-hotelu-s-5\/","title":{"rendered":"NERADNI VIKEND:  Sarajevo i Mostar | 3 DANA u Hotelu s 5"},"content":{"rendered":"<p>Produ\u017eeni vikend najbolje je do\u010dekati na jednom od najpoznatijih mjesta na Balkanu. U Sarajevu se uvijek mo\u017ee do\u017eivjeti ne\u0161to novo. Ovoga puta odlu\u010dili smo uz Sarajevo i Mostar posjetiti i Travnik s vrhunskim \u0107evapima kod Harija te Jajce, grad s jedinim vodopadom u centru grada na svijetu. Hotel Hills s 5 zvjezdice uz unutarnje i vanjske bazene te mno\u0161tvo sauna garancija su dobrog provoda!<\/p>\n<p>Pro\u0161etati \u0107emo Bar\u0161\u010dar\u0161ijom, jesti poznate sarajevske \u0107evape i zabaviti se na derneku uz \u017eivu muziku.<\/p>\n<h5 id=\"scroll-description\" class=\"font-size-21 font-weight-bold text-dark mb-3\">Paket uklju\u010duje:<\/h5>\n<div class=\"ukljucuje\">\n<ul>\n<li class=\"flex-horizontal-center mb-3 text-gray-1\"><i class=\"lnr lnr-bus mr-3 font-size-16 text-primary\"><\/i>Prijevoz autobusom visoke turisti\u010dke klase (TV, video, klima) na relaciji Prelog \u2013 Sarajevo \u2013 Travnik \u2013 Jajce \u2013 Prelog<\/li>\n<li class=\"flex-horizontal-center mb-3 text-gray-1\"><i class=\"flaticon-bed-1 mr-3 font-size-16 text-primary\"><\/i>Dva no\u0107enja u SUPERIOR dvokrevetnim sobama, u Hotelu Hills 5*****<\/li>\n<li class=\"flex-horizontal-center mb-3 text-gray-1\"><i class=\"flaticon-dish mr-3 font-size-16 text-primary\"><\/i>Tradicionalni bogati jutarnji doru\u010dak<\/li>\n<li class=\"flex-horizontal-center mb-3 text-gray-1\"><i class=\"flaticon-climbing mr-3 font-size-16 text-primary\"><\/i>Posjet predivnim gradovima Travniku i Jajcu<\/li>\n<li class=\"flex-horizontal-center mb-3 text-gray-1\"><i class=\"flaticon-gym mr-3 font-size-16 text-primary\"><\/i>Kori\u0161tenje Wellness Spa Centra u hotelu \u2013 unutarnji bazeni, saune, wellness centar<\/li>\n<li class=\"flex-horizontal-center mb-3 text-gray-1\"><i class=\"flaticon-user mr-3 font-size-16 text-primary\"><\/i>Voditelja putovanja<\/li>\n<li class=\"flex-horizontal-center mb-3 text-gray-1\"><i class=\"flaticon-global mr-3 font-size-16 text-primary\"><\/i>Razgled i pratnju po programu agencije s voditeljem putovanja<\/li>\n<li class=\"flex-horizontal-center mb-3 text-gray-1\"><i class=\"flaticon-password mr-3 font-size-16 text-primary\"><\/i>Osiguranje jam\u010devine i osiguranje od odgovornosti organizatora paket aran\u017emana<\/li>\n<li class=\"flex-horizontal-center mb-3 text-gray-1\"><i class=\"lnr lnr-checkmark-circle mr-3 font-size-16 text-primary\"><\/i>Organizaciju i realizaciju putovanja<\/li>\n<\/ul>\n<\/div>\n","protected":false},"excerpt":{"rendered":"<p>Za sami po\u010detak ljeta, o\u010dekuje nas putovanje u kojem \u0107emo spojiti\u00a0<strong>turisti\u010dko-vjersko-atraktivne destinacije<\/strong>.<\/p>\n","protected":false},"featured_media":2956,"comment_status":"open","ping_status":"closed","template":"","meta":{"_acf_changed":false},"product_brand":[],"product_cat":[94,124],"product_tag":[],"class_list":{"0":"post-2955","1":"product","2":"type-product","3":"status-publish","4":"has-post-thumbnail","6":"product_cat-izleti","7":"product_cat-region","9":"first","10":"onbackorder","11":"shipping-taxable","12":"purchasable","13":"product-type-simple"},"ams_default_variation_id":0,"ams_product_points_reward":[],"ams_product_discount_percentage":0,"ams_price_to_display":160,"acf":[],"ams_acf":[{"key":"google_maps","label":"google maps","value":"<iframe src=\"https:\/\/www.google.com\/maps\/embed?pb=!1m18!1m12!1m3!1d2910.5480009093894!2d17.60552081251976!3d43.1560199710096!2m3!1f0!2f0!3f0!3m2!1i1024!2i768!4f13.1!3m3!1m2!1s0x134b0dbd11aad181%3A0xf6bd890e2045e895!2sKravica!5e0!3m2!1shr!2shr!4v1711617546606!5m2!1shr!2shr\" width=\"100%\" height=\"450\" style=\"border:0;\" allowfullscreen=\"\" loading=\"lazy\" referrerpolicy=\"no-referrer-when-downgrade\"><\/iframe>"}],"yoast_head":"<!-- This site is optimized with the Yoast SEO plugin v25.3 - https:\/\/yoast.com\/wordpress\/plugins\/seo\/ -->\n<title>NERADNI VIKEND: Sarajevo i Mostar | 3 DANA u Hotelu s 5 - Incredible Croatia Tours<\/title>\n<meta name=\"robots\" content=\"index, follow, max-snippet:-1, max-image-preview:large, max-video-preview:-1\" \/>\n<link rel=\"canonical\" href=\"https:\/\/www.incredible-tours.hr\/en\/putovanja\/neradni-vikend-prvi-maj-u-sarajevu-i-mostaru-3-dana-u-hotelu-s-5\/\" \/>\n<meta property=\"og:locale\" content=\"en_US\" \/>\n<meta property=\"og:type\" content=\"article\" \/>\n<meta property=\"og:title\" content=\"NERADNI VIKEND: Sarajevo i Mostar | 3 DANA u Hotelu s 5 - Incredible Croatia Tours\" \/>\n<meta property=\"og:description\" content=\"Za sami po\u010detak ljeta, o\u010dekuje nas putovanje u kojem \u0107emo spojiti\u00a0turisti\u010dko-vjersko-atraktivne destinacije.\" \/>\n<meta property=\"og:url\" content=\"https:\/\/www.incredible-tours.hr\/en\/putovanja\/neradni-vikend-prvi-maj-u-sarajevu-i-mostaru-3-dana-u-hotelu-s-5\/\" \/>\n<meta property=\"og:site_name\" content=\"Incredible Croatia Tours\" \/>\n<meta property=\"article:modified_time\" content=\"2024-05-15T10:44:20+00:00\" \/>\n<meta property=\"og:image\" content=\"https:\/\/www.incredible-tours.hr\/wp-content\/uploads\/2024\/03\/325641093_1202958993641824_984097110497631151_n.webp\" \/>\n\t<meta property=\"og:image:width\" content=\"1080\" \/>\n\t<meta property=\"og:image:height\" content=\"720\" \/>\n\t<meta property=\"og:image:type\" content=\"image\/webp\" \/>\n<meta name=\"twitter:card\" content=\"summary_large_image\" \/>\n<meta name=\"twitter:label1\" content=\"Est. reading time\" \/>\n\t<meta name=\"twitter:data1\" content=\"1 minute\" \/>\n<script type=\"application\/ld+json\" class=\"yoast-schema-graph\">{\"@context\":\"https:\/\/schema.org\",\"@graph\":[{\"@type\":\"WebPage\",\"@id\":\"https:\/\/www.incredible-tours.hr\/en\/putovanja\/neradni-vikend-prvi-maj-u-sarajevu-i-mostaru-3-dana-u-hotelu-s-5\/\",\"url\":\"https:\/\/www.incredible-tours.hr\/en\/putovanja\/neradni-vikend-prvi-maj-u-sarajevu-i-mostaru-3-dana-u-hotelu-s-5\/\",\"name\":\"NERADNI VIKEND: Sarajevo i Mostar | 3 DANA u Hotelu s 5 - Incredible Croatia Tours\",\"isPartOf\":{\"@id\":\"https:\/\/www.incredible-tours.hr\/en\/#website\"},\"primaryImageOfPage\":{\"@id\":\"https:\/\/www.incredible-tours.hr\/en\/putovanja\/neradni-vikend-prvi-maj-u-sarajevu-i-mostaru-3-dana-u-hotelu-s-5\/#primaryimage\"},\"image\":{\"@id\":\"https:\/\/www.incredible-tours.hr\/en\/putovanja\/neradni-vikend-prvi-maj-u-sarajevu-i-mostaru-3-dana-u-hotelu-s-5\/#primaryimage\"},\"thumbnailUrl\":\"https:\/\/www.incredible-tours.hr\/wp-content\/uploads\/2024\/03\/325641093_1202958993641824_984097110497631151_n.webp\",\"datePublished\":\"2024-03-28T09:28:14+00:00\",\"dateModified\":\"2024-05-15T10:44:20+00:00\",\"breadcrumb\":{\"@id\":\"https:\/\/www.incredible-tours.hr\/en\/putovanja\/neradni-vikend-prvi-maj-u-sarajevu-i-mostaru-3-dana-u-hotelu-s-5\/#breadcrumb\"},\"inLanguage\":\"en-US\",\"potentialAction\":[{\"@type\":\"ReadAction\",\"target\":[\"https:\/\/www.incredible-tours.hr\/en\/putovanja\/neradni-vikend-prvi-maj-u-sarajevu-i-mostaru-3-dana-u-hotelu-s-5\/\"]}]},{\"@type\":\"ImageObject\",\"inLanguage\":\"en-US\",\"@id\":\"https:\/\/www.incredible-tours.hr\/en\/putovanja\/neradni-vikend-prvi-maj-u-sarajevu-i-mostaru-3-dana-u-hotelu-s-5\/#primaryimage\",\"url\":\"https:\/\/www.incredible-tours.hr\/wp-content\/uploads\/2024\/03\/325641093_1202958993641824_984097110497631151_n.webp\",\"contentUrl\":\"https:\/\/www.incredible-tours.hr\/wp-content\/uploads\/2024\/03\/325641093_1202958993641824_984097110497631151_n.webp\",\"width\":1080,\"height\":720},{\"@type\":\"BreadcrumbList\",\"@id\":\"https:\/\/www.incredible-tours.hr\/en\/putovanja\/neradni-vikend-prvi-maj-u-sarajevu-i-mostaru-3-dana-u-hotelu-s-5\/#breadcrumb\",\"itemListElement\":[{\"@type\":\"ListItem\",\"position\":1,\"name\":\"Po\u010detna stranica\",\"item\":\"https:\/\/www.incredible-tours.hr\/en\/incredible-croatia-tours\/\"},{\"@type\":\"ListItem\",\"position\":2,\"name\":\"Shop\",\"item\":\"https:\/\/www.incredible-tours.hr\/en\/shop\/\"},{\"@type\":\"ListItem\",\"position\":3,\"name\":\"NERADNI VIKEND: Sarajevo i Mostar | 3 DANA u Hotelu s 5\"}]},{\"@type\":\"WebSite\",\"@id\":\"https:\/\/www.incredible-tours.hr\/en\/#website\",\"url\":\"https:\/\/www.incredible-tours.hr\/en\/\",\"name\":\"Incredible Croatia Tours\",\"description\":\"Izleti i Putovanja\",\"potentialAction\":[{\"@type\":\"SearchAction\",\"target\":{\"@type\":\"EntryPoint\",\"urlTemplate\":\"https:\/\/www.incredible-tours.hr\/en\/?s={search_term_string}\"},\"query-input\":{\"@type\":\"PropertyValueSpecification\",\"valueRequired\":true,\"valueName\":\"search_term_string\"}}],\"inLanguage\":\"en-US\"}]}<\/script>\n<!-- \/ Yoast SEO plugin. -->","yoast_head_json":{"title":"NERADNI VIKEND: Sarajevo i Mostar | 3 DANA u Hotelu s 5 - Incredible Croatia Tours","robots":{"index":"index","follow":"follow","max-snippet":"max-snippet:-1","max-image-preview":"max-image-preview:large","max-video-preview":"max-video-preview:-1"},"canonical":"https:\/\/www.incredible-tours.hr\/en\/putovanja\/neradni-vikend-prvi-maj-u-sarajevu-i-mostaru-3-dana-u-hotelu-s-5\/","og_locale":"en_US","og_type":"article","og_title":"NERADNI VIKEND: Sarajevo i Mostar | 3 DANA u Hotelu s 5 - Incredible Croatia Tours","og_description":"Za sami po\u010detak ljeta, o\u010dekuje nas putovanje u kojem \u0107emo spojiti\u00a0turisti\u010dko-vjersko-atraktivne destinacije.","og_url":"https:\/\/www.incredible-tours.hr\/en\/putovanja\/neradni-vikend-prvi-maj-u-sarajevu-i-mostaru-3-dana-u-hotelu-s-5\/","og_site_name":"Incredible Croatia Tours","article_modified_time":"2024-05-15T10:44:20+00:00","og_image":[{"width":1080,"height":720,"url":"https:\/\/www.incredible-tours.hr\/wp-content\/uploads\/2024\/03\/325641093_1202958993641824_984097110497631151_n.webp","type":"image\/webp"}],"twitter_card":"summary_large_image","twitter_misc":{"Est. reading time":"1 minute"},"schema":{"@context":"https:\/\/schema.org","@graph":[{"@type":"WebPage","@id":"https:\/\/www.incredible-tours.hr\/en\/putovanja\/neradni-vikend-prvi-maj-u-sarajevu-i-mostaru-3-dana-u-hotelu-s-5\/","url":"https:\/\/www.incredible-tours.hr\/en\/putovanja\/neradni-vikend-prvi-maj-u-sarajevu-i-mostaru-3-dana-u-hotelu-s-5\/","name":"NERADNI VIKEND: Sarajevo i Mostar | 3 DANA u Hotelu s 5 - Incredible Croatia Tours","isPartOf":{"@id":"https:\/\/www.incredible-tours.hr\/en\/#website"},"primaryImageOfPage":{"@id":"https:\/\/www.incredible-tours.hr\/en\/putovanja\/neradni-vikend-prvi-maj-u-sarajevu-i-mostaru-3-dana-u-hotelu-s-5\/#primaryimage"},"image":{"@id":"https:\/\/www.incredible-tours.hr\/en\/putovanja\/neradni-vikend-prvi-maj-u-sarajevu-i-mostaru-3-dana-u-hotelu-s-5\/#primaryimage"},"thumbnailUrl":"https:\/\/www.incredible-tours.hr\/wp-content\/uploads\/2024\/03\/325641093_1202958993641824_984097110497631151_n.webp","datePublished":"2024-03-28T09:28:14+00:00","dateModified":"2024-05-15T10:44:20+00:00","breadcrumb":{"@id":"https:\/\/www.incredible-tours.hr\/en\/putovanja\/neradni-vikend-prvi-maj-u-sarajevu-i-mostaru-3-dana-u-hotelu-s-5\/#breadcrumb"},"inLanguage":"en-US","potentialAction":[{"@type":"ReadAction","target":["https:\/\/www.incredible-tours.hr\/en\/putovanja\/neradni-vikend-prvi-maj-u-sarajevu-i-mostaru-3-dana-u-hotelu-s-5\/"]}]},{"@type":"ImageObject","inLanguage":"en-US","@id":"https:\/\/www.incredible-tours.hr\/en\/putovanja\/neradni-vikend-prvi-maj-u-sarajevu-i-mostaru-3-dana-u-hotelu-s-5\/#primaryimage","url":"https:\/\/www.incredible-tours.hr\/wp-content\/uploads\/2024\/03\/325641093_1202958993641824_984097110497631151_n.webp","contentUrl":"https:\/\/www.incredible-tours.hr\/wp-content\/uploads\/2024\/03\/325641093_1202958993641824_984097110497631151_n.webp","width":1080,"height":720},{"@type":"BreadcrumbList","@id":"https:\/\/www.incredible-tours.hr\/en\/putovanja\/neradni-vikend-prvi-maj-u-sarajevu-i-mostaru-3-dana-u-hotelu-s-5\/#breadcrumb","itemListElement":[{"@type":"ListItem","position":1,"name":"Po\u010detna stranica","item":"https:\/\/www.incredible-tours.hr\/en\/incredible-croatia-tours\/"},{"@type":"ListItem","position":2,"name":"Shop","item":"https:\/\/www.incredible-tours.hr\/en\/shop\/"},{"@type":"ListItem","position":3,"name":"NERADNI VIKEND: Sarajevo i Mostar | 3 DANA u Hotelu s 5"}]},{"@type":"WebSite","@id":"https:\/\/www.incredible-tours.hr\/en\/#website","url":"https:\/\/www.incredible-tours.hr\/en\/","name":"Incredible Croatia Tours","description":"Izleti i Putovanja","potentialAction":[{"@type":"SearchAction","target":{"@type":"EntryPoint","urlTemplate":"https:\/\/www.incredible-tours.hr\/en\/?s={search_term_string}"},"query-input":{"@type":"PropertyValueSpecification","valueRequired":true,"valueName":"search_term_string"}}],"inLanguage":"en-US"}]}},"_links":{"self":[{"href":"https:\/\/www.incredible-tours.hr\/en\/wp-json\/wp\/v2\/product\/2955","targetHints":{"allow":["GET"]}}],"collection":[{"href":"https:\/\/www.incredible-tours.hr\/en\/wp-json\/wp\/v2\/product"}],"about":[{"href":"https:\/\/www.incredible-tours.hr\/en\/wp-json\/wp\/v2\/types\/product"}],"replies":[{"embeddable":true,"href":"https:\/\/www.incredible-tours.hr\/en\/wp-json\/wp\/v2\/comments?post=2955"}],"wp:featuredmedia":[{"embeddable":true,"href":"https:\/\/www.incredible-tours.hr\/en\/wp-json\/wp\/v2\/media\/2956"}],"wp:attachment":[{"href":"https:\/\/www.incredible-tours.hr\/en\/wp-json\/wp\/v2\/media?parent=2955"}],"wp:term":[{"taxonomy":"product_brand","embeddable":true,"href":"https:\/\/www.incredible-tours.hr\/en\/wp-json\/wp\/v2\/product_brand?post=2955"},{"taxonomy":"product_cat","embeddable":true,"href":"https:\/\/www.incredible-tours.hr\/en\/wp-json\/wp\/v2\/product_cat?post=2955"},{"taxonomy":"product_tag","embeddable":true,"href":"https:\/\/www.incredible-tours.hr\/en\/wp-json\/wp\/v2\/product_tag?post=2955"}],"curies":[{"name":"wp","href":"https:\/\/api.w.org\/{rel}","templated":true}]}}